{"id":2136,"date":"2025-02-26T13:21:35","date_gmt":"2025-02-26T13:21:35","guid":{"rendered":"https:\/\/klinikbedarf-sport.de\/?post_type=product&#038;p=2136"},"modified":"2025-04-25T11:40:17","modified_gmt":"2025-04-25T11:40:17","slug":"biavid-baby-folgemilch-3","status":"publish","type":"product","link":"https:\/\/klinikbedarf-sport.de\/tr\/urun\/biavid-baby-folgemilch-3\/","title":{"rendered":"BIAVID BABY\u00ae devam s\u00fct\u00fc 3 - 1 kamyon (32.000 adet)"},"content":{"rendered":"<p>Bebe\u011finizin 10 ayl\u0131ktan itibaren artan enerji ve besin ihtiya\u00e7lar\u0131n\u0131 kar\u015f\u0131lamak i\u00e7in \u00f6zenle form\u00fcle edilmi\u015ftir\u00a0<strong>BIAVID BABY\u00ae Bebek S\u00fct\u00fc 3<\/strong>sa\u011fl\u0131kl\u0131 b\u00fcy\u00fcme ve geli\u015fme i\u00e7in gerekli t\u00fcm \u00f6nemli besinleri dengeli bir bi\u00e7imde sa\u011flar.<\/p>\n<p>Bebe\u011finizin bu d\u00f6nemde daha fazla hareketlilik ve ke\u015fif i\u00e7in ihtiya\u00e7 duydu\u011fu vitaminler, mineraller ve di\u011fer besinler BIAVID BABY\u00ae'nin \u00f6zel form\u00fcl\u00fcnde bir araya getirilmi\u015ftir.\u00a0<strong>BIAVID BABY\u00ae Bebek S\u00fct\u00fc 3, hijyenik kartonlarda 400 veya 800 graml\u0131k po\u015fetlerde mevcuttur<\/strong>kolay uygulama ve uzun s\u00fcreli tazelik sunar.<\/p>\n<p>\u00dcretim tarihinden itibaren\u00a0<strong>24 ay boyunca g\u00fcvenle kullan\u0131labilir<\/strong>ve b\u00f6ylece ebeveynler i\u00e7in pratik bir \u00e7\u00f6z\u00fcm sunar. BIAVID BABY\u00ae bebe\u011finizin fiziksel ve zihinsel geli\u015fiminde \u00f6nemli bir rol oynarken ayn\u0131 zamanda ba\u011f\u0131\u015f\u0131kl\u0131k sistemini de destekler.<\/p>\n<p>Bebe\u011finize her ad\u0131mda e\u015flik eden BIAVID BABY\u00ae, anne \u015fefkatini bilimsel uzmanl\u0131kla birle\u015ftirir.<\/p>","protected":false},"excerpt":{"rendered":"<div class=\"product__block__text\">\n<div class=\"woocommerce-product-details__short-description\">\n<div class=\"woocommerce-product-details__short-description\">\n<div class=\"woocommerce-product-details__short-description\">\n<div class=\"woocommerce-product-details__short-description\">\n<div class=\"woocommerce-product-details__short-description\">\n<div class=\"woocommerce-product-details__short-description\">\n<p>Bebe\u011finizin 10 ayl\u0131ktan itibaren artan enerji ve besin ihtiya\u00e7lar\u0131n\u0131 kar\u015f\u0131lamak i\u00e7in \u00f6zenle form\u00fcle edilmi\u015ftir\u00a0<strong>BIAVID BABY\u00ae Bebek S\u00fct\u00fc 3<\/strong>sa\u011fl\u0131kl\u0131 b\u00fcy\u00fcme ve geli\u015fme i\u00e7in gerekli t\u00fcm \u00f6nemli besinleri dengeli bir bi\u00e7imde sa\u011flar.<\/p>\n<h4 class=\"hide-for-guests\">\u2705 Minimum sipari\u015f miktar\u0131: 1 kamyon (32.000 adet)<\/h4>\n<h4 class=\"hide-for-guests\">\u2705 Par\u00e7a ba\u015f\u0131na fiyat (400g): \u20ac3,85 Ex Work<\/h4>\n<h4 class=\"hide-for-guests\">\u2705 Kamyon ba\u015f\u0131na toplam fiyat (400g): \u20ac123,200 Ex Work<\/h4>\n<h4 class=\"hide-for-guests\">\u2705 Par\u00e7a ba\u015f\u0131na fiyat (800g): \u20ac6,75 Ex Work<\/h4>\n<h4 class=\"hide-for-guests\">\u2705 Kamyon ba\u015f\u0131na toplam fiyat (800g): - \u20ac Ex Work<\/h4>\n<\/div>\n<\/div>\n<p>&nbsp;<\/p>\n<\/div>\n<\/div>\n<\/div>\n<\/div>\n<\/div>","protected":false},"featured_media":2249,"template":"","meta":[],"product_brand":[],"product_cat":[93],"product_tag":[],"class_list":{"0":"post-2136","1":"product","2":"type-product","3":"status-publish","4":"has-post-thumbnail","6":"product_cat-diverses","8":"first","9":"onbackorder","10":"taxable","11":"shipping-taxable","12":"purchasable","13":"product-type-variable"},"_links":{"self":[{"href":"https:\/\/klinikbedarf-sport.de\/tr\/wp-json\/wp\/v2\/product\/2136","targetHints":{"allow":["GET"]}}],"collection":[{"href":"https:\/\/klinikbedarf-sport.de\/tr\/wp-json\/wp\/v2\/product"}],"about":[{"href":"https:\/\/klinikbedarf-sport.de\/tr\/wp-json\/wp\/v2\/types\/product"}],"version-history":[{"count":16,"href":"https:\/\/klinikbedarf-sport.de\/tr\/wp-json\/wp\/v2\/product\/2136\/revisions"}],"predecessor-version":[{"id":2398,"href":"https:\/\/klinikbedarf-sport.de\/tr\/wp-json\/wp\/v2\/product\/2136\/revisions\/2398"}],"wp:featuredmedia":[{"embeddable":true,"href":"https:\/\/klinikbedarf-sport.de\/tr\/wp-json\/wp\/v2\/media\/2249"}],"wp:attachment":[{"href":"https:\/\/klinikbedarf-sport.de\/tr\/wp-json\/wp\/v2\/media?parent=2136"}],"wp:term":[{"taxonomy":"product_brand","embeddable":true,"href":"https:\/\/klinikbedarf-sport.de\/tr\/wp-json\/wp\/v2\/product_brand?post=2136"},{"taxonomy":"product_cat","embeddable":true,"href":"https:\/\/klinikbedarf-sport.de\/tr\/wp-json\/wp\/v2\/product_cat?post=2136"},{"taxonomy":"product_tag","embeddable":true,"href":"https:\/\/klinikbedarf-sport.de\/tr\/wp-json\/wp\/v2\/product_tag?post=2136"}],"curies":[{"name":"wp","href":"https:\/\/api.w.org\/{rel}","templated":true}]}}