{"id":2130,"date":"2025-02-26T13:13:26","date_gmt":"2025-02-26T13:13:26","guid":{"rendered":"https:\/\/klinikbedarf-sport.de\/?post_type=product&#038;p=2130"},"modified":"2025-04-25T11:39:37","modified_gmt":"2025-04-25T11:39:37","slug":"biavid-baby-folgemilch-2","status":"publish","type":"product","link":"https:\/\/klinikbedarf-sport.de\/tr\/urun\/biavid-baby-folgemilch-2\/","title":{"rendered":"BIAVID BABY\u00ae devam s\u00fct\u00fc 2 - 1 kamyon (32.000 adet)"},"content":{"rendered":"<p>Bebe\u011finizin 6 ila 10 ayl\u0131k geli\u015fim evresinde ihtiya\u00e7 duydu\u011fu besin maddelerinin eksiksiz ve dengeli bir \u015fekilde sa\u011flanmas\u0131\u00a0<strong>BIAVID BABY\u00ae Bebek S\u00fct\u00fc 2 <\/strong>sa\u011fl\u0131kl\u0131 b\u00fcy\u00fcme ve geli\u015fme i\u00e7in \u00f6zel olarak geli\u015ftirilmi\u015ftir. Bebe\u011finizin bu evrede artan enerji ve besin ihtiya\u00e7lar\u0131n\u0131 kar\u015f\u0131lamak i\u00e7in \u00f6zenle form\u00fcle edilen \u00fcr\u00fcn, hassas sindirim sistemine uygun olarak tasarlanm\u0131\u015ft\u0131r.<\/p>\n<p><strong>BIAVID BABY\u00ae Bebek S\u00fct\u00fc 2 hijyenik kartonlarda 400 veya 800 graml\u0131k po\u015fetlerde <\/strong>tazelik ve kullan\u0131m kolayl\u0131\u011f\u0131 sa\u011flar. \u00dcr\u00fcn\u00fcn son kullanma tarihi \u00fcretim tarihinden itibaren\u00a0<strong>24 ay boyunca <\/strong>Bu da ailelerin \u00fcr\u00fcn\u00fc g\u00fcvenle kullanmas\u0131n\u0131 sa\u011flar.<\/p>\n<p>BIAVID BABY\u00ae form\u00fclleri, bebe\u011finizin b\u00fcy\u00fcme s\u00fcrecinde ihtiya\u00e7 duydu\u011fu temel vitaminleri, mineralleri ve di\u011fer besin maddelerini i\u00e7erir. Bu e\u015fsiz form\u00fcl sadece fiziksel geli\u015fimi desteklemekle kalmaz, ayn\u0131 zamanda g\u00fc\u00e7l\u00fc bir ba\u011f\u0131\u015f\u0131kl\u0131k sistemi i\u00e7in \u00f6nemli bile\u015fenler sa\u011flar.<\/p>\n<p>Anne \u015fefkatini bilimle birle\u015ftiren BIAVID BABY\u00ae bebe\u011finize her a\u015famada e\u015flik eder.<\/p>","protected":false},"excerpt":{"rendered":"<div class=\"product__block__text\">\n<div class=\"woocommerce-product-details__short-description\">\n<div class=\"woocommerce-product-details__short-description\">\n<div class=\"woocommerce-product-details__short-description\">\n<div class=\"woocommerce-product-details__short-description\">\n<div class=\"woocommerce-product-details__short-description\">\n<p>Bebe\u011finizin 6 ila 10 ayl\u0131k geli\u015fim evresinde ihtiya\u00e7 duydu\u011fu besin maddelerinin eksiksiz ve dengeli bir \u015fekilde sa\u011flanmas\u0131\u00a0<strong>BIAVID BABY\u00ae Bebek S\u00fct\u00fc 2<\/strong>sa\u011fl\u0131kl\u0131 b\u00fcy\u00fcme ve geli\u015fme i\u00e7in \u00f6zel olarak geli\u015ftirilmi\u015ftir<\/p>\n<h4 class=\"hide-for-guests\">\u2705 Minimum sipari\u015f miktar\u0131: 1 kamyon (32.000 adet)<\/h4>\n<h4 class=\"hide-for-guests\">\u2705 Par\u00e7a ba\u015f\u0131na fiyat (400g): \u20ac3,85 Ex Work<\/h4>\n<h4 class=\"hide-for-guests\">\u2705 Kamyon ba\u015f\u0131na toplam fiyat (400g): \u20ac123,200 Ex Work<\/h4>\n<h4 class=\"hide-for-guests\">\u2705 Par\u00e7a ba\u015f\u0131na fiyat (800g): \u20ac6,75 Ex Work<\/h4>\n<h4 class=\"hide-for-guests\">\u2705 Kamyon ba\u015f\u0131na toplam fiyat (800g): - \u20ac Ex Work<\/h4>\n<\/div>\n<\/div>\n<\/div>\n<\/div>\n<\/div>\n<\/div>","protected":false},"featured_media":2248,"template":"","meta":[],"product_brand":[],"product_cat":[93],"product_tag":[],"class_list":{"0":"post-2130","1":"product","2":"type-product","3":"status-publish","4":"has-post-thumbnail","6":"product_cat-diverses","8":"first","9":"onbackorder","10":"taxable","11":"shipping-taxable","12":"purchasable","13":"product-type-variable"},"_links":{"self":[{"href":"https:\/\/klinikbedarf-sport.de\/tr\/wp-json\/wp\/v2\/product\/2130","targetHints":{"allow":["GET"]}}],"collection":[{"href":"https:\/\/klinikbedarf-sport.de\/tr\/wp-json\/wp\/v2\/product"}],"about":[{"href":"https:\/\/klinikbedarf-sport.de\/tr\/wp-json\/wp\/v2\/types\/product"}],"version-history":[{"count":21,"href":"https:\/\/klinikbedarf-sport.de\/tr\/wp-json\/wp\/v2\/product\/2130\/revisions"}],"predecessor-version":[{"id":2397,"href":"https:\/\/klinikbedarf-sport.de\/tr\/wp-json\/wp\/v2\/product\/2130\/revisions\/2397"}],"wp:featuredmedia":[{"embeddable":true,"href":"https:\/\/klinikbedarf-sport.de\/tr\/wp-json\/wp\/v2\/media\/2248"}],"wp:attachment":[{"href":"https:\/\/klinikbedarf-sport.de\/tr\/wp-json\/wp\/v2\/media?parent=2130"}],"wp:term":[{"taxonomy":"product_brand","embeddable":true,"href":"https:\/\/klinikbedarf-sport.de\/tr\/wp-json\/wp\/v2\/product_brand?post=2130"},{"taxonomy":"product_cat","embeddable":true,"href":"https:\/\/klinikbedarf-sport.de\/tr\/wp-json\/wp\/v2\/product_cat?post=2130"},{"taxonomy":"product_tag","embeddable":true,"href":"https:\/\/klinikbedarf-sport.de\/tr\/wp-json\/wp\/v2\/product_tag?post=2130"}],"curies":[{"name":"wp","href":"https:\/\/api.w.org\/{rel}","templated":true}]}}