{"id":2118,"date":"2025-02-26T13:03:16","date_gmt":"2025-02-26T13:03:16","guid":{"rendered":"https:\/\/klinikbedarf-sport.de\/?post_type=product&#038;p=2118"},"modified":"2025-04-25T11:37:39","modified_gmt":"2025-04-25T11:37:39","slug":"biavid-baby-anfangsmilch-1","status":"publish","type":"product","link":"https:\/\/klinikbedarf-sport.de\/tr\/urun\/biavid-baby-anfangsmilch-1\/","title":{"rendered":"BIAVID BABY\u00ae form\u00fcl s\u00fct 1 - 1 kamyon (32.000 adet)"},"content":{"rendered":"<p>Bebe\u011finizin sa\u011fl\u0131kl\u0131 geli\u015fimi ve b\u00fcy\u00fcmesi i\u00e7in \u00f6zel olarak form\u00fcle edilmi\u015ftir\u00a0<strong>BIAVID BABY\u00ae Bebek S\u00fct\u00fc 1 <\/strong>ya\u015fam\u0131n ilk aylar\u0131nda ihtiya\u00e7 duyulan t\u00fcm besinleri dengeli bir bi\u00e7imde sa\u011flar. Bu \u00f6zel form\u00fcl, bebe\u011finizin geli\u015fimi i\u00e7in gerekli besinlerin eksiksiz bir kombinasyonunu i\u00e7erir.<\/p>\n<p>BIAVID BABY\u00ae bebek s\u00fct\u00fc 1 ila 6 ayl\u0131k bebekler i\u00e7in uygundur ve hassas bile\u015fimi sayesinde bebe\u011finizin sindirimine iyi gelir.\u00a0<strong>400 veya 800 graml\u0131k torbalarda hijyenik ve pratik karton kutularda mevcuttur<\/strong>g\u00fcnl\u00fck kullan\u0131mda tazeli\u011fini korur.<\/p>\n<p>\u00dcr\u00fcn\u00fcn son kullanma tarihi \u00fcretim g\u00fcn\u00fcnde ba\u015flar.\u00a0<strong>24 ay boyunca<\/strong>Bu, \u00fcr\u00fcn\u00fcn uzun bir s\u00fcre boyunca g\u00fcvenle kullan\u0131labilece\u011fi anlam\u0131na gelir. BIAVID BABY\u00ae bebek s\u00fct\u00fc sadece bebe\u011finizin fiziksel geli\u015fimini desteklemekle kalmaz, ayn\u0131 zamanda ba\u011f\u0131\u015f\u0131kl\u0131k sisteminin g\u00fc\u00e7lenmesine de yard\u0131mc\u0131 olur.<\/p>\n<p>BIAVID BABY\u00ae anne \u015fefkatini bilimle birle\u015ftirerek sevgiyle b\u00fcy\u00fcyen bebekler i\u00e7in g\u00fcvenilir bir ba\u015flang\u0131\u00e7 sa\u011flar.<\/p>","protected":false},"excerpt":{"rendered":"<div class=\"product__block__text\">\n<div class=\"woocommerce-product-details__short-description\">\n<div class=\"woocommerce-product-details__short-description\">\n<div class=\"woocommerce-product-details__short-description\">\n<div class=\"woocommerce-product-details__short-description\">\n<p>Bebe\u011finizin sa\u011fl\u0131kl\u0131 geli\u015fimi ve b\u00fcy\u00fcmesi i\u00e7in \u00f6zel olarak form\u00fcle edilmi\u015ftir\u00a0<strong>BIAVID BABY\u00ae Bebek S\u00fct\u00fc 1<\/strong>ya\u015fam\u0131n ilk aylar\u0131nda ihtiya\u00e7 duyulan t\u00fcm besin maddelerini dengeli bir bi\u00e7imde sa\u011flar.<\/p>\n<h4 class=\"hide-for-guests\">\u2705 Minimum sipari\u015f miktar\u0131: 1 kamyon (32.000 adet)<\/h4>\n<h4 class=\"hide-for-guests\">\u2705 Par\u00e7a ba\u015f\u0131na fiyat (400g): \u20ac3,95 Ex Work<\/h4>\n<h4 class=\"hide-for-guests\">\u2705 Kamyon ba\u015f\u0131na toplam fiyat (400g): 126,400 \u20ac Ex Work<\/h4>\n<h4 class=\"hide-for-guests\">\u2705 Par\u00e7a ba\u015f\u0131na fiyat (800g): \u20ac6,90 Ex Work<\/h4>\n<h4 class=\"hide-for-guests\">\u2705 Kamyon ba\u015f\u0131na toplam fiyat (800g): - \u20ac Ex Work<\/h4>\n<\/div>\n<\/div>\n<\/div>\n<\/div>\n<\/div>","protected":false},"featured_media":2247,"template":"","meta":[],"product_brand":[],"product_cat":[93],"product_tag":[],"class_list":{"0":"post-2118","1":"product","2":"type-product","3":"status-publish","4":"has-post-thumbnail","6":"product_cat-diverses","8":"first","9":"onbackorder","10":"taxable","11":"shipping-taxable","12":"purchasable","13":"product-type-variable"},"_links":{"self":[{"href":"https:\/\/klinikbedarf-sport.de\/tr\/wp-json\/wp\/v2\/product\/2118","targetHints":{"allow":["GET"]}}],"collection":[{"href":"https:\/\/klinikbedarf-sport.de\/tr\/wp-json\/wp\/v2\/product"}],"about":[{"href":"https:\/\/klinikbedarf-sport.de\/tr\/wp-json\/wp\/v2\/types\/product"}],"version-history":[{"count":20,"href":"https:\/\/klinikbedarf-sport.de\/tr\/wp-json\/wp\/v2\/product\/2118\/revisions"}],"predecessor-version":[{"id":2126,"href":"https:\/\/klinikbedarf-sport.de\/tr\/wp-json\/wp\/v2\/product\/2118\/revisions\/2126"}],"wp:featuredmedia":[{"embeddable":true,"href":"https:\/\/klinikbedarf-sport.de\/tr\/wp-json\/wp\/v2\/media\/2247"}],"wp:attachment":[{"href":"https:\/\/klinikbedarf-sport.de\/tr\/wp-json\/wp\/v2\/media?parent=2118"}],"wp:term":[{"taxonomy":"product_brand","embeddable":true,"href":"https:\/\/klinikbedarf-sport.de\/tr\/wp-json\/wp\/v2\/product_brand?post=2118"},{"taxonomy":"product_cat","embeddable":true,"href":"https:\/\/klinikbedarf-sport.de\/tr\/wp-json\/wp\/v2\/product_cat?post=2118"},{"taxonomy":"product_tag","embeddable":true,"href":"https:\/\/klinikbedarf-sport.de\/tr\/wp-json\/wp\/v2\/product_tag?post=2118"}],"curies":[{"name":"wp","href":"https:\/\/api.w.org\/{rel}","templated":true}]}}