{"id":1871,"date":"2025-02-18T07:56:51","date_gmt":"2025-02-18T07:56:51","guid":{"rendered":"https:\/\/klinikbedarf-sport.de\/?post_type=product&#038;p=1871"},"modified":"2025-02-24T12:13:11","modified_gmt":"2025-02-24T12:13:11","slug":"gelenkfein-forte","status":"publish","type":"product","link":"https:\/\/klinikbedarf-sport.de\/tr\/urun\/gelenkfein-forte\/","title":{"rendered":"Gelenkfein\u00ae Forte"},"content":{"rendered":"<p>GelenkFein Forte - eklem zindeli\u011fi i\u00e7in 4 kat destek<\/p>\n<p>K\u00f6pekler ve kediler i\u00e7in ek yem<\/p>\n<p>21 g\u00fcnde: Fark g\u00f6zle g\u00f6r\u00fcl\u00fcr hale gelir!<\/p>\n<p class=\"p1\">A\u015fa\u011f\u0131dakilerin tedavisi ve\/veya profilaksisi i\u00e7in t\u0131bbi \u00fcr\u00fcnler veya g\u0131da takviyeleri<\/p>\n<p><strong>\u0130\u00e7indekiler<\/strong><\/p>\n<p>Bira mayas\u0131, kolajen peptit (domuz), havu\u00e7 tozu, Schizochytrium mikroalg, hidrolize edilebilir<br \/>\ntes k\u00fcmes hayvan\u0131 proteini, chia tohumu, glukozamin, zerde\u00e7al k\u00f6k\u00fc tozu, metils\u00fclfonilmetan<br \/>\n(MSM), mannan-oligosakkaritler (MOS), frukto-oligosakkaritler (FOS), in\u00fclin, kondroitin-<br \/>\ns\u00fclfat, ye\u015fil dudakl\u0131 midye unu, \u00f6\u011f\u00fct\u00fclm\u00fc\u015f ye\u015fil un, domuz derisinden elde edilen kolajen hidrolizat\u0131,<br \/>\nAy\u00e7i\u00e7ek ya\u011f\u0131, zencefil tozu, hyaluronik asit<\/p>\n<p>Besinsel ve fizyolojik katk\u0131 maddeleri:<br \/>\nE vitamini (3a700i) 864 IU\/kg, D3 vitamini (3a671) 5600 IU\/kg, biotin (3a880) 880 \u03bcg\/kg,<br \/>\nFolik asit (3a316) 22 mg\/kg, B1 vitamini (3a820) 544.000 IU\/kg, B2 vitamini (3a825i) 160<br \/>\nmg\/kg, kalsiyum (3a841) 38 mg\/kg, B6 vitamini (3a831) 96 mg\/kg, B12 vitamini (3a835)<br \/>\n800\u03bcg\/kg, demir (3b103) 128 mg\/kg, \u00e7inko (3b605) 102 mg\/kg, bak\u0131r (3b405) 8 mg\/kg,<br \/>\nManganez (3b503) 16 mg\/kg, K3 vitamini (3a710 veya 3a711) 400 \u03bcg\/kg<\/p>\n<p><strong>Beslenme bilgileri<\/strong><\/p>\n<p>Analitik bile\u015fenler:<br \/>\nHam protein: 21,6 % Ham ya\u011f: 15,1 % Ham k\u00fcl: 8,1 % Ham lif: 7,6 % Nem: 6,3 %<\/p>\n<p><strong>Dozaj<\/strong><\/p>\n<div class=\"accordion__wrapper\">\n<div id=\"description-3\" class=\"accordion__body no-js-accordion\" data-accordion-body=\"\">\n<div class=\"accordion__wrapper\">\n<div id=\"description-3\" class=\"accordion__body no-js-accordion\" data-accordion-body=\"\">\n<p>Besleme \u00f6nerisi: G\u00fcnde 5 g = 1 \u00f6l\u00e7\u00fc ka\u015f\u0131\u011f\u0131 \/ 10 kg v\u00fccut a\u011f\u0131rl\u0131\u011f\u0131 Akut durumlarda dozaj iki kat\u0131na \u00e7\u0131kar\u0131labilir! Takviyeler, \u00e7e\u015fitli ve dengeli bir diyetin yerine kullan\u0131lmamal\u0131d\u0131r.<\/p>\n<\/div>\n<\/div>\n<\/div>\n<\/div>\n<p><strong>Yasal konular<\/strong><\/p>\n<div id=\"shopify-section-template--21740739821902__main\" class=\"shopify-section\">\n<div class=\"product-section section-padding palette--light bg--neutral\" data-product-handle=\"smartager\u00ae\" data-section-id=\"template--21740739821902__main\" data-section-type=\"product\" data-form-holder=\"\" data-enable-video-looping=\"true\" data-enable-history-state=\"true\">\n<div class=\"product-page\">\n<div class=\"wrapper product__align-left\">\n<div class=\"float-grid product-single\" data-thumbnails-left=\"\">\n<div class=\"product__main__content grid__item medium-up--one-half\">\n<div class=\"product__inner is-sticky\" data-product-form-wrapper=\"\">\n<div class=\"product__block__description rte body-size-4\">\n<div class=\"tabs-wrapper\">\n<div class=\"product-accordion\" data-accordion-group=\"\">\n<div class=\"accordion__wrapper\">\n<div id=\"description-4\" class=\"accordion__body no-js-accordion\" data-accordion-body=\"\">\n<div id=\"shopify-section-template--21740739821902__main\" class=\"shopify-section\">\n<div class=\"product-section section-padding palette--light bg--neutral\" data-product-handle=\"gelenkfein\u00ae-forte\" data-section-id=\"template--21740739821902__main\" data-section-type=\"product\" data-form-holder=\"\" data-enable-video-looping=\"true\" data-enable-history-state=\"true\">\n<div class=\"product-page\">\n<div class=\"wrapper product__align-left\">\n<div class=\"float-grid product-single\" data-thumbnails-left=\"\">\n<div class=\"product__main__content grid__item medium-up--one-half\">\n<div class=\"product__inner is-sticky\" data-product-form-wrapper=\"\">\n<div class=\"product__block__description rte body-size-4\">\n<div class=\"tabs-wrapper\">\n<div class=\"product-accordion\" data-accordion-group=\"\">\n<div class=\"accordion__wrapper\">\n<div id=\"description-4\" class=\"accordion__body no-js-accordion\" data-accordion-body=\"\">\n<p>T\u00fcm \u00fcr\u00fcnlerimiz gibi duftFein\u00ae da 100 % Almanya'da \u00fcretilmi\u015ftir. Geneti\u011fi de\u011fi\u015ftirilmi\u015f bile\u015fenler i\u00e7ermez. T\u00fcm i\u00e7erikler do\u011fal ve mevcut en y\u00fcksek kalitededir. Peptit dizilerimiz Federal G\u0131da ve Tar\u0131m Bakanl\u0131\u011f\u0131, ABD FDA ve D\u00fcnya Sa\u011fl\u0131k \u00d6rg\u00fct\u00fc (WHO) taraf\u0131ndan test edilmi\u015f ve g\u00fcvenli oldu\u011fu beyan edilmi\u015ftir.<\/p>\n<\/div>\n<\/div>\n<\/div>\n<\/div>\n<\/div>\n<\/div>\n<\/div>\n<\/div>\n<\/div>\n<\/div>\n<\/div>\n<\/div>\n<div id=\"shopify-section-template--21740739821902__section_icons_zxejkz\" class=\"shopify-section\">\n<div class=\"section-icons section-padding palette--light bg--accent\">\n<div class=\"wrapper icon--top\">\n<div class=\"float-grid grid--stacked grid--uniform\">\n<div class=\"grid__item medium-up--one-quarter small--one-half text-center\">\n<div class=\"icon__column icon--top\">\n<div class=\"icon__column__icon aos-init aos-animate\" data-aos-delay=\"200\" data-aos=\"svg-dash\"><a href=\"https:\/\/klinikbedarf-sport.de\/wp-content\/uploads\/2025\/02\/Ideen-fuer-webshop-Clemens-GeFi-v1.pdf\">GeFi i\u00e7in veri sayfas\u0131<\/a><\/div>\n<\/div>\n<\/div>\n<\/div>\n<\/div>\n<\/div>\n<\/div>\n<\/div>\n<\/div>\n<\/div>\n<\/div>\n<\/div>\n<\/div>\n<\/div>\n<\/div>\n<\/div>\n<\/div>\n<\/div>\n<\/div>","protected":false},"excerpt":{"rendered":"<div class=\"product__block__text\">\n<p>GelenkFein\u00ae Forte - 4 kat<br \/>\nEklem zindeli\u011fi i\u00e7in destek<\/p>\n<p>Alman patenti: 10 2018 007 478 B4Eklem hastal\u0131klar\u0131n\u0131n tedavisi ve\/veya profilaksisi i\u00e7in t\u0131bbi veya besin takviyesi<\/p>\n<p>MADE IN GERMANY | Geli\u015ftirildi, Tasarland\u0131 ve \u00dcretildi<\/p>\n<p>\"21 g\u00fcnde: fark g\u00f6zle g\u00f6r\u00fcl\u00fcr hale gelir!\"<\/p>\n<\/div>\n<p><strong>Bu \u00fcr\u00fcn\u00fc talep formumuz arac\u0131l\u0131\u011f\u0131yla talep edebilirsiniz.<br \/>\n<\/strong><\/p>\n<p><a class=\"xts-button xts-size-m xts-style-default xts-color-primary xts-shape-round\" href=\"https:\/\/klinikbedarf-sport.de\/tr\/kontakt\/\" data-elementor-setting-key=\"button_text\">sorgulama formuna<\/a><\/p>","protected":false},"featured_media":1876,"template":"","meta":[],"product_brand":[],"product_cat":[91],"product_tag":[],"class_list":{"0":"post-1871","1":"product","2":"type-product","3":"status-publish","4":"has-post-thumbnail","6":"product_cat-tiere","8":"first","9":"instock","10":"taxable","11":"shipping-taxable","12":"product-type-simple"},"_links":{"self":[{"href":"https:\/\/klinikbedarf-sport.de\/tr\/wp-json\/wp\/v2\/product\/1871","targetHints":{"allow":["GET"]}}],"collection":[{"href":"https:\/\/klinikbedarf-sport.de\/tr\/wp-json\/wp\/v2\/product"}],"about":[{"href":"https:\/\/klinikbedarf-sport.de\/tr\/wp-json\/wp\/v2\/types\/product"}],"version-history":[{"count":5,"href":"https:\/\/klinikbedarf-sport.de\/tr\/wp-json\/wp\/v2\/product\/1871\/revisions"}],"predecessor-version":[{"id":2088,"href":"https:\/\/klinikbedarf-sport.de\/tr\/wp-json\/wp\/v2\/product\/1871\/revisions\/2088"}],"wp:featuredmedia":[{"embeddable":true,"href":"https:\/\/klinikbedarf-sport.de\/tr\/wp-json\/wp\/v2\/media\/1876"}],"wp:attachment":[{"href":"https:\/\/klinikbedarf-sport.de\/tr\/wp-json\/wp\/v2\/media?parent=1871"}],"wp:term":[{"taxonomy":"product_brand","embeddable":true,"href":"https:\/\/klinikbedarf-sport.de\/tr\/wp-json\/wp\/v2\/product_brand?post=1871"},{"taxonomy":"product_cat","embeddable":true,"href":"https:\/\/klinikbedarf-sport.de\/tr\/wp-json\/wp\/v2\/product_cat?post=1871"},{"taxonomy":"product_tag","embeddable":true,"href":"https:\/\/klinikbedarf-sport.de\/tr\/wp-json\/wp\/v2\/product_tag?post=1871"}],"curies":[{"name":"wp","href":"https:\/\/api.w.org\/{rel}","templated":true}]}}