{"id":1846,"date":"2025-02-18T07:21:18","date_gmt":"2025-02-18T07:21:18","guid":{"rendered":"https:\/\/klinikbedarf-sport.de\/?post_type=product&#038;p=1846"},"modified":"2025-02-24T12:14:01","modified_gmt":"2025-02-24T12:14:01","slug":"atemfein","status":"publish","type":"product","link":"https:\/\/klinikbedarf-sport.de\/tr\/urun\/atemfein\/","title":{"rendered":"atemFein\u00ae"},"content":{"rendered":"<p>Do\u011fal sa\u011fl\u0131k \u00fcr\u00fcn\u00fc<\/p>\n<p><strong>\u0130\u00e7indekiler<\/strong><\/p>\n<p>- Dekstroz<br \/>\n- Zeolit (klinoptilolit)<br \/>\n- \u0130n\u00fclin<br \/>\n- Yucca schidigera tozu<br \/>\n- Protein hidrolizat\u0131<br \/>\n- Chia tohumlar\u0131<br \/>\n- Vitamin kombinasyonu<br \/>\n- Ay\u00e7i\u00e7ek ya\u011f\u0131<br \/>\n- Whey protein (s\u00fct proteini, ay\u00e7i\u00e7e\u011fi lesitini, kalsiyum fosfat)<br \/>\n- Maydanoz<br \/>\n- Hidroksiprolin<br \/>\n- Do\u011fal aroma<\/p>\n<p><strong>Beslenme bilgileri<\/strong><\/p>\n<p>5 g (1 porsiyon) i\u00e7in hesaplanm\u0131\u015ft\u0131r:<br \/>\n- Proteinler - 0,205 g<br \/>\n- Karbonhidratlar - 3,845 g, bunun 3,815 g'\u0131 dekstroz<br \/>\n- Ya\u011f - 0,08 g<br \/>\n- Diyet lifi - 0,004 g<br \/>\n- Sodyum - 0,04 g<br \/>\n- Kalori - 17,15 (72) kcal (kJ)<\/p>\n<p><strong>Yasal konular<\/strong><\/p>\n<p>T\u00fcm \u00fcr\u00fcnlerimiz gibi duftFein\u00ae da 100 % Almanya'da \u00fcretilmi\u015ftir. Geneti\u011fi de\u011fi\u015ftirilmi\u015f bile\u015fenler i\u00e7ermez. T\u00fcm i\u00e7erikler do\u011fal ve mevcut en y\u00fcksek kalitededir. Peptit dizilerimiz Federal G\u0131da ve Tar\u0131m Bakanl\u0131\u011f\u0131, ABD FDA ve D\u00fcnya Sa\u011fl\u0131k \u00d6rg\u00fct\u00fc (WHO) taraf\u0131ndan test edilmi\u015f ve g\u00fcvenli oldu\u011fu beyan edilmi\u015ftir.<\/p>\n<p><a href=\"https:\/\/klinikbedarf-sport.de\/wp-content\/uploads\/2025\/02\/Ideen-fuer-webshop-Clemens-GeFi-v1.pdf\">GeFi i\u00e7in veri sayfas\u0131<\/a><\/p>","protected":false},"excerpt":{"rendered":"<div class=\"product__block__text\">\n<p><span class=\"metafield-multi_line_text_field\">Kompleks a\u011f\u0131z bak\u0131m\u0131 i\u00e7in benzersiz form\u00fcl!<\/span><span class=\"metafield-multi_line_text_field\"> K\u00f6t\u00fc kokan nefes ve gazlar\u0131 bir \u00e7\u00f6z\u00fcmle ortadan kald\u0131r\u0131n!<\/span><\/p>\n<\/div>\n<p><strong>Bu \u00fcr\u00fcn\u00fc talep formumuz arac\u0131l\u0131\u011f\u0131yla talep edebilirsiniz.<br \/>\n<\/strong><\/p>\n<p><a class=\"xts-button xts-size-m xts-style-default xts-color-primary xts-shape-round\" href=\"https:\/\/klinikbedarf-sport.de\/tr\/kontakt\/\" data-elementor-setting-key=\"button_text\">sorgulama formuna<\/a><\/p>","protected":false},"featured_media":1852,"template":"","meta":[],"product_brand":[],"product_cat":[91],"product_tag":[],"class_list":{"0":"post-1846","1":"product","2":"type-product","3":"status-publish","4":"has-post-thumbnail","6":"product_cat-tiere","8":"first","9":"instock","10":"taxable","11":"shipping-taxable","12":"product-type-simple"},"_links":{"self":[{"href":"https:\/\/klinikbedarf-sport.de\/tr\/wp-json\/wp\/v2\/product\/1846","targetHints":{"allow":["GET"]}}],"collection":[{"href":"https:\/\/klinikbedarf-sport.de\/tr\/wp-json\/wp\/v2\/product"}],"about":[{"href":"https:\/\/klinikbedarf-sport.de\/tr\/wp-json\/wp\/v2\/types\/product"}],"version-history":[{"count":7,"href":"https:\/\/klinikbedarf-sport.de\/tr\/wp-json\/wp\/v2\/product\/1846\/revisions"}],"predecessor-version":[{"id":1860,"href":"https:\/\/klinikbedarf-sport.de\/tr\/wp-json\/wp\/v2\/product\/1846\/revisions\/1860"}],"wp:featuredmedia":[{"embeddable":true,"href":"https:\/\/klinikbedarf-sport.de\/tr\/wp-json\/wp\/v2\/media\/1852"}],"wp:attachment":[{"href":"https:\/\/klinikbedarf-sport.de\/tr\/wp-json\/wp\/v2\/media?parent=1846"}],"wp:term":[{"taxonomy":"product_brand","embeddable":true,"href":"https:\/\/klinikbedarf-sport.de\/tr\/wp-json\/wp\/v2\/product_brand?post=1846"},{"taxonomy":"product_cat","embeddable":true,"href":"https:\/\/klinikbedarf-sport.de\/tr\/wp-json\/wp\/v2\/product_cat?post=1846"},{"taxonomy":"product_tag","embeddable":true,"href":"https:\/\/klinikbedarf-sport.de\/tr\/wp-json\/wp\/v2\/product_tag?post=1846"}],"curies":[{"name":"wp","href":"https:\/\/api.w.org\/{rel}","templated":true}]}}