{"id":1746,"date":"2025-02-17T14:47:27","date_gmt":"2025-02-17T14:47:27","guid":{"rendered":"https:\/\/klinikbedarf-sport.de\/?post_type=product&#038;p=1746"},"modified":"2025-03-18T10:07:23","modified_gmt":"2025-03-18T10:07:23","slug":"smartbooost-regenerate","status":"publish","type":"product","link":"https:\/\/klinikbedarf-sport.de\/tr\/urun\/smartbooost-regenerate\/","title":{"rendered":"smartBOOOST\u00ae regenerate (reBOOOST\u00ae + komple)"},"content":{"rendered":"<h5><img fetchpriority=\"high\" decoding=\"async\" class=\"\" src=\"https:\/\/cdn.shopify.com\/s\/files\/1\/1711\/7573\/files\/Dosierungstabelle-rebooost_1024x1024.jpg?v=1501573485\" alt=\"\" width=\"477\" height=\"119\" \/><\/h5>\n<h3>\u00a0smartBOOOST\u00ae aktivat\u00f6r\u00fc i\u00e7in \u00f6neri<\/h3>\n<ul>\n<li>Kemik mineralizasyon yo\u011funlu\u011funda art\u0131\u015f<\/li>\n<\/ul>\n<ul>\n<li>Anabolik faz\u0131n uyar\u0131lmas\u0131 (kemik olu\u015fumundan sorumlu)<\/li>\n<li>Katabolik faz\u0131n azalt\u0131lmas\u0131 (kemik par\u00e7alayan h\u00fccreler)<\/li>\n<li>Dermal matris sentezinin uyar\u0131lmas\u0131,<\/li>\n<li>Prokollajen tip 1'in art\u0131\u015f\u0131,<\/li>\n<li>Ba\u011f dokusunun esnekli\u011fini artt\u0131rmak<\/li>\n<li>Enflamasyonu azalt\u0131c\u0131 etki,<\/li>\n<li>K\u0131k\u0131rdak metabolizmas\u0131n\u0131n uyar\u0131lmas\u0131<\/li>\n<li>Kan\u0131tlanm\u0131\u015f a\u011fr\u0131 azalt\u0131c\u0131 etki<\/li>\n<li>K\u0131k\u0131rdak matrisinin rejenerasyonu<\/li>\n<li>Qba'lar () - \u00f6zellikle sanguinarinler - iltihap azalt\u0131c\u0131 etki i\u00e7in: Etki \u015fekli, h\u00fccre ve \u00e7ekirdek i\u00e7inde \"NF-\u03baB yolu\" olarak adland\u0131r\u0131lan yol \u00fczerinden ger\u00e7ekle\u015fir.<\/li>\n<li>Optimize edilmi\u015f protein: karbonhidrat oran\u0131 sayesinde enerji depolar\u0131n\u0131n optimum \u015fekilde yenilenmesi<\/li>\n<li>V\u00fccutta protein sentezinin uyar\u0131lmas\u0131<\/li>\n<\/ul>\n<h3 class=\"first-headline\">Beslenme bilgileri<\/h3>\n<div class=\"first-headline\">Tavsiye edilen g\u00fcnl\u00fck al\u0131m miktar\u0131 100 g ba\u015f\u0131na hesaplanm\u0131\u015ft\u0131r<\/div>\n<ul>\n<li>Karbonhidratlar 69,7 g, bunun 66 g'\u0131 glikoz<\/li>\n<li>Protein 17.7g<\/li>\n<li>Ya\u011f 1.6g<\/li>\n<li>Diyet lifi 1,2 g<\/li>\n<li>Sodyum 0.397g<\/li>\n<li>Kalorifik de\u011fer kcal (kJ) 386 (1620)<\/li>\n<li>Enerji - 100g Ba\u015f\u0131na *: 69,7g Karbonhidrat 17,7g Protein GDO i\u00e7ermez<\/li>\n<li>Kas - 100g * ba\u015f\u0131na: 1,63g BCAA 1,22g arginin 1g l\u00f6sin<\/li>\n<li>K\u0131k\u0131rdak\/kemik\/ba\u011f dokusu\/ba\u011f\u0131\u015f\u0131kl\u0131k sistemi - 100g * ba\u015f\u0131na: 600mg glukozamin 400mg kondroitin 4g chia tohumu 1000mg kalsiyum sitrat 500mg magnezyum sitrat, smartager\u00ae Inside<\/li>\n<li>3.9:1 Karbonhidrat:Protein<\/li>\n<li>Laktoz ilavesi yok<\/li>\n<li>Komple proteinojenik amino asit spektrumu<br \/>\n* hesapland\u0131<\/li>\n<\/ul>\n<h3 class=\"first-headline\">\u0130\u00e7indekiler<\/h3>\n<ul>\n<li>Dekstroz<\/li>\n<li>Protein hidrolizat\u0131<\/li>\n<li>Asitleyici sitrik asit E330<\/li>\n<li>Whey protein (s\u00fct proteini, ay\u00e7i\u00e7e\u011fi lesitini, kalsiyum fosfat)<\/li>\n<li>Chia tohumlar\u0131<\/li>\n<li>Kolajen hidrolizat<\/li>\n<li>Aroma verici (aroma verici ekstraktlar, do\u011fal aroma vericiler; arap zamk\u0131 E414 i\u00e7erir)<\/li>\n<li>Domates tozu<\/li>\n<li>Caclium sitrat E333<\/li>\n<li>Glukozamin s\u00fclfat<\/li>\n<li>Magnezyum sitrat<\/li>\n<li>Tropikal meyve \u00f6z\u00fc (maltodekstrin, renklendirici cape yasemin \u00f6z\u00fc)<\/li>\n<li>Kondroitin s\u00fclfat (s\u0131\u011f\u0131r kolajeninden elde edilir Nesli t\u00fckenmekte olan t\u00fcrleri koruma giri\u015fiminin g\u00fc\u00e7l\u00fc bir destek\u00e7isiyiz. Bu nedenle elbette ki\u00a0<b>Hi\u00e7biri<\/b>\u00a0yunuslar, balinalar ve k\u00f6pekbal\u0131klar\u0131 gibi nesli t\u00fckenmekte olan hayvanlardan elde edilen hammaddeleri kullanmak).<\/li>\n<li>Hidroksiprolin<\/li>\n<li>Lezzet<\/li>\n<\/ul>\n<p>\u00c7e\u015fitli ve dengeli bir beslenme ve sa\u011fl\u0131kl\u0131 bir ya\u015fam tarz\u0131na ek olarak.<\/p>\n<p>Haz\u0131rlan\u0131\u015f\u0131: 1 porsiyon \/ g\u00fcn = 10g (yakla\u015f\u0131k 1 yemek ka\u015f\u0131\u011f\u0131) 200ml suda \u00e7\u00f6z\u00fcl\u00fcr.<\/p>\n<p>Nesli t\u00fckenmekte olan t\u00fcrlerin korunmas\u0131na y\u00f6nelik giri\u015fimleri kuvvetle destekliyoruz. Bu nedenle \u015funu s\u00f6ylemeye gerek yok\u00a0<strong>Hi\u00e7biri<\/strong>\u00a0\u00dcr\u00fcnlerimizde yunuslar, balinalar ve k\u00f6pekbal\u0131klar\u0131 gibi nesli t\u00fckenmekte olan hayvanlardan gelebilecek kondroitin s\u00fclfat gibi hammaddeler kullanm\u0131yoruz.<\/p>\n<p><a href=\"https:\/\/klinikbedarf-sport.de\/wp-content\/uploads\/2025\/02\/Erklaerungen-fuer-webshop.pptx\">smartzell i\u00e7in veri sayfas\u0131<\/a><\/p>\n<p><span style=\"color: #0000ff;\"><a style=\"color: #0000ff;\" href=\"https:\/\/klinikbedarf-sport.de\/wp-content\/uploads\/2025\/03\/20170601163314366_0002.pdf\">Analiz sertifikas\u0131<\/a><\/span><\/p>\n<p><a href=\"https:\/\/klinikbedarf-sport.de\/wp-content\/uploads\/2025\/03\/Analytical-report-reBOOOST-complete-lot-0794051.pdf\">Analitik rapor<\/a><\/p>\n<p><a href=\"https:\/\/klinikbedarf-sport.de\/wp-content\/uploads\/2025\/03\/SLA-Supplement-Testing-v2.pdf\">Hizmet Seviyesi Anla\u015fmas\u0131: G\u0131da takviyeleri<\/a><\/p>","protected":false},"excerpt":{"rendered":"<ul>\n<li data-start=\"3224\" data-end=\"3273\">Kas ve doku rejenerasyonunu h\u0131zland\u0131r\u0131r<\/li>\n<li data-start=\"3274\" data-end=\"3345\">Enflamasyonu azalt\u0131r ve antrenman sonras\u0131 iyile\u015fmeyi destekler<\/li>\n<li data-start=\"3346\" data-end=\"3421\">Rejenerasyon i\u00e7in dengeli bir besin kombinasyonu i\u00e7erir<\/li>\n<\/ul>\n<p><strong>Bu \u00fcr\u00fcn\u00fc talep formumuz arac\u0131l\u0131\u011f\u0131yla talep edebilirsiniz.<br \/>\n<\/strong><\/p>\n<p><a class=\"xts-button xts-size-m xts-style-default xts-color-primary xts-shape-round\" href=\"https:\/\/klinikbedarf-sport.de\/tr\/kontakt\/\" data-elementor-setting-key=\"button_text\">sorgulama formuna<\/a><\/p>","protected":false},"featured_media":1967,"template":"","meta":[],"product_brand":[],"product_cat":[92],"product_tag":[],"class_list":{"0":"post-1746","1":"product","2":"type-product","3":"status-publish","4":"has-post-thumbnail","6":"product_cat-sport","8":"first","9":"instock","10":"taxable","11":"shipping-taxable","12":"product-type-simple"},"_links":{"self":[{"href":"https:\/\/klinikbedarf-sport.de\/tr\/wp-json\/wp\/v2\/product\/1746","targetHints":{"allow":["GET"]}}],"collection":[{"href":"https:\/\/klinikbedarf-sport.de\/tr\/wp-json\/wp\/v2\/product"}],"about":[{"href":"https:\/\/klinikbedarf-sport.de\/tr\/wp-json\/wp\/v2\/types\/product"}],"version-history":[{"count":13,"href":"https:\/\/klinikbedarf-sport.de\/tr\/wp-json\/wp\/v2\/product\/1746\/revisions"}],"predecessor-version":[{"id":2360,"href":"https:\/\/klinikbedarf-sport.de\/tr\/wp-json\/wp\/v2\/product\/1746\/revisions\/2360"}],"wp:featuredmedia":[{"embeddable":true,"href":"https:\/\/klinikbedarf-sport.de\/tr\/wp-json\/wp\/v2\/media\/1967"}],"wp:attachment":[{"href":"https:\/\/klinikbedarf-sport.de\/tr\/wp-json\/wp\/v2\/media?parent=1746"}],"wp:term":[{"taxonomy":"product_brand","embeddable":true,"href":"https:\/\/klinikbedarf-sport.de\/tr\/wp-json\/wp\/v2\/product_brand?post=1746"},{"taxonomy":"product_cat","embeddable":true,"href":"https:\/\/klinikbedarf-sport.de\/tr\/wp-json\/wp\/v2\/product_cat?post=1746"},{"taxonomy":"product_tag","embeddable":true,"href":"https:\/\/klinikbedarf-sport.de\/tr\/wp-json\/wp\/v2\/product_tag?post=1746"}],"curies":[{"name":"wp","href":"https:\/\/api.w.org\/{rel}","templated":true}]}}