{"id":1743,"date":"2025-02-17T14:45:53","date_gmt":"2025-02-17T14:45:53","guid":{"rendered":"https:\/\/klinikbedarf-sport.de\/?post_type=product&#038;p=1743"},"modified":"2025-03-18T10:06:29","modified_gmt":"2025-03-18T10:06:29","slug":"smartbooost-powerfuel","status":"publish","type":"product","link":"https:\/\/klinikbedarf-sport.de\/tr\/urun\/smartbooost-powerfuel\/","title":{"rendered":"smartBOOOST\u00ae powerfuel (powerBOOOST\u00ae +emcBOOOST\u00ae)"},"content":{"rendered":"<p><strong>\u00a0smartBOOOST\u00ae powerfuel \u0130\u00c7\u0130N TAVS\u0130YE<\/strong><\/p>\n<ul>\n<li>Enerji ve kas depolar\u0131n\u0131n s\u00fcrekli yenilenmesi<\/li>\n<li>T\u00fckenmi\u015f minerallerin yerine konmas\u0131<\/li>\n<li>G\u00fc\u00e7 ekonomisinin art\u0131r\u0131lmas\u0131 - \"enerji e\u011frisinin yukar\u0131da tutulmas\u0131\"<\/li>\n<li>K\u0131k\u0131rdak, kemik ve ba\u011f dokusu h\u00fccrelerinin h\u00fccre metabolizmas\u0131n\u0131n aktivasyonu<\/li>\n<\/ul>\n<h4 class=\"first-headline\">Beslenme bilgileri<\/h4>\n<div class=\"first-headline\">saatte 50g \u00f6nerilen dozaj ba\u015f\u0131na hesaplanm\u0131\u015ft\u0131r<\/div>\n<ul>\n<li>Kalorifik de\u011fer kcal 191,5<\/li>\n<li>Ya\u011f 0<\/li>\n<li>Doymu\u015f 0 + Trans 0<\/li>\n<li>Kolesterol 0<\/li>\n<li>Tuz 0<\/li>\n<li>Karbonhidratlar 36,5 g, bunun 35,5 g'\u0131 dekstroz<\/li>\n<li>Protein 8,5g<\/li>\n<\/ul>\n<h4 class=\"first-headline\">\u0130\u00e7indekiler<\/h4>\n<ul>\n<li>Dekstroz<\/li>\n<li>Protein hidrolizat\u0131<\/li>\n<li>Asitleyici sitrik asit E330<\/li>\n<li>Kolajen hidrolizat<\/li>\n<li>Aroma verici (aroma verici ekstraktlar, do\u011fal aroma vericiler; arap zamk\u0131 E414 i\u00e7erir)<\/li>\n<li>Sodyum sitrat<\/li>\n<li>Kalsiyum sitrat E333<\/li>\n<li>Klukozamin s\u00fclfat<\/li>\n<li>Potasyum sitrat<\/li>\n<li>Magnezyum sitrat<\/li>\n<li>Kondroitin s\u00fclfat (s\u0131\u011f\u0131r kolajeninden elde edilir Nesli t\u00fckenmekte olan t\u00fcrleri koruma giri\u015fiminin g\u00fc\u00e7l\u00fc bir destek\u00e7isiyiz. Bu nedenle elbette ki\u00a0<b>Hi\u00e7biri<\/b>\u00a0yunuslar, balinalar ve k\u00f6pekbal\u0131klar\u0131 gibi nesli t\u00fckenmekte olan hayvanlardan elde edilen hammaddeleri kullanmak).<\/li>\n<li>Hidroksiprolin<\/li>\n<\/ul>\n<h4 class=\"first-headline\"><\/h4>\n<p>\u00c7e\u015fitli ve dengeli bir beslenme ve sa\u011fl\u0131kl\u0131 bir ya\u015fam tarz\u0131na ek olarak.<\/p>\n<p>Haz\u0131rl\u0131k:<\/p>\n<p>50g smartBOOOST\u00ae powerfuel \/ efor saati 500-750ml suda \u00e7\u00f6z\u00fcl\u00fcr. Her 8-10 dakikada bir yudum almak en iyisidir.<\/p>\n<p><a href=\"https:\/\/klinikbedarf-sport.de\/wp-content\/uploads\/2025\/02\/Erklaerungen-fuer-webshop.pptx\">smartzell i\u00e7in veri sayfas\u0131<\/a><\/p>\n<p><a href=\"https:\/\/klinikbedarf-sport.de\/wp-content\/uploads\/2025\/03\/SLA-Supplement-Testing-v2.pdf\">Hizmet Seviyesi Anla\u015fmas\u0131: G\u0131da takviyeleri<\/a><\/p>","protected":false},"excerpt":{"rendered":"<ul>\n<li data-start=\"2448\" data-end=\"2518\">Yo\u011fun fiziksel efor s\u0131ras\u0131nda maksimum enerji kayna\u011f\u0131<\/li>\n<li data-start=\"2519\" data-end=\"2581\">Rehidrate eder ve kaslara gerekli besinleri sa\u011flar<\/li>\n<li data-start=\"2582\" data-end=\"2643\">Performans kayb\u0131n\u0131 \u00f6nler ve kas fonksiyonunu optimize eder<strong>Bu \u00fcr\u00fcn\u00fc talep formumuz arac\u0131l\u0131\u011f\u0131yla talep edebilirsiniz.<br \/>\n<\/strong><a class=\"xts-button xts-size-m xts-style-default xts-color-primary xts-shape-round\" href=\"https:\/\/klinikbedarf-sport.de\/tr\/kontakt\/\" data-elementor-setting-key=\"button_text\">sorgulama formuna<\/a><\/li>\n<\/ul>","protected":false},"featured_media":1974,"template":"","meta":[],"product_brand":[],"product_cat":[92],"product_tag":[],"class_list":{"0":"post-1743","1":"product","2":"type-product","3":"status-publish","4":"has-post-thumbnail","6":"product_cat-sport","8":"first","9":"instock","10":"taxable","11":"shipping-taxable","12":"product-type-simple"},"_links":{"self":[{"href":"https:\/\/klinikbedarf-sport.de\/tr\/wp-json\/wp\/v2\/product\/1743","targetHints":{"allow":["GET"]}}],"collection":[{"href":"https:\/\/klinikbedarf-sport.de\/tr\/wp-json\/wp\/v2\/product"}],"about":[{"href":"https:\/\/klinikbedarf-sport.de\/tr\/wp-json\/wp\/v2\/types\/product"}],"version-history":[{"count":11,"href":"https:\/\/klinikbedarf-sport.de\/tr\/wp-json\/wp\/v2\/product\/1743\/revisions"}],"predecessor-version":[{"id":1971,"href":"https:\/\/klinikbedarf-sport.de\/tr\/wp-json\/wp\/v2\/product\/1743\/revisions\/1971"}],"wp:featuredmedia":[{"embeddable":true,"href":"https:\/\/klinikbedarf-sport.de\/tr\/wp-json\/wp\/v2\/media\/1974"}],"wp:attachment":[{"href":"https:\/\/klinikbedarf-sport.de\/tr\/wp-json\/wp\/v2\/media?parent=1743"}],"wp:term":[{"taxonomy":"product_brand","embeddable":true,"href":"https:\/\/klinikbedarf-sport.de\/tr\/wp-json\/wp\/v2\/product_brand?post=1743"},{"taxonomy":"product_cat","embeddable":true,"href":"https:\/\/klinikbedarf-sport.de\/tr\/wp-json\/wp\/v2\/product_cat?post=1743"},{"taxonomy":"product_tag","embeddable":true,"href":"https:\/\/klinikbedarf-sport.de\/tr\/wp-json\/wp\/v2\/product_tag?post=1743"}],"curies":[{"name":"wp","href":"https:\/\/api.w.org\/{rel}","templated":true}]}}