{"id":1738,"date":"2025-02-17T14:44:03","date_gmt":"2025-02-17T14:44:03","guid":{"rendered":"https:\/\/klinikbedarf-sport.de\/?post_type=product&#038;p=1738"},"modified":"2025-03-18T10:05:10","modified_gmt":"2025-03-18T10:05:10","slug":"smartbooost-activator","status":"publish","type":"product","link":"https:\/\/klinikbedarf-sport.de\/tr\/urun\/smartbooost-activator\/","title":{"rendered":"smartBOOOST\u00ae aktivat\u00f6r\u00fc (preBOOOST\u00ae +oxyBOOOST\u00ae)"},"content":{"rendered":"<p>&nbsp;<\/p>\n<p><strong>smartBOOOST\u00ae aktivat\u00f6r\u00fc \u0130\u00c7\u0130N TAVS\u0130YE<\/strong><\/p>\n<ul>\n<li>Plazma nitrat\u0131nda \u00f6nemli bir art\u0131\u015f<\/li>\n<li>SeviyelerSerum laktat \u00fcretiminde azalma<\/li>\n<li>VO2 maks de\u011ferinde art\u0131\u015f<\/li>\n<li>Performans ekonomisinde art\u0131\u015f - \"aerobik b\u00f6lgede daha uzun s\u00fcre\"<\/li>\n<li>K\u0131k\u0131rdak, kemik ve ba\u011f dokusu h\u00fccrelerinin h\u00fccre metabolizmas\u0131n\u0131n aktivasyonu<\/li>\n<li>Uzun s\u00fcreli uygulama i\u00e7in g\u00fcvenli<\/li>\n<\/ul>\n<h4 class=\"first-headline\">Beslenme bilgileri<\/h4>\n<div class=\"first-headline\">Tavsiye edilen g\u00fcnl\u00fck 25 g al\u0131m miktar\u0131na g\u00f6re hesaplanm\u0131\u015ft\u0131r<\/div>\n<ul>\n<li>Karbonhidrat 17 g, bunun 16,5 g'\u0131 glikoz<\/li>\n<li>Protein 4,25g<\/li>\n<li>Ya\u011f 0,025g<\/li>\n<li>Diyet lifi 0,05 g<\/li>\n<li>Sodyum 0.009g<\/li>\n<li>Kalorifik de\u011fer kcal (kJ) 90,5 (380)<\/li>\n<\/ul>\n<h4 class=\"first-headline\">\u0130\u00e7indekiler<\/h4>\n<ul>\n<li>Dekstroz<\/li>\n<li>Protein hidrolizat\u0131<\/li>\n<li>Asitleyici sitrik asit E330<\/li>\n<li>Kolajen hidrolizat<\/li>\n<li>Amaranth \u00f6z\u00fc aromas\u0131 (aroma verici \u00f6zler, do\u011fal aroma vericiler arap zamk\u0131 E414 i\u00e7erir)<\/li>\n<li>Domates tozu<\/li>\n<li>Kalsiyum sitrat E333<\/li>\n<li>Magnezyum sitrat<\/li>\n<li>Hidroksiprolin<\/li>\n<li>Klukozamin s\u00fclfat<\/li>\n<li>Kondroitin s\u00fclfat (s\u0131\u011f\u0131r kolajeninden elde edilir Nesli t\u00fckenmekte olan t\u00fcrleri koruma giri\u015fiminin g\u00fc\u00e7l\u00fc bir destek\u00e7isiyiz. Bu nedenle elbette ki\u00a0<b>Hi\u00e7biri<\/b>\u00a0yunuslar, balinalar ve k\u00f6pekbal\u0131klar\u0131 gibi nesli t\u00fckenmekte olan hayvanlardan elde edilen hammaddeleri kullanmak).<\/li>\n<\/ul>\n<h4 class=\"first-headline\">25 g g\u00fcnl\u00fck doz ba\u015f\u0131na a\u015fa\u011f\u0131dakileri i\u00e7eren bile\u015fenler<\/h4>\n<ul>\n<li>17 g karbonhidrat<\/li>\n<li>4,25 g protein<\/li>\n<li>162 mg BCAA<\/li>\n<li>360 mg arjinin<\/li>\n<li>162 mg l\u00f6sin<\/li>\n<li>680 mg OxyBOOOST<\/li>\n<li>250 mg glukozamin<\/li>\n<li>130 mg kondroitin<\/li>\n<li>250 mg kalsiyum sitrat<\/li>\n<li>125 mg magnezyum sitrat<\/li>\n<\/ul>\n<p>\u00c7e\u015fitli ve dengeli bir beslenme ve sa\u011fl\u0131kl\u0131 bir ya\u015fam tarz\u0131na ek olarak.<\/p>\n<p>Haz\u0131rlan\u0131\u015f\u0131: 1 porsiyon = 25 g\/g\u00fcn, egzersizden en az 60 dakika \u00f6nce bir bardak su veya meyve suyunda \u00e7\u00f6z\u00fcl\u00fcr. Teredd\u00fct etmeden uzun s\u00fcreli kullan\u0131m m\u00fcmk\u00fcnd\u00fcr.<\/p>\n<p><a href=\"https:\/\/klinikbedarf-sport.de\/wp-content\/uploads\/2025\/02\/Erklaerungen-fuer-webshop.pptx\">smartzell i\u00e7in veri sayfas\u0131<\/a><\/p>\n<p><span style=\"color: #0000ff;\"><a style=\"color: #0000ff;\" href=\"https:\/\/klinikbedarf-sport.de\/wp-content\/uploads\/2025\/03\/20170601163314366_0001.pdf\">Analiz sertifikas\u0131<\/a><\/span><\/p>\n<p><a href=\"https:\/\/klinikbedarf-sport.de\/wp-content\/uploads\/2025\/03\/Analytical-report-preBOOOST-oxybooost-lot-0804651.pdf\">Analitik rapor<\/a><\/p>\n<p><a href=\"https:\/\/klinikbedarf-sport.de\/wp-content\/uploads\/2025\/03\/SLA-Supplement-Testing-v2.pdf\">Hizmet Seviyesi Anla\u015fmas\u0131: G\u0131da takviyeleri<\/a><\/p>","protected":false},"excerpt":{"rendered":"<ul>\n<li data-start=\"1683\" data-end=\"1741\">Fiziksel performans\u0131 ve dayan\u0131kl\u0131l\u0131\u011f\u0131 art\u0131r\u0131r<\/li>\n<li data-start=\"1742\" data-end=\"1799\">Oksijen al\u0131m\u0131n\u0131 ve h\u00fccre metabolizmas\u0131n\u0131 destekler<\/li>\n<li data-start=\"1800\" data-end=\"1853\">Yorgunlu\u011fu azalt\u0131r ve rejenerasyonu iyile\u015ftirir<\/li>\n<\/ul>\n<p><strong>Bu \u00fcr\u00fcn\u00fc talep formumuz arac\u0131l\u0131\u011f\u0131yla talep edebilirsiniz.<br \/>\n<\/strong><\/p>\n<p><a class=\"xts-button xts-size-m xts-style-default xts-color-primary xts-shape-round\" href=\"https:\/\/klinikbedarf-sport.de\/tr\/kontakt\/\" data-elementor-setting-key=\"button_text\">sorgulama formuna<\/a><\/p>","protected":false},"featured_media":1964,"template":"","meta":[],"product_brand":[],"product_cat":[92],"product_tag":[],"class_list":{"0":"post-1738","1":"product","2":"type-product","3":"status-publish","4":"has-post-thumbnail","6":"product_cat-sport","8":"first","9":"instock","10":"taxable","11":"shipping-taxable","12":"product-type-simple"},"_links":{"self":[{"href":"https:\/\/klinikbedarf-sport.de\/tr\/wp-json\/wp\/v2\/product\/1738","targetHints":{"allow":["GET"]}}],"collection":[{"href":"https:\/\/klinikbedarf-sport.de\/tr\/wp-json\/wp\/v2\/product"}],"about":[{"href":"https:\/\/klinikbedarf-sport.de\/tr\/wp-json\/wp\/v2\/types\/product"}],"version-history":[{"count":10,"href":"https:\/\/klinikbedarf-sport.de\/tr\/wp-json\/wp\/v2\/product\/1738\/revisions"}],"predecessor-version":[{"id":2357,"href":"https:\/\/klinikbedarf-sport.de\/tr\/wp-json\/wp\/v2\/product\/1738\/revisions\/2357"}],"wp:featuredmedia":[{"embeddable":true,"href":"https:\/\/klinikbedarf-sport.de\/tr\/wp-json\/wp\/v2\/media\/1964"}],"wp:attachment":[{"href":"https:\/\/klinikbedarf-sport.de\/tr\/wp-json\/wp\/v2\/media?parent=1738"}],"wp:term":[{"taxonomy":"product_brand","embeddable":true,"href":"https:\/\/klinikbedarf-sport.de\/tr\/wp-json\/wp\/v2\/product_brand?post=1738"},{"taxonomy":"product_cat","embeddable":true,"href":"https:\/\/klinikbedarf-sport.de\/tr\/wp-json\/wp\/v2\/product_cat?post=1738"},{"taxonomy":"product_tag","embeddable":true,"href":"https:\/\/klinikbedarf-sport.de\/tr\/wp-json\/wp\/v2\/product_tag?post=1738"}],"curies":[{"name":"wp","href":"https:\/\/api.w.org\/{rel}","templated":true}]}}