{"id":1731,"date":"2025-02-17T14:36:06","date_gmt":"2025-02-17T14:36:06","guid":{"rendered":"https:\/\/klinikbedarf-sport.de\/?post_type=product&#038;p=1731"},"modified":"2025-03-18T10:03:50","modified_gmt":"2025-03-18T10:03:50","slug":"smartzell-complete","status":"publish","type":"product","link":"https:\/\/klinikbedarf-sport.de\/tr\/urun\/smartzell-complete\/","title":{"rendered":"ak\u0131ll\u0131|zell tamamland\u0131+"},"content":{"rendered":"<p><strong>Beslenme bilgileri<\/strong><\/p>\n<div class=\"first-headline\">Tavsiye edilen g\u00fcnl\u00fck 10 g doz ba\u015f\u0131na hesaplanm\u0131\u015ft\u0131r<\/div>\n<ul>\n<li>Karbonhidrat 3,5 g ve bunun i\u00e7inde \u015feker 3,0 g<\/li>\n<li>Protein 3.2g<\/li>\n<li>Ya\u011f 0,18g<\/li>\n<li>Diyet lifi 0,17 g<\/li>\n<li>Sodyum 0.041g<\/li>\n<li>Kalorifik de\u011fer kcal (kJ) 29,9 (125)<\/li>\n<\/ul>\n<h4 class=\"first-headline\">\u0130\u00e7indekiler<\/h4>\n<ul>\n<li>Kolajen hidrolizat<\/li>\n<li>Dekstroz<\/li>\n<li>Asitleyici<\/li>\n<li>Kalsiyum sitrat E333<\/li>\n<li>Magnezyum sitrat<\/li>\n<li>Glukozamin s\u00fclfat<\/li>\n<li>Domates tozu<\/li>\n<li>Chia tohumlar\u0131<\/li>\n<li>Asitleyici sitrik asit E330<\/li>\n<li>Kondroitin s\u00fclfat<\/li>\n<li>Whey protein (s\u00fct proteini, ay\u00e7i\u00e7e\u011fi lesitini, kalsiyum fosfat)<\/li>\n<li>Aroma verici (aroma verici ekstraktlar, do\u011fal aroma vericiler; arap zamk\u0131 E414 i\u00e7erir)<\/li>\n<li>Tropikal meyve \u00f6z\u00fc (maltodekstrin, renklendirici cape yasemin \u00f6z\u00fc)<\/li>\n<li>Hidroksiprolin<\/li>\n<li>Lezzet<\/li>\n<\/ul>\n<h4>G\u00fcnl\u00fck 10 g doz ba\u015f\u0131na i\u00e7erikler<\/h4>\n<ul>\n<li>500 mg glukozamin<\/li>\n<li>250 mg kondroitin<\/li>\n<li>1000 mg kalsiyum sitrat<\/li>\n<li>500 mg magnezyum sitrat<\/li>\n<li>170 ug Lutein<\/li>\n<li>275 mg likopen<\/li>\n<li>102 mg Omega 3<\/li>\n<li>30 mg Omega 6<\/li>\n<\/ul>\n<p>\u00c7e\u015fitli ve dengeli bir diyete ve sa\u011fl\u0131kl\u0131 bir ya\u015fam tarz\u0131na ek olarak.  Haz\u0131rlan\u0131\u015f\u0131: 1 porsiyon \/ g\u00fcn = 10g (yakla\u015f\u0131k 1 yemek ka\u015f\u0131\u011f\u0131) 200ml suda \u00e7\u00f6z\u00fcl\u00fcr.<\/p>\n<p><strong>\u00dcr\u00fcn herhangi bir bal\u0131k i\u00e7eri\u011fi i\u00e7ermez.<\/strong><\/p>\n<p>Nesli t\u00fckenmekte olan t\u00fcrlerin korunmas\u0131na y\u00f6nelik giri\u015fimi kuvvetle destekliyoruz.<\/p>\n<p>Bu nedenle \u015funu s\u00f6ylemeye gerek yok\u00a0<strong>Hi\u00e7biri<\/strong>\u00a0\u00dcr\u00fcnlerimizde yunuslar, balinalar ve k\u00f6pekbal\u0131klar\u0131 gibi nesli t\u00fckenmekte olan hayvanlardan gelebilecek kondroitin s\u00fclfat gibi hammaddeler kullanm\u0131yoruz.<\/p>\n<p><a href=\"https:\/\/klinikbedarf-sport.de\/wp-content\/uploads\/2025\/02\/Erklaerungen-fuer-webshop.pptx\">smartzell i\u00e7in veri sayfas\u0131<\/a><\/p>","protected":false},"excerpt":{"rendered":"<ul>\n<li data-start=\"831\" data-end=\"897\">K\u0131k\u0131rdak, kemikler ve ba\u011f dokusu i\u00e7in b\u00fct\u00fcnsel destek<\/li>\n<li data-start=\"898\" data-end=\"939\">Maksimum h\u00fccre rejenerasyonu i\u00e7in optimize edilmi\u015ftir<\/li>\n<li data-start=\"940\" data-end=\"1001\">Temel besin maddelerinin kapsaml\u0131 bir kombinasyonunu i\u00e7erir<\/li>\n<\/ul>\n<p><strong>Bu \u00fcr\u00fcn\u00fc talep formumuz arac\u0131l\u0131\u011f\u0131yla talep edebilirsiniz.<br \/>\n<\/strong><\/p>\n<p><a class=\"xts-button xts-size-m xts-style-default xts-color-primary xts-shape-round\" href=\"https:\/\/klinikbedarf-sport.de\/tr\/kontakt\/\" data-elementor-setting-key=\"button_text\">sorgulama formuna<\/a><\/p>","protected":false},"featured_media":1965,"template":"","meta":[],"product_brand":[],"product_cat":[92],"product_tag":[],"class_list":{"0":"post-1731","1":"product","2":"type-product","3":"status-publish","4":"has-post-thumbnail","6":"product_cat-sport","8":"first","9":"instock","10":"taxable","11":"shipping-taxable","12":"product-type-simple"},"_links":{"self":[{"href":"https:\/\/klinikbedarf-sport.de\/tr\/wp-json\/wp\/v2\/product\/1731","targetHints":{"allow":["GET"]}}],"collection":[{"href":"https:\/\/klinikbedarf-sport.de\/tr\/wp-json\/wp\/v2\/product"}],"about":[{"href":"https:\/\/klinikbedarf-sport.de\/tr\/wp-json\/wp\/v2\/types\/product"}],"version-history":[{"count":7,"href":"https:\/\/klinikbedarf-sport.de\/tr\/wp-json\/wp\/v2\/product\/1731\/revisions"}],"predecessor-version":[{"id":2356,"href":"https:\/\/klinikbedarf-sport.de\/tr\/wp-json\/wp\/v2\/product\/1731\/revisions\/2356"}],"wp:featuredmedia":[{"embeddable":true,"href":"https:\/\/klinikbedarf-sport.de\/tr\/wp-json\/wp\/v2\/media\/1965"}],"wp:attachment":[{"href":"https:\/\/klinikbedarf-sport.de\/tr\/wp-json\/wp\/v2\/media?parent=1731"}],"wp:term":[{"taxonomy":"product_brand","embeddable":true,"href":"https:\/\/klinikbedarf-sport.de\/tr\/wp-json\/wp\/v2\/product_brand?post=1731"},{"taxonomy":"product_cat","embeddable":true,"href":"https:\/\/klinikbedarf-sport.de\/tr\/wp-json\/wp\/v2\/product_cat?post=1731"},{"taxonomy":"product_tag","embeddable":true,"href":"https:\/\/klinikbedarf-sport.de\/tr\/wp-json\/wp\/v2\/product_tag?post=1731"}],"curies":[{"name":"wp","href":"https:\/\/api.w.org\/{rel}","templated":true}]}}