{"id":1707,"date":"2025-02-17T13:43:26","date_gmt":"2025-02-17T13:43:26","guid":{"rendered":"https:\/\/klinikbedarf-sport.de\/?post_type=product&#038;p=1707"},"modified":"2025-02-21T12:42:42","modified_gmt":"2025-02-21T12:42:42","slug":"virosan-hd","status":"publish","type":"product","link":"https:\/\/klinikbedarf-sport.de\/tr\/urun\/virosan-hd\/","title":{"rendered":"Virosan HD"},"content":{"rendered":"<ul>\n<li data-start=\"1786\" data-end=\"1856\"><strong data-start=\"1788\" data-end=\"1816\">Y\u00fcksek konsantrasyonlu form\u00fcl<\/strong> - Geni\u015f alan dezenfeksiyonu i\u00e7in ideal<\/li>\n<li data-start=\"1857\" data-end=\"1908\"><strong data-start=\"1859\" data-end=\"1906\">Diren\u00e7li patojenlere kar\u015f\u0131 etkilidir<\/strong><\/li>\n<li data-start=\"1909\" data-end=\"1998\">\u0130\u00e7inde kullan\u0131labilir <strong data-start=\"1925\" data-end=\"1996\">Fabrikalar, sa\u011fl\u0131k tesisleri ve toplu ta\u015f\u0131ma ara\u00e7lar\u0131<\/strong><\/li>\n<li data-start=\"1999\" data-end=\"2062\"><strong data-start=\"2001\" data-end=\"2019\">H\u0131zl\u0131 etkili<\/strong> - Birka\u00e7 dakika i\u00e7inde dezenfekte eder<\/li>\n<li data-start=\"2063\" data-end=\"2116\"><strong data-start=\"2065\" data-end=\"2114\">Profesyonel kullan\u0131m i\u00e7in sertifikal\u0131<\/strong><\/li>\n<\/ul>","protected":false},"excerpt":{"rendered":"<ul>\n<li data-start=\"1595\" data-end=\"1658\">Ticaret ve sanayi i\u00e7in y\u00fcksek performansl\u0131 dezenfektan<\/li>\n<li data-start=\"1659\" data-end=\"1703\">Bakteri, mantar ve vir\u00fcslere kar\u015f\u0131 etkilidir<\/li>\n<li data-start=\"1704\" data-end=\"1749\">A\u011f\u0131r kirlenmi\u015f alanlar i\u00e7in uygundur<\/li>\n<\/ul>\n<p><strong>Bu \u00fcr\u00fcn\u00fc talep formumuz arac\u0131l\u0131\u011f\u0131yla talep edebilirsiniz.<br \/>\n<\/strong><\/p>\n<p><a class=\"xts-button xts-size-m xts-style-default xts-color-primary xts-shape-round\" href=\"https:\/\/klinikbedarf-sport.de\/tr\/kontakt\/\" data-elementor-setting-key=\"button_text\">sorgulama formuna<\/a><\/p>","protected":false},"featured_media":2016,"template":"","meta":[],"product_brand":[],"product_cat":[90],"product_tag":[],"class_list":{"0":"post-1707","1":"product","2":"type-product","3":"status-publish","4":"has-post-thumbnail","6":"product_cat-reinigung","8":"first","9":"instock","10":"taxable","11":"shipping-taxable","12":"product-type-simple"},"_links":{"self":[{"href":"https:\/\/klinikbedarf-sport.de\/tr\/wp-json\/wp\/v2\/product\/1707","targetHints":{"allow":["GET"]}}],"collection":[{"href":"https:\/\/klinikbedarf-sport.de\/tr\/wp-json\/wp\/v2\/product"}],"about":[{"href":"https:\/\/klinikbedarf-sport.de\/tr\/wp-json\/wp\/v2\/types\/product"}],"version-history":[{"count":4,"href":"https:\/\/klinikbedarf-sport.de\/tr\/wp-json\/wp\/v2\/product\/1707\/revisions"}],"predecessor-version":[{"id":1820,"href":"https:\/\/klinikbedarf-sport.de\/tr\/wp-json\/wp\/v2\/product\/1707\/revisions\/1820"}],"wp:featuredmedia":[{"embeddable":true,"href":"https:\/\/klinikbedarf-sport.de\/tr\/wp-json\/wp\/v2\/media\/2016"}],"wp:attachment":[{"href":"https:\/\/klinikbedarf-sport.de\/tr\/wp-json\/wp\/v2\/media?parent=1707"}],"wp:term":[{"taxonomy":"product_brand","embeddable":true,"href":"https:\/\/klinikbedarf-sport.de\/tr\/wp-json\/wp\/v2\/product_brand?post=1707"},{"taxonomy":"product_cat","embeddable":true,"href":"https:\/\/klinikbedarf-sport.de\/tr\/wp-json\/wp\/v2\/product_cat?post=1707"},{"taxonomy":"product_tag","embeddable":true,"href":"https:\/\/klinikbedarf-sport.de\/tr\/wp-json\/wp\/v2\/product_tag?post=1707"}],"curies":[{"name":"wp","href":"https:\/\/api.w.org\/{rel}","templated":true}]}}