{"id":1697,"date":"2025-02-17T13:41:11","date_gmt":"2025-02-17T13:41:11","guid":{"rendered":"https:\/\/klinikbedarf-sport.de\/?post_type=product&#038;p=1697"},"modified":"2025-02-21T12:39:29","modified_gmt":"2025-02-21T12:39:29","slug":"virosan-smart","status":"publish","type":"product","link":"https:\/\/klinikbedarf-sport.de\/tr\/urun\/virosan-smart\/","title":{"rendered":"Virosan SMART"},"content":{"rendered":"<ul>\n<li data-start=\"312\" data-end=\"382\"><strong data-start=\"314\" data-end=\"330\">Son derece etkili<\/strong> \u00c7ok \u00e7e\u015fitli vir\u00fcs ve bakterilere kar\u015f\u0131<\/li>\n<li data-start=\"383\" data-end=\"456\"><strong data-start=\"385\" data-end=\"408\">Alkol i\u00e7ermeyen form\u00fcl<\/strong> - Malzemelere kar\u015f\u0131 nazik ve y\u00fczeyler i\u00e7in g\u00fcvenli<\/li>\n<li data-start=\"457\" data-end=\"526\"><strong data-start=\"459\" data-end=\"485\">Uzun \u00f6m\u00fcrl\u00fc koruma<\/strong> - kullan\u0131mdan sonra bile \u00e7al\u0131\u015fmaya devam eder<\/li>\n<li data-start=\"527\" data-end=\"595\">\u015eunlar i\u00e7in ideal <strong data-start=\"539\" data-end=\"593\">Hastaneler, laboratuvarlar ve g\u0131da i\u015fleme<\/strong><\/li>\n<li data-start=\"596\" data-end=\"644\"><strong data-start=\"598\" data-end=\"642\">Biyolojik olarak par\u00e7alanabilir ve \u00e7evre dostu<\/strong><\/li>\n<\/ul>","protected":false},"excerpt":{"rendered":"<ul>\n<li data-start=\"109\" data-end=\"190\">Geli\u015fmi\u015f antiviral ve antibakteriyel y\u00fczey dezenfektan\u0131<\/li>\n<li data-start=\"191\" data-end=\"224\">Uzun s\u00fcreli koruma sa\u011flar<\/li>\n<li data-start=\"225\" data-end=\"275\">Hassas ortamlarda kullan\u0131m i\u00e7in g\u00fcvenli<\/li>\n<\/ul>\n<p><strong>Bu \u00fcr\u00fcn\u00fc talep formumuz arac\u0131l\u0131\u011f\u0131yla talep edebilirsiniz.<br \/>\n<\/strong><\/p>\n<p><a class=\"xts-button xts-size-m xts-style-default xts-color-primary xts-shape-round\" href=\"https:\/\/klinikbedarf-sport.de\/tr\/kontakt\/\" data-elementor-setting-key=\"button_text\">sorgulama formuna<\/a><\/p>","protected":false},"featured_media":2022,"template":"","meta":[],"product_brand":[],"product_cat":[90],"product_tag":[],"class_list":{"0":"post-1697","1":"product","2":"type-product","3":"status-publish","4":"has-post-thumbnail","6":"product_cat-reinigung","8":"first","9":"instock","10":"taxable","11":"shipping-taxable","12":"product-type-simple"},"_links":{"self":[{"href":"https:\/\/klinikbedarf-sport.de\/tr\/wp-json\/wp\/v2\/product\/1697","targetHints":{"allow":["GET"]}}],"collection":[{"href":"https:\/\/klinikbedarf-sport.de\/tr\/wp-json\/wp\/v2\/product"}],"about":[{"href":"https:\/\/klinikbedarf-sport.de\/tr\/wp-json\/wp\/v2\/types\/product"}],"version-history":[{"count":4,"href":"https:\/\/klinikbedarf-sport.de\/tr\/wp-json\/wp\/v2\/product\/1697\/revisions"}],"predecessor-version":[{"id":1751,"href":"https:\/\/klinikbedarf-sport.de\/tr\/wp-json\/wp\/v2\/product\/1697\/revisions\/1751"}],"wp:featuredmedia":[{"embeddable":true,"href":"https:\/\/klinikbedarf-sport.de\/tr\/wp-json\/wp\/v2\/media\/2022"}],"wp:attachment":[{"href":"https:\/\/klinikbedarf-sport.de\/tr\/wp-json\/wp\/v2\/media?parent=1697"}],"wp:term":[{"taxonomy":"product_brand","embeddable":true,"href":"https:\/\/klinikbedarf-sport.de\/tr\/wp-json\/wp\/v2\/product_brand?post=1697"},{"taxonomy":"product_cat","embeddable":true,"href":"https:\/\/klinikbedarf-sport.de\/tr\/wp-json\/wp\/v2\/product_cat?post=1697"},{"taxonomy":"product_tag","embeddable":true,"href":"https:\/\/klinikbedarf-sport.de\/tr\/wp-json\/wp\/v2\/product_tag?post=1697"}],"curies":[{"name":"wp","href":"https:\/\/api.w.org\/{rel}","templated":true}]}}