{"id":1689,"date":"2025-02-17T13:30:58","date_gmt":"2025-02-17T13:30:58","guid":{"rendered":"https:\/\/klinikbedarf-sport.de\/?post_type=product&#038;p=1689"},"modified":"2025-03-05T08:03:25","modified_gmt":"2025-03-05T08:03:25","slug":"beautyzell","status":"publish","type":"product","link":"https:\/\/klinikbedarf-sport.de\/tr\/urun\/beautyzell\/","title":{"rendered":"Beautyzell\u00ae"},"content":{"rendered":"<ul>\n<li data-start=\"3178\" data-end=\"3256\">\u0130svi\u00e7re'de tasarland\u0131, Almanya'da geli\u015ftirildi, <strong data-start=\"3227\" data-end=\"3254\">\u0130svi\u00e7re'de \u00fcretilmi\u015ftir<\/strong><\/li>\n<li data-start=\"3257\" data-end=\"3338\">Kullan\u0131m Alanlar\u0131 <strong data-start=\"3264\" data-end=\"3286\">lamellar yap\u0131<\/strong>Piyasadaki em\u00fclsiyon bazl\u0131 kremlerin 99%'sinden farkl\u0131 olarak<\/li>\n<li data-start=\"3339\" data-end=\"3406\"><strong data-start=\"3341\" data-end=\"3378\">10 kat daha y\u00fcksek kolajen konsantrasyonu<\/strong> geleneksel \u00fcr\u00fcnlerden daha<\/li>\n<li data-start=\"3407\" data-end=\"3477\"><strong data-start=\"3409\" data-end=\"3432\">\u0130svi\u00e7re buzul suyu<\/strong> derin nemlendirme ve daha fazla emilim i\u00e7in<\/li>\n<li data-start=\"3478\" data-end=\"3544\"><strong data-start=\"3480\" data-end=\"3502\">Edelweiss \u00f6z\u00fc:<\/strong> UV kaynakl\u0131 cilt hasar\u0131na kar\u015f\u0131 korur<\/li>\n<li data-start=\"3545\" data-end=\"3616\"><strong data-start=\"3547\" data-end=\"3567\">Deniz yosunu \u00f6z\u00fc:<\/strong> Zararl\u0131 progerin seviyelerini azaltarak ya\u015flanmay\u0131 yava\u015flat\u0131r<\/li>\n<li data-start=\"3617\" data-end=\"3710\"><strong data-start=\"3619\" data-end=\"3649\">Ye\u015fil ve beyaz \u00e7ay \u00f6z\u00fc:<\/strong> Antioksidan koruma sa\u011flar, anti-enflamatuar etkiler<\/li>\n<li data-start=\"3711\" data-end=\"3796\"><strong data-start=\"3713\" data-end=\"3733\">Hyaluronik asit:<\/strong> K\u0131sa zincirli derinlere n\u00fcfuz eder, uzun zincirli y\u00fczeyi nemlendirir\n<p><a href=\"https:\/\/klinikbedarf-sport.de\/wp-content\/uploads\/2025\/03\/SLA-Supplement-Testing-v2.pdf\">Hizmet Seviyesi Anla\u015fmas\u0131: G\u0131da takviyeleri<\/a><\/li>\n<\/ul>","protected":false},"excerpt":{"rendered":"<ul>\n<li data-start=\"2872\" data-end=\"2930\">Hasarl\u0131 cilt h\u00fccrelerini yeniler (\u00f6rn. n\u00f6rodermatit)<\/li>\n<li data-start=\"2931\" data-end=\"3052\">Cilt h\u00fccrelerini gen\u00e7le\u015ftirir: elastikiyeti art\u0131r\u0131r, Procollagen 1'i g\u00fc\u00e7lendirir, su depolamay\u0131 art\u0131r\u0131r = daha az k\u0131r\u0131\u015f\u0131kl\u0131k\/sel\u00fclit<\/li>\n<li data-start=\"3053\" data-end=\"3150\">Yeni cildi fitobiyotiklerle korur: Edelweiss \u00f6z\u00fc, so\u011fuk deniz yosunu, at kuyru\u011fu, oxyBOOOST\u00ae<\/li>\n<\/ul>\n<p><strong>Bu \u00fcr\u00fcn\u00fc talep formumuz arac\u0131l\u0131\u011f\u0131yla talep edebilirsiniz.<br \/>\n<\/strong><\/p>\n<p><a class=\"xts-button xts-size-m xts-style-default xts-color-primary xts-shape-round\" href=\"https:\/\/klinikbedarf-sport.de\/tr\/kontakt\/\" data-elementor-setting-key=\"button_text\">sorgulama formuna<\/a><\/p>","protected":false},"featured_media":0,"template":"","meta":[],"product_brand":[],"product_cat":[92],"product_tag":[],"class_list":{"0":"post-1689","1":"product","2":"type-product","3":"status-publish","5":"product_cat-sport","7":"first","8":"instock","9":"taxable","10":"shipping-taxable","11":"product-type-simple"},"_links":{"self":[{"href":"https:\/\/klinikbedarf-sport.de\/tr\/wp-json\/wp\/v2\/product\/1689","targetHints":{"allow":["GET"]}}],"collection":[{"href":"https:\/\/klinikbedarf-sport.de\/tr\/wp-json\/wp\/v2\/product"}],"about":[{"href":"https:\/\/klinikbedarf-sport.de\/tr\/wp-json\/wp\/v2\/types\/product"}],"version-history":[{"count":5,"href":"https:\/\/klinikbedarf-sport.de\/tr\/wp-json\/wp\/v2\/product\/1689\/revisions"}],"predecessor-version":[{"id":2232,"href":"https:\/\/klinikbedarf-sport.de\/tr\/wp-json\/wp\/v2\/product\/1689\/revisions\/2232"}],"wp:attachment":[{"href":"https:\/\/klinikbedarf-sport.de\/tr\/wp-json\/wp\/v2\/media?parent=1689"}],"wp:term":[{"taxonomy":"product_brand","embeddable":true,"href":"https:\/\/klinikbedarf-sport.de\/tr\/wp-json\/wp\/v2\/product_brand?post=1689"},{"taxonomy":"product_cat","embeddable":true,"href":"https:\/\/klinikbedarf-sport.de\/tr\/wp-json\/wp\/v2\/product_cat?post=1689"},{"taxonomy":"product_tag","embeddable":true,"href":"https:\/\/klinikbedarf-sport.de\/tr\/wp-json\/wp\/v2\/product_tag?post=1689"}],"curies":[{"name":"wp","href":"https:\/\/api.w.org\/{rel}","templated":true}]}}