{"id":1599,"date":"2025-02-17T12:41:20","date_gmt":"2025-02-17T12:41:20","guid":{"rendered":"https:\/\/klinikbedarf-sport.de\/?post_type=product&#038;p=1599"},"modified":"2025-03-18T10:02:43","modified_gmt":"2025-03-18T10:02:43","slug":"smartzell-cartilage","status":"publish","type":"product","link":"https:\/\/klinikbedarf-sport.de\/tr\/urun\/smartzell-cartilage\/","title":{"rendered":"ak\u0131ll\u0131|zell k\u0131k\u0131rdak+"},"content":{"rendered":"<p><strong>Beslenme bilgileri<\/strong><\/p>\n<p>Tavsiye edilen g\u00fcnl\u00fck 10 g doz ba\u015f\u0131na hesaplanm\u0131\u015ft\u0131r<\/p>\n<ul>\n<li>Karbonhidrat 4,1 g ve bunun 3,8 g'\u0131 \u015feker<\/li>\n<li>Protein 3.1g<\/li>\n<li>Ya\u011f 0,08g<\/li>\n<li>Diyet lifi 0,05 g<\/li>\n<li>Sodyum 0.064g<\/li>\n<li>Kalorifik de\u011fer kcal (kJ) 31,4 (132)<\/li>\n<\/ul>\n<h4>\u0130\u00e7indekiler<\/h4>\n<ul>\n<li>Dekstroz<\/li>\n<li>Kolajen hidrolizat<\/li>\n<li>Glukozamin s\u00fclfat<\/li>\n<li>Kondroitin s\u00fclfat<\/li>\n<li>Asitleyici sitrik asit E330<\/li>\n<li>Whey protein (s\u00fct proteini, ay\u00e7i\u00e7e\u011fi lesitini, kalsiyum fosfat)<\/li>\n<li>Aroma verici (aroma verici ekstraktlar, do\u011fal aroma vericiler; arap zamk\u0131 E414 i\u00e7erir)<\/li>\n<li>Chia tohumlar\u0131<\/li>\n<li>Hidroksiprolin<\/li>\n<li>Tropikal meyve \u00f6z\u00fc (maltodekstrin, renklendirici cape yasemin \u00f6z\u00fc)<\/li>\n<\/ul>\n<h4>G\u00fcnl\u00fck 10 g doz ba\u015f\u0131na i\u00e7erikler<\/h4>\n<ul>\n<li>1200 mg glukozamin<\/li>\n<li>800 mg kondroitin<\/li>\n<li>41 mg Omega 3<\/li>\n<li>12 mg omega 6<\/li>\n<\/ul>\n<p>\u00c7e\u015fitli ve dengeli bir diyete ve sa\u011fl\u0131kl\u0131 bir ya\u015fam tarz\u0131na ek olarak.  Haz\u0131rlan\u0131\u015f\u0131: 1 porsiyon \/ g\u00fcn = 10g (yakla\u015f\u0131k 1 yemek ka\u015f\u0131\u011f\u0131) 200ml suda \u00e7\u00f6z\u00fcl\u00fcr.<\/p>\n<p><strong>\u00dcr\u00fcn herhangi bir bal\u0131k i\u00e7eri\u011fi i\u00e7ermez.<\/strong><\/p>\n<p>Nesli t\u00fckenmekte olan t\u00fcrlerin korunmas\u0131na y\u00f6nelik giri\u015fimi kuvvetle destekliyoruz.<\/p>\n<p>Bu nedenle \u015funu s\u00f6ylemeye gerek yok\u00a0<strong>Hi\u00e7biri<\/strong>\u00a0\u00dcr\u00fcnlerimizde yunuslar, balinalar ve k\u00f6pekbal\u0131klar\u0131 gibi nesli t\u00fckenmekte olan hayvanlardan gelebilecek kondroitin s\u00fclfat gibi hammaddeler kullanm\u0131yoruz.<\/p>\n<p><a href=\"https:\/\/klinikbedarf-sport.de\/wp-content\/uploads\/2025\/02\/Erklaerungen-fuer-webshop.pptx\">smartzell i\u00e7in veri sayfas\u0131<\/a><\/p>\n<p><a href=\"https:\/\/klinikbedarf-sport.de\/wp-content\/uploads\/2025\/03\/SLA-Supplement-Testing-v2.pdf\">Hizmet Seviyesi Anla\u015fmas\u0131: G\u0131da takviyeleri<\/a><\/p>","protected":false},"excerpt":{"rendered":"<ul>\n<li data-start=\"140\" data-end=\"188\">K\u0131k\u0131rdak dokusunun yenilenmesini destekler<\/li>\n<li data-start=\"189\" data-end=\"237\">Enflamasyonu azalt\u0131r ve eklemleri korur<\/li>\n<li data-start=\"238\" data-end=\"292\">K\u0131k\u0131rdak olu\u015fumu i\u00e7in gerekli besinleri i\u00e7erir<\/li>\n<\/ul>\n<p><strong>Bu \u00fcr\u00fcn\u00fc talep formumuz arac\u0131l\u0131\u011f\u0131yla talep edebilirsiniz.<br \/>\n<\/strong><\/p>\n<p><a class=\"xts-button xts-size-m xts-style-default xts-color-primary xts-shape-round\" href=\"https:\/\/klinikbedarf-sport.de\/tr\/kontakt\/\" data-elementor-setting-key=\"button_text\">sorgulama formuna<\/a><\/p>","protected":false},"featured_media":1966,"template":"","meta":[],"product_brand":[],"product_cat":[92],"product_tag":[],"class_list":{"0":"post-1599","1":"product","2":"type-product","3":"status-publish","4":"has-post-thumbnail","6":"product_cat-sport","8":"first","9":"instock","10":"taxable","11":"shipping-taxable","12":"product-type-simple"},"_links":{"self":[{"href":"https:\/\/klinikbedarf-sport.de\/tr\/wp-json\/wp\/v2\/product\/1599","targetHints":{"allow":["GET"]}}],"collection":[{"href":"https:\/\/klinikbedarf-sport.de\/tr\/wp-json\/wp\/v2\/product"}],"about":[{"href":"https:\/\/klinikbedarf-sport.de\/tr\/wp-json\/wp\/v2\/types\/product"}],"version-history":[{"count":12,"href":"https:\/\/klinikbedarf-sport.de\/tr\/wp-json\/wp\/v2\/product\/1599\/revisions"}],"predecessor-version":[{"id":2355,"href":"https:\/\/klinikbedarf-sport.de\/tr\/wp-json\/wp\/v2\/product\/1599\/revisions\/2355"}],"wp:featuredmedia":[{"embeddable":true,"href":"https:\/\/klinikbedarf-sport.de\/tr\/wp-json\/wp\/v2\/media\/1966"}],"wp:attachment":[{"href":"https:\/\/klinikbedarf-sport.de\/tr\/wp-json\/wp\/v2\/media?parent=1599"}],"wp:term":[{"taxonomy":"product_brand","embeddable":true,"href":"https:\/\/klinikbedarf-sport.de\/tr\/wp-json\/wp\/v2\/product_brand?post=1599"},{"taxonomy":"product_cat","embeddable":true,"href":"https:\/\/klinikbedarf-sport.de\/tr\/wp-json\/wp\/v2\/product_cat?post=1599"},{"taxonomy":"product_tag","embeddable":true,"href":"https:\/\/klinikbedarf-sport.de\/tr\/wp-json\/wp\/v2\/product_tag?post=1599"}],"curies":[{"name":"wp","href":"https:\/\/api.w.org\/{rel}","templated":true}]}}