{"id":31,"date":"2023-04-20T11:47:35","date_gmt":"2023-04-20T11:47:35","guid":{"rendered":"https:\/\/dummy.xtemos.com\/woodmart2\/furniture2-elementor\/?page_id=31"},"modified":"2025-02-03T12:19:30","modified_gmt":"2025-02-03T12:19:30","slug":"ueber-uns","status":"publish","type":"page","link":"https:\/\/klinikbedarf-sport.de\/tr\/ueber-uns\/","title":{"rendered":"Hakk\u0131m\u0131zda"},"content":{"rendered":"<div data-elementor-type=\"wp-page\" data-elementor-id=\"31\" class=\"elementor elementor-31\">\n\t\t\t\t\t\t<section class=\"wd-negative-gap elementor-section elementor-top-section elementor-element elementor-element-3d1e8e0 wd-section-stretch elementor-section-boxed elementor-section-height-default elementor-section-height-default\" data-id=\"3d1e8e0\" data-element_type=\"section\" data-settings=\"{&quot;background_background&quot;:&quot;classic&quot;}\">\n\t\t\t\t\t\t<div class=\"elementor-container elementor-column-gap-default\">\n\t\t\t\t\t<div class=\"elementor-column elementor-col-100 elementor-top-column elementor-element elementor-element-c014e56\" data-id=\"c014e56\" data-element_type=\"column\">\n\t\t\t<div class=\"elementor-widget-wrap elementor-element-populated\">\n\t\t\t\t\t\t<div class=\"elementor-element elementor-element-4b4f656 wd-width-100 elementor-widget elementor-widget-wd_title\" data-id=\"4b4f656\" data-element_type=\"widget\" data-widget_type=\"wd_title.default\">\n\t\t\t\t<div class=\"elementor-widget-container\">\n\t\t\t\t\t\t\t<div class=\"title-wrapper wd-set-mb reset-last-child wd-title-color-white wd-title-style-default wd-title-size-default text-center\">\n\n\t\t\t\n\t\t\t<div class=\"liner-continer\">\n\t\t\t\t<h4 class=\"woodmart-title-container title wd-fontsize-l\">Hakk\u0131m\u0131zda <\/h4> \n\t\t\t\t\t\t\t<\/div>\n\n\t\t\t\t\t<\/div>\n\t\t\t\t\t\t<\/div>\n\t\t\t\t<\/div>\n\t\t\t\t\t<\/div>\n\t\t<\/div>\n\t\t\t\t\t<\/div>\n\t\t<\/section>\n\t\t<div class=\"wd-negative-gap elementor-element elementor-element-558899b e-flex e-con-boxed e-con e-parent\" data-id=\"558899b\" data-element_type=\"container\">\n\t\t\t\t\t<div class=\"e-con-inner\">\n\t\t<div class=\"elementor-element elementor-element-9aff3ab e-con-full e-flex e-con e-child\" data-id=\"9aff3ab\" data-element_type=\"container\">\n\t\t\t\t<div class=\"elementor-element elementor-element-78a5da3 wd-width-100 elementor-widget elementor-widget-wd_title\" data-id=\"78a5da3\" data-element_type=\"widget\" data-widget_type=\"wd_title.default\">\n\t\t\t\t<div class=\"elementor-widget-container\">\n\t\t\t\t\t\t\t<div class=\"title-wrapper wd-set-mb reset-last-child wd-title-color-default wd-title-style-default wd-title-size-large text-left\">\n\n\t\t\t\n\t\t\t<div class=\"liner-continer\">\n\t\t\t\t<h4 class=\"woodmart-title-container title wd-fontsize-xxl\">Online ma\u011fazam\u0131z hakk\u0131nda<\/h4> \n\t\t\t\t\t\t\t<\/div>\n\n\t\t\t\t\t<\/div>\n\t\t\t\t\t\t<\/div>\n\t\t\t\t<\/div>\n\t\t\t\t<div class=\"elementor-element elementor-element-49b9a13 elementor-widget elementor-widget-wd_text_block\" data-id=\"49b9a13\" data-element_type=\"widget\" data-widget_type=\"wd_text_block.default\">\n\t\t\t\t<div class=\"elementor-widget-container\">\n\t\t\t\t\t\t\t<div class=\"wd-text-block reset-last-child text-left\">\n\t\t\t\n\t\t\t<p>Lorem ipsum dolor sit amet, consectetur adipiscing elit. Pellentesque convallis imperdiet massa, eget feugiat est vestibulum in. Mauris lobortis metus ac tortor volutpat faucibus. Ut rutrum volutpat nulla, at pharetra arcu eleifend tincidunt. Proin nec lacinia leo. Pellentesque a lobortis lectus. In blandit enim lacus, et auctor orci feugiat quis. Donec malesuada, lacus et venenatis sodales, dolor ante pretium sapien, et posuere massa mauris nec eros. Curabitur finibus, dolor nec cursus egestas, turpis augue commodo mi, in tempus sapien diam ac nibh. Quisque faucibus nibh lacus, at pellentesque urna luctus eget.<\/p><p>Suspendisse tempor, nulla eget pretium ultrices, orci est condimentum lorem, id tristique ipsum urna vel lacus. Sed eu fringilla orci, vitae placerat nisl. Phasellus vitae imperdiet tortor. Nulla mollis enim tellus, vitae aliquam leo orare quis. Phasellus condimentum ullamcorper sem sed laoreet. Suspendisse nec odio mauris. Fusce pharetra mattis tincidunt. Quisque semper, nulla sed porttitor vestibulum, lacus nibh suscipit justo, vitae ullamcorper dolor risus quis sem. Donec sagittis arcu velit, in mattis massa convallis vel. Vestibulum tristique erat ut sagittis tempus.<\/p>\n\t\t\t\t\t<\/div>\n\t\t\t\t\t\t<\/div>\n\t\t\t\t<\/div>\n\t\t\t\t<\/div>\n\t\t\t\t\t<\/div>\n\t\t\t\t<\/div>\n\t\t<div class=\"wd-negative-gap elementor-element elementor-element-fb645a2 elementor-hidden-desktop elementor-hidden-tablet elementor-hidden-mobile e-flex e-con-boxed e-con e-parent\" data-id=\"fb645a2\" data-element_type=\"container\">\n\t\t\t\t\t<div class=\"e-con-inner\">\n\t\t\t\t<div class=\"elementor-element elementor-element-a880382 wd-width-100 elementor-widget elementor-widget-wd_title\" data-id=\"a880382\" data-element_type=\"widget\" data-widget_type=\"wd_title.default\">\n\t\t\t\t<div class=\"elementor-widget-container\">\n\t\t\t\t\t\t\t<div class=\"title-wrapper wd-set-mb reset-last-child wd-title-color-default wd-title-style-default wd-title-size-large text-center\">\n\n\t\t\t\n\t\t\t<div class=\"liner-continer\">\n\t\t\t\t<h4 class=\"woodmart-title-container title wd-fontsize-xxl\">Ekip \u00fcyeleri<\/h4> \n\t\t\t\t\t\t\t<\/div>\n\n\t\t\t\t\t\t\t<div class=\"title-after_title reset-last-child wd-fontsize-s\">\n\t\t\t\t\t<p>Tedarik\u00e7ilerimizin \u00fcr\u00fcn koleksiyonlar\u0131n\u0131 ke\u015ffedin<\/p>\t\t\t\t<\/div>\n\t\t\t\t\t<\/div>\n\t\t\t\t\t\t<\/div>\n\t\t\t\t<\/div>\n\t\t\t\t\t<\/div>\n\t\t\t\t<\/div>\n\t\t<div class=\"wd-negative-gap elementor-element elementor-element-ee9cd00 elementor-hidden-desktop elementor-hidden-tablet elementor-hidden-mobile e-flex e-con-boxed e-con e-parent\" data-id=\"ee9cd00\" data-element_type=\"container\">\n\t\t\t\t\t<div class=\"e-con-inner\">\n\t\t\t\t<div class=\"elementor-element elementor-element-d6f1258 elementor-widget__width-initial elementor-widget elementor-widget-wd_team_member\" data-id=\"d6f1258\" data-element_type=\"widget\" data-widget_type=\"wd_team_member.default\">\n\t\t\t\t<div class=\"elementor-widget-container\">\n\t\t\t\t\t\t\t<div class=\"team-member member-layout-default text-center\">\n\t\t\t\t\t\t\t<div class=\"member-image-wrapper\">\n\t\t\t\t\t<div class=\"member-image\">\n\t\t\t\t\t\t<img fetchpriority=\"high\" decoding=\"async\" width=\"280\" height=\"280\" src=\"https:\/\/klinikbedarf-sport.de\/wp-content\/uploads\/2023\/04\/wd-furniture-teammember-1-opt-280x280.png\" class=\"attachment-280x280 size-280x280\" alt=\"\" srcset=\"https:\/\/klinikbedarf-sport.de\/wp-content\/uploads\/2023\/04\/wd-furniture-teammember-1-opt-280x280.png 280w, https:\/\/klinikbedarf-sport.de\/wp-content\/uploads\/2023\/04\/wd-furniture-teammember-1-opt-150x150.png 150w, https:\/\/klinikbedarf-sport.de\/wp-content\/uploads\/2023\/04\/wd-furniture-teammember-1-opt.png 560w\" sizes=\"(max-width: 280px) 100vw, 280px\" \/>\t\t\t\t\t<\/div>\n\t\t\t\t<\/div>\n\t\t\t\n\t\t\t<div class=\"member-details wd-set-mb reset-last-child\">\n\t\t\t\t\t\t\t\t\t<h4 class=\"member-name\">\n\t\t\t\t\t\tMarvin McKinney\t\t\t\t\t<\/h4>\n\t\t\t\t\n\t\t\t\t\t\t\t\t\t<div class=\"member-position\">\n\t\t\t\t\t\tCEO, kurucu ortak\t\t\t\t\t<\/div>\n\t\t\t\t\n\t\t\t\t\n\t\t\t\t\t\t<div class=\"member-social\">\n\t\t\t<div class=\"wd-social-icons wd-style-colored wd-size-default wd-shape-circle\">\n\t\t\t\t\t\t\t\t\t<a rel=\"noopener noreferrer nofollow\" class=\"wd-social-icon social-facebook\" href=\"#\">\n\t\t\t\t\t\t<span class=\"wd-icon\"><\/span>\n\t\t\t\t\t<\/a>\n\t\t\t\t\n\t\t\t\t\n\t\t\t\t\t\t\t\t\t<a rel=\"noopener noreferrer nofollow\" class=\"wd-social-icon social-linkedin\" href=\"#\">\n\t\t\t\t\t\t<span class=\"wd-icon\"><\/span>\n\t\t\t\t\t<\/a>\n\t\t\t\t\n\t\t\t\t\n\t\t\t\t\t\t\t\t\t<a rel=\"noopener noreferrer nofollow\" class=\"wd-social-icon social-instagram\" href=\"#\">\n\t\t\t\t\t\t<span class=\"wd-icon\"><\/span>\n\t\t\t\t\t<\/a>\n\t\t\t\t\t\t\t<\/div>\n\t\t<\/div>\n\t\t\t\t\t<\/div>\n\t\t<\/div>\n\t\t\t\t\t\t<\/div>\n\t\t\t\t<\/div>\n\t\t\t\t<div class=\"elementor-element elementor-element-a19bcb0 elementor-widget__width-initial elementor-widget elementor-widget-wd_team_member\" data-id=\"a19bcb0\" data-element_type=\"widget\" data-widget_type=\"wd_team_member.default\">\n\t\t\t\t<div class=\"elementor-widget-container\">\n\t\t\t\t\t\t\t<div class=\"team-member member-layout-default text-center\">\n\t\t\t\t\t\t\t<div class=\"member-image-wrapper\">\n\t\t\t\t\t<div class=\"member-image\">\n\t\t\t\t\t\t<img decoding=\"async\" width=\"280\" height=\"280\" src=\"https:\/\/klinikbedarf-sport.de\/wp-content\/uploads\/2023\/04\/wd-furniture-teammember-2-opt-280x280.png\" class=\"attachment-280x280 size-280x280\" alt=\"\" srcset=\"https:\/\/klinikbedarf-sport.de\/wp-content\/uploads\/2023\/04\/wd-furniture-teammember-2-opt-280x280.png 280w, https:\/\/klinikbedarf-sport.de\/wp-content\/uploads\/2023\/04\/wd-furniture-teammember-2-opt-150x150.png 150w, https:\/\/klinikbedarf-sport.de\/wp-content\/uploads\/2023\/04\/wd-furniture-teammember-2-opt.png 560w\" sizes=\"(max-width: 280px) 100vw, 280px\" \/>\t\t\t\t\t<\/div>\n\t\t\t\t<\/div>\n\t\t\t\n\t\t\t<div class=\"member-details wd-set-mb reset-last-child\">\n\t\t\t\t\t\t\t\t\t<h4 class=\"member-name\">\n\t\t\t\t\t\tDianne Russell\t\t\t\t\t<\/h4>\n\t\t\t\t\n\t\t\t\t\t\t\t\t\t<div class=\"member-position\">\n\t\t\t\t\t\tCEO, kurucu ortak\t\t\t\t\t<\/div>\n\t\t\t\t\n\t\t\t\t\n\t\t\t\t\t\t<div class=\"member-social\">\n\t\t\t<div class=\"wd-social-icons wd-style-colored wd-size-default wd-shape-circle\">\n\t\t\t\t\t\t\t\t\t<a rel=\"noopener noreferrer nofollow\" class=\"wd-social-icon social-facebook\" href=\"#\">\n\t\t\t\t\t\t<span class=\"wd-icon\"><\/span>\n\t\t\t\t\t<\/a>\n\t\t\t\t\n\t\t\t\t\t\t\t\t\t<a rel=\"noopener noreferrer nofollow\" class=\"wd-social-icon social-twitter\" href=\"#\">\n\t\t\t\t\t\t<span class=\"wd-icon\"><\/span>\n\t\t\t\t\t<\/a>\n\t\t\t\t\n\t\t\t\t\t\t\t\t\t<a rel=\"noopener noreferrer nofollow\" class=\"wd-social-icon social-linkedin\" href=\"#\">\n\t\t\t\t\t\t<span class=\"wd-icon\"><\/span>\n\t\t\t\t\t<\/a>\n\t\t\t\t\n\t\t\t\t\n\t\t\t\t\t\t\t\t\t<a rel=\"noopener noreferrer nofollow\" class=\"wd-social-icon social-instagram\" href=\"#\">\n\t\t\t\t\t\t<span class=\"wd-icon\"><\/span>\n\t\t\t\t\t<\/a>\n\t\t\t\t\t\t\t<\/div>\n\t\t<\/div>\n\t\t\t\t\t<\/div>\n\t\t<\/div>\n\t\t\t\t\t\t<\/div>\n\t\t\t\t<\/div>\n\t\t\t\t<div class=\"elementor-element elementor-element-14c4998 elementor-widget__width-initial elementor-widget elementor-widget-wd_team_member\" data-id=\"14c4998\" data-element_type=\"widget\" data-widget_type=\"wd_team_member.default\">\n\t\t\t\t<div class=\"elementor-widget-container\">\n\t\t\t\t\t\t\t<div class=\"team-member member-layout-default text-center\">\n\t\t\t\t\t\t\t<div class=\"member-image-wrapper\">\n\t\t\t\t\t<div class=\"member-image\">\n\t\t\t\t\t\t<img decoding=\"async\" width=\"280\" height=\"280\" src=\"https:\/\/klinikbedarf-sport.de\/wp-content\/uploads\/2023\/04\/wd-furniture-teammember-3-opt-280x280.png\" class=\"attachment-280x280 size-280x280\" alt=\"\" srcset=\"https:\/\/klinikbedarf-sport.de\/wp-content\/uploads\/2023\/04\/wd-furniture-teammember-3-opt-280x280.png 280w, https:\/\/klinikbedarf-sport.de\/wp-content\/uploads\/2023\/04\/wd-furniture-teammember-3-opt-150x150.png 150w, https:\/\/klinikbedarf-sport.de\/wp-content\/uploads\/2023\/04\/wd-furniture-teammember-3-opt.png 560w\" sizes=\"(max-width: 280px) 100vw, 280px\" \/>\t\t\t\t\t<\/div>\n\t\t\t\t<\/div>\n\t\t\t\n\t\t\t<div class=\"member-details wd-set-mb reset-last-child\">\n\t\t\t\t\t\t\t\t\t<h4 class=\"member-name\">\n\t\t\t\t\t\tKristin Watson\t\t\t\t\t<\/h4>\n\t\t\t\t\n\t\t\t\t\t\t\t\t\t<div class=\"member-position\">\n\t\t\t\t\t\tCEO, kurucu ortak\t\t\t\t\t<\/div>\n\t\t\t\t\n\t\t\t\t\n\t\t\t\t\t\t<div class=\"member-social\">\n\t\t\t<div class=\"wd-social-icons wd-style-colored wd-size-default wd-shape-circle\">\n\t\t\t\t\t\t\t\t\t<a rel=\"noopener noreferrer nofollow\" class=\"wd-social-icon social-facebook\" href=\"#\">\n\t\t\t\t\t\t<span class=\"wd-icon\"><\/span>\n\t\t\t\t\t<\/a>\n\t\t\t\t\n\t\t\t\t\t\t\t\t\t<a rel=\"noopener noreferrer nofollow\" class=\"wd-social-icon social-twitter\" href=\"#\">\n\t\t\t\t\t\t<span class=\"wd-icon\"><\/span>\n\t\t\t\t\t<\/a>\n\t\t\t\t\n\t\t\t\t\n\t\t\t\t\n\t\t\t\t\t\t\t\t\t<a rel=\"noopener noreferrer nofollow\" class=\"wd-social-icon social-instagram\" href=\"#\">\n\t\t\t\t\t\t<span class=\"wd-icon\"><\/span>\n\t\t\t\t\t<\/a>\n\t\t\t\t\t\t\t<\/div>\n\t\t<\/div>\n\t\t\t\t\t<\/div>\n\t\t<\/div>\n\t\t\t\t\t\t<\/div>\n\t\t\t\t<\/div>\n\t\t\t\t\t<\/div>\n\t\t\t\t<\/div>\n\t\t<div class=\"wd-negative-gap elementor-element elementor-element-826d1dc elementor-hidden-desktop elementor-hidden-tablet elementor-hidden-mobile e-flex e-con-boxed e-con e-parent\" data-id=\"826d1dc\" data-element_type=\"container\" data-settings=\"{&quot;background_background&quot;:&quot;classic&quot;}\">\n\t\t\t\t\t<div class=\"e-con-inner\">\n\t\t<div class=\"elementor-element elementor-element-527b668 e-con-full e-flex e-con e-child\" data-id=\"527b668\" data-element_type=\"container\" data-settings=\"{&quot;background_background&quot;:&quot;classic&quot;}\">\n\t\t\t\t<div class=\"elementor-element elementor-element-4c89eaa wd-width-100 elementor-widget elementor-widget-wd_title\" data-id=\"4c89eaa\" data-element_type=\"widget\" data-widget_type=\"wd_title.default\">\n\t\t\t\t<div class=\"elementor-widget-container\">\n\t\t\t\t\t\t\t<div class=\"title-wrapper wd-set-mb reset-last-child wd-title-color-white wd-title-style-default wd-title-size-large text-center\">\n\n\t\t\t\t\t\t\t\t\t\t\t<div class=\"title-subtitle subtitle-color-white subtitle-style-default wd-fontsize-xs\">\n\t\t\t\t\tMobilya koleksiyonlar\u0131\t\t\t\t<\/div>\n\t\t\t\n\t\t\t<div class=\"liner-continer\">\n\t\t\t\t<h4 class=\"woodmart-title-container title wd-fontsize-xxl\">\u0130\u015fimize nas\u0131l ba\u015flad\u0131k<\/h4> \n\t\t\t\t\t\t\t<\/div>\n\n\t\t\t\t\t<\/div>\n\t\t\t\t\t\t<\/div>\n\t\t\t\t<\/div>\n\t\t\t\t<div class=\"elementor-element elementor-element-30d31dc wd-width-100 elementor-widget elementor-widget-wd_video\" data-id=\"30d31dc\" data-element_type=\"widget\" data-widget_type=\"wd_video.default\">\n\t\t\t\t<div class=\"elementor-widget-container\">\n\t\t\t\t\t\n\t\t<div class=\"wd-el-video wd-action-play wd-video-youtube text-center\">\n\t\t\t\n\t\t\t\n\t\t\t\t\t\t\t<a href=\"https:\/\/www.youtube.com\/watch?v=XHOmBV4js_E\" class=\"wd-el-video-btn\">\n\t\t\t\t\t<span class=\"wd-el-video-play-btn\"><\/span>\n\t\t\t\t\t\t\t\t\t<\/a>\n\t\t\t\n\t\t\t\t\t<\/div>\n\t\t\t\t\t\t<\/div>\n\t\t\t\t<\/div>\n\t\t\t\t<\/div>\n\t\t\t\t\t<\/div>\n\t\t\t\t<\/div>\n\t\t<div class=\"wd-negative-gap elementor-element elementor-element-43bbe8e wd-collapsible-content elementor-hidden-desktop elementor-hidden-tablet elementor-hidden-mobile e-flex e-con-boxed e-con e-parent\" data-id=\"43bbe8e\" data-element_type=\"container\">\n\t\t\t\t\t<div class=\"e-con-inner\">\n\t\t\t\t<div class=\"elementor-element elementor-element-20b137d elementor-widget elementor-widget-wd_text_block\" data-id=\"20b137d\" data-element_type=\"widget\" data-widget_type=\"wd_text_block.default\">\n\t\t\t\t<div class=\"elementor-widget-container\">\n\t\t\t\t\t\t\t<div class=\"wd-text-block reset-last-child text-left\">\n\t\t\t\n\t\t\t<h3>Geni\u015f bir mobilya ve dekor yelpazesine sahip online ma\u011faza<\/h3><p>Mobilya, her odan\u0131n de\u011fi\u015fmez bir \u00f6zelli\u011fidir. Do\u011fru atmosferi veren, alan\u0131 rahat ve konforlu hale getiren, verimli \u00e7al\u0131\u015fma i\u00e7in uygun ko\u015fullar yaratan veya zor bir g\u00fcn\u00fcn ard\u0131ndan dinlenmeye yard\u0131mc\u0131 olan onlard\u0131r. M\u00fc\u015fteriler, bo\u015f zamanlar\u0131nda bilgisayar ba\u015f\u0131nda oturabilecekleri, foto\u011fraftaki mobilyalar\u0131 d\u00fczenleyebilecekleri ve be\u011fendikleri mobilyalar\u0131 sakince sat\u0131n alabilecekleri \u00e7evrimi\u00e7i bir ma\u011fazaya giderek daha s\u0131k sipari\u015f vermek istiyor. Online ma\u011faza geni\u015f bir mobilya katalo\u011funa sahiptir: hem ev hem de ofis mobilyalar\u0131 mevcuttur.<\/p><h3>Mobilya \u00fcretimi modern bir sanat bi\u00e7imidir<\/h3><p>Mobilya \u00fcreticileri ve di\u011fer ev e\u015fyas\u0131 \u00fcreticileri \u015fa\u015f\u0131rt\u0131c\u0131 tekliflerle doludur: s\u0131k s\u0131k hem standart seri \u00fcretim \u00fcr\u00fcnlere hem de benzersiz kreasyonlara rastlar\u0131z - ger\u00e7ek g\u00fczellik uzmanlar\u0131 taraf\u0131ndan takdir edilecek profesyonel ustalar\u0131n mobilyalar\u0131. Her bir \u00fcr\u00fcn biriminde zarafet, kalite ve pratikli\u011fi ustal\u0131kla birle\u015ftirmeyi ba\u015faran modern ustalar\u0131n en iyi modellerini sizin i\u00e7in se\u00e7tik. \u00dcr\u00fcn yelpazemiz kendini kan\u0131tlam\u0131\u015f \u015firketlerin \u00fcr\u00fcnlerini i\u00e7ermektedir. Uzun y\u0131llar boyunca s\u00fcrekli ortak \u00e7al\u0131\u015fma, g\u00fcvenilirliklerinden ve d\u00fcr\u00fcstl\u00fcklerinden \u015f\u00fcphe etmek i\u00e7in bir neden vermedi. Hepsi \u00fcr\u00fcnlerinin y\u00fcksek kalitesini, m\u00fckemmel \u00e7al\u0131\u015fma \u00f6zelliklerini, \u00fcr\u00fcnlerin \u00e7ekici g\u00f6r\u00fcn\u00fcm\u00fcn\u00fc, mobilyalar\u0131n uzun s\u00fcre kullan\u0131m\u0131n\u0131 ve g\u00fcvenli\u011fi garanti eder.<\/p>\n\t\t\t\t\t<\/div>\n\t\t\t\t\t\t<\/div>\n\t\t\t\t<\/div>\n\t\t\t\t<div class=\"elementor-element elementor-element-cf18f75 elementor-widget elementor-widget-wd_button\" data-id=\"cf18f75\" data-element_type=\"widget\" data-widget_type=\"wd_button.default\">\n\t\t\t\t<div class=\"elementor-widget-container\">\n\t\t\t\t\t\t\t<div class=\"wd-button-wrapper text-left wd-collapsible-button\" >\n\t\t\t<a class=\"btn btn-style-link btn-shape- btn-size-default btn-color-primary btn-icon-pos-right\"  href=\"#\">\n\t\t\t\t<span class=\"wd-btn-text\" data-elementor-setting-key=\"text\">\n\t\t\t\t\tDaha fazla bilgi edinin\t\t\t\t<\/span>\n\n\t\t\t\t\t\t\t<\/a>\n\t\t<\/div>\n\t\t\t\t\t\t<\/div>\n\t\t\t\t<\/div>\n\t\t\t\t\t<\/div>\n\t\t\t\t<\/div>\n\t\t\t\t<\/div>","protected":false},"excerpt":{"rendered":"<p>\u00dcber uns \u00dcber unseren Online Shop Lorem ipsum dolor sit amet, consectetur adipiscing elit. Pellentesque convallis imperdiet massa, eget feugiat<\/p>","protected":false},"author":1,"featured_media":0,"parent":0,"menu_order":0,"comment_status":"closed","ping_status":"closed","template":"","meta":{"footnotes":""},"class_list":["post-31","page","type-page","status-publish","hentry"],"_links":{"self":[{"href":"https:\/\/klinikbedarf-sport.de\/tr\/wp-json\/wp\/v2\/pages\/31","targetHints":{"allow":["GET"]}}],"collection":[{"href":"https:\/\/klinikbedarf-sport.de\/tr\/wp-json\/wp\/v2\/pages"}],"about":[{"href":"https:\/\/klinikbedarf-sport.de\/tr\/wp-json\/wp\/v2\/types\/page"}],"author":[{"embeddable":true,"href":"https:\/\/klinikbedarf-sport.de\/tr\/wp-json\/wp\/v2\/users\/1"}],"replies":[{"embeddable":true,"href":"https:\/\/klinikbedarf-sport.de\/tr\/wp-json\/wp\/v2\/comments?post=31"}],"version-history":[{"count":4,"href":"https:\/\/klinikbedarf-sport.de\/tr\/wp-json\/wp\/v2\/pages\/31\/revisions"}],"predecessor-version":[{"id":1546,"href":"https:\/\/klinikbedarf-sport.de\/tr\/wp-json\/wp\/v2\/pages\/31\/revisions\/1546"}],"wp:attachment":[{"href":"https:\/\/klinikbedarf-sport.de\/tr\/wp-json\/wp\/v2\/media?parent=31"}],"curies":[{"name":"wp","href":"https:\/\/api.w.org\/{rel}","templated":true}]}}