{"id":2298,"date":"2025-03-07T12:53:00","date_gmt":"2025-03-07T12:53:00","guid":{"rendered":"https:\/\/klinikbedarf-sport.de\/?page_id=2298"},"modified":"2025-03-07T12:54:44","modified_gmt":"2025-03-07T12:54:44","slug":"lizenzantrag-gefi","status":"publish","type":"page","link":"https:\/\/klinikbedarf-sport.de\/tr\/lizenzantrag-gefi\/","title":{"rendered":"GeFi lisans ba\u015fvurusu"},"content":{"rendered":"<div data-elementor-type=\"wp-page\" data-elementor-id=\"2298\" class=\"elementor elementor-2298\">\n\t\t\t\t<div class=\"elementor-element elementor-element-ab6e9d7 e-flex e-con-boxed e-con e-parent\" data-id=\"ab6e9d7\" data-element_type=\"container\">\n\t\t\t\t\t<div class=\"e-con-inner\">\n\t\t\t\t<div class=\"elementor-element elementor-element-6880647 elementor-widget elementor-widget-heading\" data-id=\"6880647\" data-element_type=\"widget\" data-widget_type=\"heading.default\">\n\t\t\t\t<div class=\"elementor-widget-container\">\n\t\t\t\t\t<h2 class=\"elementor-heading-title elementor-size-default\">\u00d6zel bir da\u011f\u0131t\u0131m orta\u011f\u0131 olun - GeFi evcil hayvan \u00fcr\u00fcnlerini d\u00fcnya \u00e7ap\u0131nda da\u011f\u0131t\u0131n<\/h2>\t\t\t\t<\/div>\n\t\t\t\t<\/div>\n\t\t\t\t<div class=\"elementor-element elementor-element-f1e366b color-scheme-inherit text-left elementor-widget elementor-widget-text-editor\" data-id=\"f1e366b\" data-element_type=\"widget\" data-widget_type=\"text-editor.default\">\n\t\t\t\t<div class=\"elementor-widget-container\">\n\t\t\t\t\t\t\t\t\t<p data-pm-slice=\"1 1 []\">\u00dclkenizde y\u00fcksek kaliteli hayvansal \u00fcr\u00fcnler satmak ister misiniz? <strong>GeFi<\/strong> hayvanlar i\u00e7in do\u011fal, s\u00fcrd\u00fcr\u00fclebilir ve yenilik\u00e7i \u00fcr\u00fcnler anlam\u0131na gelir. Resmi bir sat\u0131\u015f orta\u011f\u0131 olarak g\u00fc\u00e7l\u00fc bir markaya, birinci s\u0131n\u0131f \u00fcr\u00fcnlere ve profesyonel deste\u011fe eri\u015fim elde edersiniz.<\/p>\t\t\t\t\t\t\t\t<\/div>\n\t\t\t\t<\/div>\n\t\t\t\t<div class=\"elementor-element elementor-element-886f4df elementor-widget elementor-widget-heading\" data-id=\"886f4df\" data-element_type=\"widget\" data-widget_type=\"heading.default\">\n\t\t\t\t<div class=\"elementor-widget-container\">\n\t\t\t\t\t<h2 class=\"elementor-heading-title elementor-size-default\">Neden GeFi?<\/h2>\t\t\t\t<\/div>\n\t\t\t\t<\/div>\n\t\t\t\t<div class=\"elementor-element elementor-element-b3a3bf4 elementor-align-left elementor-icon-list--layout-traditional elementor-list-item-link-full_width elementor-widget elementor-widget-icon-list\" data-id=\"b3a3bf4\" data-element_type=\"widget\" data-widget_type=\"icon-list.default\">\n\t\t\t\t<div class=\"elementor-widget-container\">\n\t\t\t\t\t\t\t<ul class=\"elementor-icon-list-items\">\n\t\t\t\t\t\t\t<li class=\"elementor-icon-list-item\">\n\t\t\t\t\t\t\t\t\t\t\t<span class=\"elementor-icon-list-icon\">\n\t\t\t\t\t\t\t<svg aria-hidden=\"true\" class=\"e-font-icon-svg e-fas-check\" viewbox=\"0 0 512 512\" xmlns=\"http:\/\/www.w3.org\/2000\/svg\"><path d=\"M173.898 439.404l-166.4-166.4c-9.997-9.997-9.997-26.206 0-36.204l36.203-36.204c9.997-9.998 26.207-9.998 36.204 0L192 312.69 432.095 72.596c9.997-9.997 26.207-9.997 36.204 0l36.203 36.204c9.997 9.997 9.997 26.206 0 36.204l-294.4 294.401c-9.998 9.997-26.207 9.997-36.204-.001z\"><\/path><\/svg>\t\t\t\t\t\t<\/span>\n\t\t\t\t\t\t\t\t\t\t<span class=\"elementor-icon-list-text\">S\u00fcrd\u00fcr\u00fclebilir kalite: \u00dcr\u00fcnlerimiz do\u011fal, \u00e7evre dostu ve hayvanlar\u0131n ihtiya\u00e7lar\u0131n\u0131 kar\u015f\u0131lamak i\u00e7in optimize edilmi\u015ftir.<\/span>\n\t\t\t\t\t\t\t\t\t<\/li>\n\t\t\t\t\t\t\t\t<li class=\"elementor-icon-list-item\">\n\t\t\t\t\t\t\t\t\t\t\t<span class=\"elementor-icon-list-icon\">\n\t\t\t\t\t\t\t<svg aria-hidden=\"true\" class=\"e-font-icon-svg e-fas-check\" viewbox=\"0 0 512 512\" xmlns=\"http:\/\/www.w3.org\/2000\/svg\"><path d=\"M173.898 439.404l-166.4-166.4c-9.997-9.997-9.997-26.206 0-36.204l36.203-36.204c9.997-9.998 26.207-9.998 36.204 0L192 312.69 432.095 72.596c9.997-9.997 26.207-9.997 36.204 0l36.203 36.204c9.997 9.997 9.997 26.206 0 36.204l-294.4 294.401c-9.998 9.997-26.207 9.997-36.204-.001z\"><\/path><\/svg>\t\t\t\t\t\t<\/span>\n\t\t\t\t\t\t\t\t\t\t<span class=\"elementor-icon-list-text\">M\u00fcnhas\u0131r lisans: Artan talep ile g\u00fc\u00e7l\u00fc bir i\u015f segmentini g\u00fcvence alt\u0131na al\u0131n.<\/span>\n\t\t\t\t\t\t\t\t\t<\/li>\n\t\t\t\t\t\t\t\t<li class=\"elementor-icon-list-item\">\n\t\t\t\t\t\t\t\t\t\t\t<span class=\"elementor-icon-list-icon\">\n\t\t\t\t\t\t\t<svg aria-hidden=\"true\" class=\"e-font-icon-svg e-fas-check\" viewbox=\"0 0 512 512\" xmlns=\"http:\/\/www.w3.org\/2000\/svg\"><path d=\"M173.898 439.404l-166.4-166.4c-9.997-9.997-9.997-26.206 0-36.204l36.203-36.204c9.997-9.998 26.207-9.998 36.204 0L192 312.69 432.095 72.596c9.997-9.997 26.207-9.997 36.204 0l36.203 36.204c9.997 9.997 9.997 26.206 0 36.204l-294.4 294.401c-9.998 9.997-26.207 9.997-36.204-.001z\"><\/path><\/svg>\t\t\t\t\t\t<\/span>\n\t\t\t\t\t\t\t\t\t\t<span class=\"elementor-icon-list-text\">Uzman deste\u011fi: Uzmanl\u0131k ve tavsiyelerle yan\u0131n\u0131zday\u0131z.<\/span>\n\t\t\t\t\t\t\t\t\t<\/li>\n\t\t\t\t\t\t<\/ul>\n\t\t\t\t\t\t<\/div>\n\t\t\t\t<\/div>\n\t\t\t\t<div class=\"elementor-element elementor-element-9839510 elementor-widget elementor-widget-heading\" data-id=\"9839510\" data-element_type=\"widget\" data-widget_type=\"heading.default\">\n\t\t\t\t<div class=\"elementor-widget-container\">\n\t\t\t\t\t<h2 class=\"elementor-heading-title elementor-size-default\">\u015eimdi sat\u0131\u015f orta\u011f\u0131 olun!<\/h2>\t\t\t\t<\/div>\n\t\t\t\t<\/div>\n\t\t\t\t<div class=\"elementor-element elementor-element-fdc0264 color-scheme-inherit text-left elementor-widget elementor-widget-text-editor\" data-id=\"fdc0264\" data-element_type=\"widget\" data-widget_type=\"text-editor.default\">\n\t\t\t\t<div class=\"elementor-widget-container\">\n\t\t\t\t\t\t\t\t\t<p data-pm-slice=\"1 1 []\">A\u015fa\u011f\u0131daki formu doldurun ve \u00fclkenizi se\u00e7in. Ba\u015far\u0131l\u0131 bir do\u011frulaman\u0131n ard\u0131ndan, lisanslama ve sonraki ad\u0131mlar hakk\u0131nda gerekli t\u00fcm bilgileri alacaks\u0131n\u0131z.<\/p><p>\u00a0<\/p>\t\t\t\t\t\t\t\t<\/div>\n\t\t\t\t<\/div>\n\t\t\t\t<div class=\"elementor-element elementor-element-5ea602a elementor-widget elementor-widget-heading\" data-id=\"5ea602a\" data-element_type=\"widget\" data-widget_type=\"heading.default\">\n\t\t\t\t<div class=\"elementor-widget-container\">\n\t\t\t\t\t<h2 class=\"elementor-heading-title elementor-size-default\">\u015eimdi ba\u015fvurun ve GeFi'yi \u00fclkenize getirin!<\/h2>\t\t\t\t<\/div>\n\t\t\t\t<\/div>\n\t\t\t\t<div class=\"elementor-element elementor-element-aaf48b2 elementor-widget__width-initial elementor-widget elementor-widget-shortcode\" data-id=\"aaf48b2\" data-element_type=\"widget\" data-widget_type=\"shortcode.default\">\n\t\t\t\t<div class=\"elementor-widget-container\">\n\t\t\t\t\t\t\t<div class=\"elementor-shortcode\">\n<div class=\"wpcf7 no-js\" id=\"wpcf7-f2297-o1\" lang=\"en-US\" dir=\"ltr\" data-wpcf7-id=\"2297\">\n<div class=\"screen-reader-response\"><p role=\"status\" aria-live=\"polite\" aria-atomic=\"true\"><\/p> <ul><\/ul><\/div>\n<form action=\"\/tr\/wp-json\/wp\/v2\/pages\/2298#wpcf7-f2297-o1\" method=\"post\" class=\"wpcf7-form init\" aria-label=\"\u0130leti\u015fim formu\" novalidate=\"novalidate\" data-status=\"init\" data-trp-original-action=\"\/tr\/wp-json\/wp\/v2\/pages\/2298#wpcf7-f2297-o1\">\n<div style=\"display: none;\">\n<input type=\"hidden\" name=\"_wpcf7\" value=\"2297\" \/>\n<input type=\"hidden\" name=\"_wpcf7_version\" value=\"6.0.5\" \/>\n<input type=\"hidden\" name=\"_wpcf7_locale\" value=\"en_US\" \/>\n<input type=\"hidden\" name=\"_wpcf7_unit_tag\" value=\"wpcf7-f2297-o1\" \/>\n<input type=\"hidden\" name=\"_wpcf7_container_post\" value=\"0\" \/>\n<input type=\"hidden\" name=\"_wpcf7_posted_data_hash\" value=\"\" \/>\n<\/div>\n<p><span class=\"wpcf7-form-control-wrap\" data-name=\"land\"><select class=\"wpcf7-form-control wpcf7-select wpcf7-validates-as-required\" aria-required=\"true\" aria-invalid=\"false\" name=\"land\"><option value=\"\">L\u00fctfen bir \u00fclke se\u00e7in<\/option><option value=\"Afghanistan\">Afganistan<\/option><option value=\"Albania\">Arnavutluk<\/option><option value=\"Algeria\">Cezayir<\/option><option value=\"Andorra\">Andorra<\/option><option value=\"Angola\">Angola<\/option><option value=\"Antigua and Barbuda\">Antigua ve Barbuda<\/option><option value=\"Argentina\">Arjantin<\/option><option value=\"Armenia\">Ermenistan<\/option><option value=\"Australia\">Avustralya<\/option><option value=\"Austria\">Avusturya<\/option><option value=\"Azerbaijan\">Azerbaycan<\/option><option value=\"Bahamas\">Bahamalar<\/option><option value=\"Bahrain\">Bahreyn<\/option><option value=\"Bangladesh\">Banglade\u015f<\/option><option value=\"Barbados\">Barbados<\/option><option value=\"Belarus\">Belarus<\/option><option value=\"Belgium\">Bel\u00e7ika<\/option><option value=\"Belize\">Belize<\/option><option value=\"Benin\">Benin<\/option><option value=\"Bhutan\">Bhutan<\/option><option value=\"Bolivia\">Bolivya<\/option><option value=\"Bosnia and Herzegovina\">Bosna Hersek<\/option><option value=\"Botswana\">Botsvana<\/option><option value=\"Brazil\">Brezilya<\/option><option value=\"Brunei\">Brunei<\/option><option value=\"Bulgaria\">Bulgaristan<\/option><option value=\"Burkina Faso\">Burkina Faso<\/option><option value=\"Burundi\">Burundi<\/option><option value=\"Cabo Verde\">Cabo Verde<\/option><option value=\"Cambodia\">Kambo\u00e7ya<\/option><option value=\"Cameroon\">Kamerun<\/option><option value=\"Canada\">Kanada<\/option><option value=\"Central African Republic\">Orta Afrika Cumhuriyeti<\/option><option value=\"Chad\">Chad<\/option><option value=\"Chile\">\u015eili<\/option><option value=\"China\">\u00c7in<\/option><option value=\"Colombia\">Kolombiya<\/option><option value=\"Comoros\">Komorlar<\/option><option value=\"Congo (Congo-Brazzaville)\">Kongo (Kongo-Brazzaville)<\/option><option value=\"Costa Rica\">Kosta Rika<\/option><option value=\"Croatia\">H\u0131rvatistan<\/option><option value=\"Cuba\">K\u00fcba<\/option><option value=\"Cyprus\">K\u0131br\u0131s<\/option><option value=\"Czechia (Czech Republic)\">\u00c7ekya (\u00c7ek Cumhuriyeti)<\/option><option value=\"Denmark\">Danimarka<\/option><option value=\"Djibouti\">Cibuti<\/option><option value=\"Dominica\">Dominika<\/option><option value=\"Dominican Republic\">Dominik Cumhuriyeti<\/option><option value=\"Ecuador\">Ekvador<\/option><option value=\"Egypt\">M\u0131s\u0131r<\/option><option value=\"El Salvador\">El Salvador<\/option><option value=\"Equatorial Guinea\">Ekvator Ginesi<\/option><option value=\"Eritrea\">Eritre<\/option><option value=\"Estonia\">Estonya<\/option><option value=\"Eswatini (fmr. Swaziland)\">Eswatini (eski ad\u0131 Svaziland)<\/option><option value=\"Ethiopia\">Etiyopya<\/option><option value=\"Fiji\">Fiji<\/option><option value=\"Finland\">Finlandiya<\/option><option value=\"France\">Fransa<\/option><option value=\"Gabon\">Gabon<\/option><option value=\"Gambia\">Gambiya<\/option><option value=\"Georgia\">G\u00fcrcistan<\/option><option value=\"Germany\">Almanya<\/option><option value=\"Ghana\">Gana<\/option><option value=\"Greece\">Yunanistan<\/option><option value=\"Grenada\">Grenada<\/option><option value=\"Guatemala\">Guatemala<\/option><option value=\"Guinea\">Gine<\/option><option value=\"Guinea-Bissau\">Gine-Bissau<\/option><option value=\"Guyana\">Guyana<\/option><option value=\"Haiti\">Haiti<\/option><option value=\"Honduras\">Honduras<\/option><option value=\"Hungary\">Macaristan<\/option><option value=\"Iceland\">\u0130zlanda<\/option><option value=\"India\">Hindistan<\/option><option value=\"Indonesia\">Endonezya<\/option><option value=\"Iran\">\u0130ran<\/option><option value=\"Iraq\">Irak<\/option><option value=\"Ireland\">\u0130rlanda<\/option><option value=\"Israel\">\u0130srail<\/option><option value=\"Italy\">\u0130talya<\/option><option value=\"Jamaica\">Jamaika<\/option><option value=\"Japan\">Japonya<\/option><option value=\"Jordan\">\u00dcrd\u00fcn<\/option><option value=\"Kazakhstan\">Kazakistan<\/option><option value=\"Kenya\">Kenya<\/option><option value=\"Kiribati\">Kiribati<\/option><option value=\"Kuwait\">Kuveyt<\/option><option value=\"Kyrgyzstan\">K\u0131rg\u0131zistan<\/option><option value=\"Laos\">Laos<\/option><option value=\"Latvia\">Letonya<\/option><option value=\"Lebanon\">L\u00fcbnan<\/option><option value=\"Lesotho\">Lesotho<\/option><option value=\"Liberia\">Liberya<\/option><option value=\"Libya\">Libya<\/option><option value=\"Liechtenstein\">Lihten\u015ftayn<\/option><option value=\"Lithuania\">Litvanya<\/option><option value=\"Luxembourg\">L\u00fcksemburg<\/option><option value=\"Madagascar\">Madagaskar<\/option><option value=\"Malawi\">Malavi<\/option><option value=\"Malaysia\">Malezya<\/option><option value=\"Maldives\">Maldivler<\/option><option value=\"Mali\">Mali<\/option><option value=\"Malta\">Malta<\/option><option value=\"Marshall Islands\">Marshall Adalar\u0131<\/option><option value=\"Mauritania\">Moritanya<\/option><option value=\"Mauritius\">Mauritius<\/option><option value=\"Mexico\">Meksika<\/option><option value=\"Micronesia\">Mikronezya<\/option><option value=\"Moldova\">Moldova<\/option><option value=\"Monaco\">Monako<\/option><option value=\"Mongolia\">Mo\u011folistan<\/option><option value=\"Montenegro\">Karada\u011f<\/option><option value=\"Morocco\">Fas<\/option><option value=\"Mozambique\">Mozambik<\/option><option value=\"Myanmar (Burma)\">Myanmar (Burma)<\/option><option value=\"Namibia\">Namibya<\/option><option value=\"Nauru\">Nauru<\/option><option value=\"Nepal\">Nepal<\/option><option value=\"Netherlands\">Hollanda<\/option><option value=\"New Zealand\">Yeni Zelanda<\/option><option value=\"Nicaragua\">Nikaragua<\/option><option value=\"Niger\">Nijer<\/option><option value=\"Nigeria\">Nijerya<\/option><option value=\"North Korea\">Kuzey Kore<\/option><option value=\"North Macedonia\">Kuzey Makedonya<\/option><option value=\"Norway\">Norve\u00e7<\/option><option value=\"Oman\">Umman<\/option><option value=\"Pakistan\">Pakistan<\/option><option value=\"Palau\">Palau<\/option><option value=\"Palestine State\">Filistin Devleti<\/option><option value=\"Panama\">Panama<\/option><option value=\"Papua New Guinea\">Papua Yeni Gine<\/option><option value=\"Paraguay\">Paraguay<\/option><option value=\"Peru\">Peru<\/option><option value=\"Philippines\">Filipinler<\/option><option value=\"Poland\">Polonya<\/option><option value=\"Portugal\">Portekiz<\/option><option value=\"Qatar\">Katar<\/option><option value=\"Romania\">Romanya<\/option><option value=\"Russia\">Rusya<\/option><option value=\"Rwanda\">Ruanda<\/option><option value=\"Saint Kitts and Nevis\">Saint Kitts ve Nevis<\/option><option value=\"Saint Lucia\">Saint Lucia<\/option><option value=\"Saint Vincent and the Grenadines\">Saint Vincent ve Grenadinler<\/option><option value=\"Samoa\">Samoa<\/option><option value=\"San Marino\">San Marino<\/option><option value=\"Sao Tome and Principe\">Sao Tome ve Principe<\/option><option value=\"Saudi Arabia\">Suudi Arabistan<\/option><option value=\"Senegal\">Senegal<\/option><option value=\"Serbia\">S\u0131rbistan<\/option><option value=\"Seychelles\">Sey\u015feller<\/option><option value=\"Sierra Leone\">Sierra Leone<\/option><option value=\"Singapore\">Singapur<\/option><option value=\"Slovakia\">Slovakya<\/option><option value=\"Slovenia\">Slovenya<\/option><option value=\"Solomon Islands\">Solomon Adalar\u0131<\/option><option value=\"Somalia\">Somali<\/option><option value=\"South Africa\">G\u00fcney Afrika<\/option><option value=\"South Korea\">G\u00fcney Kore<\/option><option value=\"South Sudan\">G\u00fcney Sudan<\/option><option value=\"Spain\">\u0130spanya<\/option><option value=\"Sri Lanka\">Sri Lanka<\/option><option value=\"Sudan\">Sudan<\/option><option value=\"Suriname\">Surinam<\/option><option value=\"Sweden\">\u0130sve\u00e7<\/option><option value=\"Switzerland\">\u0130svi\u00e7re<\/option><option value=\"Syria\">Suriye<\/option><option value=\"Tajikistan\">Tacikistan<\/option><option value=\"Tanzania\">Tanzanya<\/option><option value=\"Thailand\">Tayland<\/option><option value=\"Timor-Leste\">Do\u011fu Timor<\/option><option value=\"Togo\">Togo<\/option><option value=\"Tonga\">Tonga<\/option><option value=\"Trinidad and Tobago\">Trinidad ve Tobago<\/option><option value=\"Tunisia\">Tunus<\/option><option value=\"Turkey\">T\u00fcrkiye<\/option><option value=\"Turkmenistan\">T\u00fcrkmenistan<\/option><option value=\"Tuvalu\">Tuvalu<\/option><option value=\"Uganda\">Uganda<\/option><option value=\"Ukraine\">Ukrayna<\/option><option value=\"United Arab Emirates\">Birle\u015fik Arap Emirlikleri<\/option><option value=\"United Kingdom\">Birle\u015fik Krall\u0131k<\/option><option value=\"United States of America\">Amerika Birle\u015fik Devletleri<\/option><option value=\"Uruguay\">Uruguay<\/option><option value=\"Uzbekistan\">\u00d6zbekistan<\/option><option value=\"Vanuatu\">Vanuatu<\/option><option value=\"Vatican City\">Vatikan \u015eehri<\/option><option value=\"Venezuela\">Venezuela<\/option><option value=\"Vietnam\">Vietnam<\/option><option value=\"Yemen\">Yemen<\/option><option value=\"Zambia\">Zambiya<\/option><option value=\"Zimbabwe\">Zimbabve<\/option><\/select><\/span><br \/>\n<span class=\"wpcf7-form-control-wrap\" data-name=\"vorname\"><input size=\"40\" maxlength=\"400\" class=\"wpcf7-form-control wpcf7-text wpcf7-validates-as-required\" aria-required=\"true\" aria-invalid=\"false\" placeholder=\"\u0130lk isim\" value=\"\" type=\"text\" name=\"vorname\" \/><\/span><br \/>\n<span class=\"wpcf7-form-control-wrap\" data-name=\"nachname\"><input size=\"40\" maxlength=\"400\" class=\"wpcf7-form-control wpcf7-text wpcf7-validates-as-required\" aria-required=\"true\" aria-invalid=\"false\" placeholder=\"Soyad\u0131\" value=\"\" type=\"text\" name=\"nachname\" \/><\/span><br \/>\n<span class=\"wpcf7-form-control-wrap\" data-name=\"firmenname\"><input size=\"40\" maxlength=\"400\" class=\"wpcf7-form-control wpcf7-text wpcf7-validates-as-required\" aria-required=\"true\" aria-invalid=\"false\" placeholder=\"\u015eirket ad\u0131\" value=\"\" type=\"text\" name=\"firmenname\" \/><\/span><br \/>\n<span class=\"wpcf7-form-control-wrap\" data-name=\"steuernummer\"><input size=\"40\" maxlength=\"400\" class=\"wpcf7-form-control wpcf7-text wpcf7-validates-as-required\" aria-required=\"true\" aria-invalid=\"false\" placeholder=\"Vergi numaras\u0131\" value=\"\" type=\"text\" name=\"steuernummer\" \/><\/span><br \/>\n<span class=\"wpcf7-form-control-wrap\" data-name=\"umsatzsteuernummer\"><input size=\"40\" maxlength=\"400\" class=\"wpcf7-form-control wpcf7-text wpcf7-validates-as-required\" aria-required=\"true\" aria-invalid=\"false\" placeholder=\"Sat\u0131\u015f vergisi numaras\u0131\" value=\"\" type=\"text\" name=\"umsatzsteuernummer\" \/><\/span><br \/>\n<span class=\"wpcf7-form-control-wrap\" data-name=\"email\"><input size=\"40\" maxlength=\"400\" class=\"wpcf7-form-control wpcf7-email wpcf7-validates-as-required wpcf7-text wpcf7-validates-as-email\" aria-required=\"true\" aria-invalid=\"false\" placeholder=\"E-posta adresiniz\" value=\"\" type=\"email\" name=\"email\" \/><\/span><br \/>\n<span class=\"wpcf7-form-control-wrap\" data-name=\"telefon\"><input size=\"40\" maxlength=\"400\" class=\"wpcf7-form-control wpcf7-tel wpcf7-text wpcf7-validates-as-tel\" aria-invalid=\"false\" placeholder=\"Telefon numaran\u0131z\" value=\"\" type=\"tel\" name=\"telefon\" \/><\/span><br \/>\n<span class=\"wpcf7-form-control-wrap\" data-name=\"nachricht\"><textarea cols=\"40\" rows=\"10\" maxlength=\"2000\" class=\"wpcf7-form-control wpcf7-textarea\" aria-invalid=\"false\" placeholder=\"Mesaj\u0131n\u0131z\" name=\"nachricht\"><\/textarea><\/span><br \/>\n<span class=\"wpcf7-form-control-wrap\" data-name=\"zustimmung\"><span class=\"wpcf7-form-control wpcf7-checkbox\"><span class=\"wpcf7-list-item first last\"><input type=\"checkbox\" name=\"zustimmung[]\" value=\"Erlaubnis zum Erhalt von Neuigkeiten und Angeboten\" \/><span class=\"wpcf7-list-item-label\">Haber ve teklifleri almak i\u00e7in izin<\/span><\/span><\/span><\/span><br \/>\n<span class=\"wpcf7-form-control-wrap\" data-name=\"dsgvo\"><span class=\"wpcf7-form-control wpcf7-acceptance\"><span class=\"wpcf7-list-item\"><label><input type=\"checkbox\" name=\"dsgvo\" value=\"1\" aria-invalid=\"false\" \/><span class=\"wpcf7-list-item-label\">Ki\u015fisel verilerimin saklanmas\u0131n\u0131 kabul ediyorum. \n<a href=\"https:\/\/klinikbedarf-sport.de\/tr\/datenschutzerklaerung\/\" target=\"_blank\">Gizlilik Politikas\u0131<\/a><\/span><\/label><\/span><\/span><\/span><br \/>\n<span id=\"wpcf7-69e5dbc31c335-wrapper\" class=\"wpcf7-form-control-wrap honeypot-1-wrap\" ><input type=\"hidden\" name=\"honeypot-1-time-start\" value=\"1776671683\"><input type=\"hidden\" name=\"honeypot-1-time-check\" value=\"4\"><label for=\"wpcf7-69e5dbc31c335-field\" class=\"hp-message\">L\u00fctfen bu alan\u0131 bo\u015f b\u0131rak\u0131n.<\/label><input id=\"wpcf7-69e5dbc31c335-field\"  placeholder=\"L\u00fctfen bu alan\u0131 doldurmay\u0131n\"  class=\"wpcf7-form-control wpcf7-text\" type=\"text\" name=\"honeypot-1\" value=\"\" size=\"40\" tabindex=\"-1\" autocomplete=\"off\" \/><\/span><br \/>\n<input class=\"wpcf7-form-control wpcf7-submit has-spinner\" type=\"submit\" value=\"G\u00f6nder\" \/>\n<\/p><div class=\"wpcf7-response-output\" aria-hidden=\"true\"><\/div>\n<input type=\"hidden\" name=\"trp-form-language\" value=\"tr\"\/><\/form>\n<\/div>\n<\/div>\n\t\t\t\t\t\t<\/div>\n\t\t\t\t<\/div>\n\t\t\t\t\t<\/div>\n\t\t\t\t<\/div>\n\t\t\t\t<\/div>","protected":false},"excerpt":{"rendered":"<p>Exklusiver Vertriebspartner werden \u2013 GeFi Tierprodukte weltweit vertreiben M\u00f6chten Sie hochwertige Tierprodukte in Ihrem Land vertreiben? GeFi steht f\u00fcr nat\u00fcrliche,<\/p>","protected":false},"author":1,"featured_media":0,"parent":0,"menu_order":0,"comment_status":"closed","ping_status":"closed","template":"elementor_header_footer","meta":{"footnotes":""},"class_list":["post-2298","page","type-page","status-publish","hentry"],"_links":{"self":[{"href":"https:\/\/klinikbedarf-sport.de\/tr\/wp-json\/wp\/v2\/pages\/2298","targetHints":{"allow":["GET"]}}],"collection":[{"href":"https:\/\/klinikbedarf-sport.de\/tr\/wp-json\/wp\/v2\/pages"}],"about":[{"href":"https:\/\/klinikbedarf-sport.de\/tr\/wp-json\/wp\/v2\/types\/page"}],"author":[{"embeddable":true,"href":"https:\/\/klinikbedarf-sport.de\/tr\/wp-json\/wp\/v2\/users\/1"}],"replies":[{"embeddable":true,"href":"https:\/\/klinikbedarf-sport.de\/tr\/wp-json\/wp\/v2\/comments?post=2298"}],"version-history":[{"count":4,"href":"https:\/\/klinikbedarf-sport.de\/tr\/wp-json\/wp\/v2\/pages\/2298\/revisions"}],"predecessor-version":[{"id":2302,"href":"https:\/\/klinikbedarf-sport.de\/tr\/wp-json\/wp\/v2\/pages\/2298\/revisions\/2302"}],"wp:attachment":[{"href":"https:\/\/klinikbedarf-sport.de\/tr\/wp-json\/wp\/v2\/media?parent=2298"}],"curies":[{"name":"wp","href":"https:\/\/api.w.org\/{rel}","templated":true}]}}