{"id":1885,"date":"2025-02-18T10:01:00","date_gmt":"2025-02-18T10:01:00","guid":{"rendered":"https:\/\/klinikbedarf-sport.de\/?page_id=1885"},"modified":"2026-03-09T09:28:42","modified_gmt":"2026-03-09T09:28:42","slug":"mainpage","status":"publish","type":"page","link":"https:\/\/klinikbedarf-sport.de\/tr\/","title":{"rendered":"ana sayfa"},"content":{"rendered":"<div data-elementor-type=\"wp-page\" data-elementor-id=\"1885\" class=\"elementor elementor-1885\">\n\t\t\t\t<div class=\"elementor-element elementor-element-0f2abca e-con-full e-flex e-con e-parent\" data-id=\"0f2abca\" data-element_type=\"container\" data-settings=\"{&quot;background_background&quot;:&quot;classic&quot;}\">\n\t\t\t\t<div class=\"elementor-element elementor-element-d5da61f elementor-widget elementor-widget-spacer\" data-id=\"d5da61f\" data-element_type=\"widget\" data-widget_type=\"spacer.default\">\n\t\t\t\t<div class=\"elementor-widget-container\">\n\t\t\t\t\t\t\t<div class=\"elementor-spacer\">\n\t\t\t<div class=\"elementor-spacer-inner\"><\/div>\n\t\t<\/div>\n\t\t\t\t\t\t<\/div>\n\t\t\t\t<\/div>\n\t\t\t\t<div class=\"elementor-element elementor-element-d770b2e elementor-widget elementor-widget-heading\" data-id=\"d770b2e\" data-element_type=\"widget\" data-widget_type=\"heading.default\">\n\t\t\t\t<div class=\"elementor-widget-container\">\n\t\t\t\t\t<h2 class=\"elementor-heading-title elementor-size-default\"> Profesyonel ve g\u00fcvenilir bak\u0131m<\/h2>\t\t\t\t<\/div>\n\t\t\t\t<\/div>\n\t\t\t\t<div class=\"elementor-element elementor-element-5af963c color-scheme-inherit text-left elementor-widget elementor-widget-text-editor\" data-id=\"5af963c\" data-element_type=\"widget\" data-widget_type=\"text-editor.default\">\n\t\t\t\t<div class=\"elementor-widget-container\">\n\t\t\t\t\t\t\t\t\t<p data-start=\"109\" data-end=\"197\"><em data-start=\"109\" data-end=\"195\">Hastane malzemeleri, bebek mamas\u0131, spor malzemeleri ve daha fazlas\u0131 i\u00e7in g\u00fcvenilir orta\u011f\u0131n\u0131z!<\/em><\/p><h3 data-start=\"199\" data-end=\"259\">\u00a0<\/h3>\t\t\t\t\t\t\t\t<\/div>\n\t\t\t\t<\/div>\n\t\t\t\t<div class=\"elementor-element elementor-element-19d1431 elementor-widget elementor-widget-button\" data-id=\"19d1431\" data-element_type=\"widget\" data-widget_type=\"button.default\">\n\t\t\t\t<div class=\"elementor-widget-container\">\n\t\t\t\t\t\t\t\t\t<div class=\"elementor-button-wrapper\">\n\t\t\t\t\t<a class=\"elementor-button elementor-button-link elementor-size-sm\" href=\"https:\/\/klinikbedarf-sport.de\/tr\/babymill\/\">\n\t\t\t\t\t\t<span class=\"elementor-button-content-wrapper\">\n\t\t\t\t\t\t\t\t\t<span class=\"elementor-button-text\">Zu unserer neuen Marke \"BABYMILL\"<\/span>\n\t\t\t\t\t<\/span>\n\t\t\t\t\t<\/a>\n\t\t\t\t<\/div>\n\t\t\t\t\t\t\t\t<\/div>\n\t\t\t\t<\/div>\n\t\t\t\t<div class=\"elementor-element elementor-element-35a75ed elementor-widget elementor-widget-spacer\" data-id=\"35a75ed\" data-element_type=\"widget\" data-widget_type=\"spacer.default\">\n\t\t\t\t<div class=\"elementor-widget-container\">\n\t\t\t\t\t\t\t<div class=\"elementor-spacer\">\n\t\t\t<div class=\"elementor-spacer-inner\"><\/div>\n\t\t<\/div>\n\t\t\t\t\t\t<\/div>\n\t\t\t\t<\/div>\n\t\t\t\t<\/div>\n\t\t<div class=\"elementor-element elementor-element-00d85a4 e-con-full e-flex e-con e-parent\" data-id=\"00d85a4\" data-element_type=\"container\" data-settings=\"{&quot;background_background&quot;:&quot;classic&quot;}\">\n\t\t\t\t<div class=\"elementor-element elementor-element-805d92d elementor-widget elementor-widget-spacer\" data-id=\"805d92d\" data-element_type=\"widget\" data-widget_type=\"spacer.default\">\n\t\t\t\t<div class=\"elementor-widget-container\">\n\t\t\t\t\t\t\t<div class=\"elementor-spacer\">\n\t\t\t<div class=\"elementor-spacer-inner\"><\/div>\n\t\t<\/div>\n\t\t\t\t\t\t<\/div>\n\t\t\t\t<\/div>\n\t\t\t\t<\/div>\n\t\t<div class=\"wd-negative-gap elementor-element elementor-element-5bd4a09 e-flex e-con-boxed e-con e-parent\" data-id=\"5bd4a09\" data-element_type=\"container\">\n\t\t\t\t\t<div class=\"e-con-inner\">\n\t\t<div class=\"elementor-element elementor-element-c06816c e-con-full e-flex e-con e-child\" data-id=\"c06816c\" data-element_type=\"container\">\n\t\t<div class=\"elementor-element elementor-element-6ef6c11 e-con-full e-flex e-con e-child\" data-id=\"6ef6c11\" data-element_type=\"container\" data-settings=\"{&quot;background_background&quot;:&quot;classic&quot;}\">\n\t\t\t\t<div class=\"elementor-element elementor-element-2e99fd5 elementor-widget elementor-widget-image\" data-id=\"2e99fd5\" data-element_type=\"widget\" data-widget_type=\"image.default\">\n\t\t\t\t<div class=\"elementor-widget-container\">\n\t\t\t\t\t\t\t\t\t\t\t\t\t\t\t\t<a href=\"https:\/\/klinikbedarf-sport.de\/tr\/babymill\/\" target=\"_blank\">\n\t\t\t\t\t\t\t<img fetchpriority=\"high\" decoding=\"async\" width=\"1024\" height=\"1024\" src=\"https:\/\/klinikbedarf-sport.de\/wp-content\/uploads\/2025\/02\/K-dunkelblau-1-1024x1024.png\" class=\"attachment-large size-large wp-image-1884\" alt=\"\" srcset=\"https:\/\/klinikbedarf-sport.de\/wp-content\/uploads\/2025\/02\/K-dunkelblau-1-1024x1024.png 1024w, https:\/\/klinikbedarf-sport.de\/wp-content\/uploads\/2025\/02\/K-dunkelblau-1-300x300.png 300w, https:\/\/klinikbedarf-sport.de\/wp-content\/uploads\/2025\/02\/K-dunkelblau-1-150x150.png 150w, https:\/\/klinikbedarf-sport.de\/wp-content\/uploads\/2025\/02\/K-dunkelblau-1-768x768.png 768w, https:\/\/klinikbedarf-sport.de\/wp-content\/uploads\/2025\/02\/K-dunkelblau-1-12x12.png 12w, https:\/\/klinikbedarf-sport.de\/wp-content\/uploads\/2025\/02\/K-dunkelblau-1-600x600.png 600w, https:\/\/klinikbedarf-sport.de\/wp-content\/uploads\/2025\/02\/K-dunkelblau-1-1200x1200.png 1200w, https:\/\/klinikbedarf-sport.de\/wp-content\/uploads\/2025\/02\/K-dunkelblau-1.png 1250w\" sizes=\"(max-width: 1024px) 100vw, 1024px\" \/>\t\t\t\t\t\t\t\t<\/a>\n\t\t\t\t\t\t\t\t\t\t\t\t\t\t\t<\/div>\n\t\t\t\t<\/div>\n\t\t\t\t<div class=\"elementor-element elementor-element-b5076f4 elementor-widget elementor-widget-heading\" data-id=\"b5076f4\" data-element_type=\"widget\" data-widget_type=\"heading.default\">\n\t\t\t\t<div class=\"elementor-widget-container\">\n\t\t\t\t\t<h2 class=\"elementor-heading-title elementor-size-default\"><a href=\"https:\/\/biavid-baby.tr\/de\/\">Bebek mamas\u0131<\/a><\/h2>\t\t\t\t<\/div>\n\t\t\t\t<\/div>\n\t\t\t\t<\/div>\n\t\t\t\t<\/div>\n\t\t<div class=\"elementor-element elementor-element-f1d3d8d e-con-full e-flex e-con e-child\" data-id=\"f1d3d8d\" data-element_type=\"container\">\n\t\t<div class=\"elementor-element elementor-element-107a9fd e-con-full e-flex e-con e-child\" data-id=\"107a9fd\" data-element_type=\"container\" data-settings=\"{&quot;background_background&quot;:&quot;classic&quot;}\">\n\t\t\t\t<div class=\"elementor-element elementor-element-5ff7b66 elementor-widget elementor-widget-image\" data-id=\"5ff7b66\" data-element_type=\"widget\" data-widget_type=\"image.default\">\n\t\t\t\t<div class=\"elementor-widget-container\">\n\t\t\t\t\t\t\t\t\t\t\t\t\t\t\t\t<a href=\"https:\/\/klinikbedarf-sport.de\/tr\/sport\/\">\n\t\t\t\t\t\t\t<img decoding=\"async\" width=\"1024\" height=\"1024\" src=\"https:\/\/klinikbedarf-sport.de\/wp-content\/uploads\/2025\/02\/C\u2560gal\u2500\u2592s\u2560gma-Yu\u2560ezeyi-1-1024x1024.png\" class=\"attachment-large size-large wp-image-1880\" alt=\"\" srcset=\"\" sizes=\"(max-width: 1024px) 100vw, 1024px\" data-srcset=\"\" \/>\t\t\t\t\t\t\t\t<\/a>\n\t\t\t\t\t\t\t\t\t\t\t\t\t\t\t<\/div>\n\t\t\t\t<\/div>\n\t\t\t\t<div class=\"elementor-element elementor-element-692d204 elementor-widget elementor-widget-heading\" data-id=\"692d204\" data-element_type=\"widget\" data-widget_type=\"heading.default\">\n\t\t\t\t<div class=\"elementor-widget-container\">\n\t\t\t\t\t<h2 class=\"elementor-heading-title elementor-size-default\"><a href=\"https:\/\/klinikbedarf-sport.de\/tr\/sport\/\">\nSpor ve Sa\u011fl\u0131k<\/a><\/h2>\t\t\t\t<\/div>\n\t\t\t\t<\/div>\n\t\t\t\t<\/div>\n\t\t\t\t<\/div>\n\t\t<div class=\"elementor-element elementor-element-4623c2e e-con-full e-flex e-con e-child\" data-id=\"4623c2e\" data-element_type=\"container\">\n\t\t<div class=\"elementor-element elementor-element-31359ab e-con-full e-flex e-con e-child\" data-id=\"31359ab\" data-element_type=\"container\" data-settings=\"{&quot;background_background&quot;:&quot;classic&quot;}\">\n\t\t\t\t<div class=\"elementor-element elementor-element-5d224a8 elementor-widget elementor-widget-image\" data-id=\"5d224a8\" data-element_type=\"widget\" data-widget_type=\"image.default\">\n\t\t\t\t<div class=\"elementor-widget-container\">\n\t\t\t\t\t\t\t\t\t\t\t\t\t\t\t\t<a href=\"#\">\n\t\t\t\t\t\t\t<img decoding=\"async\" width=\"512\" height=\"512\" src=\"https:\/\/klinikbedarf-sport.de\/wp-content\/uploads\/2025\/01\/cropped-K-logo_Calisma-Yuezeyi-1.png\" class=\"attachment-large size-large wp-image-1449\" alt=\"\" srcset=\"https:\/\/klinikbedarf-sport.de\/wp-content\/uploads\/2025\/01\/cropped-K-logo_Calisma-Yuezeyi-1.png 512w, https:\/\/klinikbedarf-sport.de\/wp-content\/uploads\/2025\/01\/cropped-K-logo_Calisma-Yuezeyi-1-300x300.png 300w, https:\/\/klinikbedarf-sport.de\/wp-content\/uploads\/2025\/01\/cropped-K-logo_Calisma-Yuezeyi-1-150x150.png 150w, https:\/\/klinikbedarf-sport.de\/wp-content\/uploads\/2025\/01\/cropped-K-logo_Calisma-Yuezeyi-1-12x12.png 12w, https:\/\/klinikbedarf-sport.de\/wp-content\/uploads\/2025\/01\/cropped-K-logo_Calisma-Yuezeyi-1-270x270.png 270w, https:\/\/klinikbedarf-sport.de\/wp-content\/uploads\/2025\/01\/cropped-K-logo_Calisma-Yuezeyi-1-192x192.png 192w, https:\/\/klinikbedarf-sport.de\/wp-content\/uploads\/2025\/01\/cropped-K-logo_Calisma-Yuezeyi-1-180x180.png 180w, https:\/\/klinikbedarf-sport.de\/wp-content\/uploads\/2025\/01\/cropped-K-logo_Calisma-Yuezeyi-1-32x32.png 32w, https:\/\/klinikbedarf-sport.de\/wp-content\/uploads\/2025\/01\/cropped-K-logo_Calisma-Yuezeyi-1-34x34.png 34w, https:\/\/klinikbedarf-sport.de\/wp-content\/uploads\/2025\/01\/cropped-K-logo_Calisma-Yuezeyi-1-58x58.png 58w, https:\/\/klinikbedarf-sport.de\/wp-content\/uploads\/2025\/01\/cropped-K-logo_Calisma-Yuezeyi-1-340x340.png 340w\" sizes=\"(max-width: 512px) 100vw, 512px\" \/>\t\t\t\t\t\t\t\t<\/a>\n\t\t\t\t\t\t\t\t\t\t\t\t\t\t\t<\/div>\n\t\t\t\t<\/div>\n\t\t\t\t<div class=\"elementor-element elementor-element-f87933c elementor-widget elementor-widget-heading\" data-id=\"f87933c\" data-element_type=\"widget\" data-widget_type=\"heading.default\">\n\t\t\t\t<div class=\"elementor-widget-container\">\n\t\t\t\t\t<h2 class=\"elementor-heading-title elementor-size-default\"><a href=\"#\">Hastane malzemeleri<\/a><\/h2>\t\t\t\t<\/div>\n\t\t\t\t<\/div>\n\t\t\t\t<\/div>\n\t\t\t\t<\/div>\n\t\t<div class=\"elementor-element elementor-element-851b3a6 e-con-full e-flex e-con e-child\" data-id=\"851b3a6\" data-element_type=\"container\">\n\t\t<div class=\"elementor-element elementor-element-3d287c5 e-con-full e-flex e-con e-child\" data-id=\"3d287c5\" data-element_type=\"container\" data-settings=\"{&quot;background_background&quot;:&quot;classic&quot;}\">\n\t\t\t\t<div class=\"elementor-element elementor-element-da7479f elementor-widget elementor-widget-image\" data-id=\"da7479f\" data-element_type=\"widget\" data-widget_type=\"image.default\">\n\t\t\t\t<div class=\"elementor-widget-container\">\n\t\t\t\t\t\t\t\t\t\t\t\t\t\t\t\t<a href=\"https:\/\/klinikbedarf-sport.de\/tr\/reinigung\/\">\n\t\t\t\t\t\t\t<img loading=\"lazy\" decoding=\"async\" width=\"1024\" height=\"1024\" src=\"https:\/\/klinikbedarf-sport.de\/wp-content\/uploads\/2025\/02\/C\u2560gal\u2500\u2592s\u2560gma-Yu\u2560ezeyi-1-kopya-1024x1024.png\" class=\"attachment-large size-large wp-image-1881\" alt=\"\" srcset=\"\" sizes=\"(max-width: 1024px) 100vw, 1024px\" data-srcset=\"\" \/>\t\t\t\t\t\t\t\t<\/a>\n\t\t\t\t\t\t\t\t\t\t\t\t\t\t\t<\/div>\n\t\t\t\t<\/div>\n\t\t\t\t<div class=\"elementor-element elementor-element-13e537e elementor-widget elementor-widget-heading\" data-id=\"13e537e\" data-element_type=\"widget\" data-widget_type=\"heading.default\">\n\t\t\t\t<div class=\"elementor-widget-container\">\n\t\t\t\t\t<h2 class=\"elementor-heading-title elementor-size-default\"><a href=\"https:\/\/klinikbedarf-sport.de\/tr\/reinigung\/\">Temizlik<\/a><\/h2>\t\t\t\t<\/div>\n\t\t\t\t<\/div>\n\t\t\t\t<\/div>\n\t\t\t\t<\/div>\n\t\t<div class=\"elementor-element elementor-element-e3aa216 e-con-full e-flex e-con e-child\" data-id=\"e3aa216\" data-element_type=\"container\">\n\t\t<div class=\"elementor-element elementor-element-f61ed2e e-con-full e-flex e-con e-child\" data-id=\"f61ed2e\" data-element_type=\"container\" data-settings=\"{&quot;background_background&quot;:&quot;classic&quot;}\">\n\t\t\t\t<div class=\"elementor-element elementor-element-2afd0ed elementor-widget elementor-widget-image\" data-id=\"2afd0ed\" data-element_type=\"widget\" data-widget_type=\"image.default\">\n\t\t\t\t<div class=\"elementor-widget-container\">\n\t\t\t\t\t\t\t\t\t\t\t\t\t\t\t\t<a href=\"https:\/\/klinikbedarf-sport.de\/tr\/tiere\/\">\n\t\t\t\t\t\t\t<img loading=\"lazy\" decoding=\"async\" width=\"1024\" height=\"1024\" src=\"https:\/\/klinikbedarf-sport.de\/wp-content\/uploads\/2025\/02\/C\u2560gal\u2500\u2592s\u2560gma-Yu\u2560ezeyi-1-kopya-2-1024x1024.png\" class=\"attachment-large size-large wp-image-1882\" alt=\"\" srcset=\"\" sizes=\"(max-width: 1024px) 100vw, 1024px\" data-srcset=\"\" \/>\t\t\t\t\t\t\t\t<\/a>\n\t\t\t\t\t\t\t\t\t\t\t\t\t\t\t<\/div>\n\t\t\t\t<\/div>\n\t\t\t\t<div class=\"elementor-element elementor-element-6a5f7e0 elementor-widget elementor-widget-heading\" data-id=\"6a5f7e0\" data-element_type=\"widget\" data-widget_type=\"heading.default\">\n\t\t\t\t<div class=\"elementor-widget-container\">\n\t\t\t\t\t<h2 class=\"elementor-heading-title elementor-size-default\"><a href=\"https:\/\/klinikbedarf-sport.de\/tr\/tiere\/\">Hayvanlar<\/a><\/h2>\t\t\t\t<\/div>\n\t\t\t\t<\/div>\n\t\t\t\t<\/div>\n\t\t\t\t<\/div>\n\t\t<div class=\"elementor-element elementor-element-e896fd7 e-con-full e-flex e-con e-child\" data-id=\"e896fd7\" data-element_type=\"container\">\n\t\t<div class=\"elementor-element elementor-element-32d8646 e-con-full e-flex e-con e-child\" data-id=\"32d8646\" data-element_type=\"container\" data-settings=\"{&quot;background_background&quot;:&quot;classic&quot;}\">\n\t\t\t\t<div class=\"elementor-element elementor-element-3b41f7f elementor-widget elementor-widget-image\" data-id=\"3b41f7f\" data-element_type=\"widget\" data-widget_type=\"image.default\">\n\t\t\t\t<div class=\"elementor-widget-container\">\n\t\t\t\t\t\t\t\t\t\t\t\t\t\t\t<img loading=\"lazy\" decoding=\"async\" width=\"1024\" height=\"1024\" src=\"https:\/\/klinikbedarf-sport.de\/wp-content\/uploads\/2025\/02\/C\u2560gal\u2500\u2592s\u2560gma-Yu\u2560ezeyi-1-kopya-3-1024x1024.png\" class=\"attachment-large size-large wp-image-1883\" alt=\"\" srcset=\"\" sizes=\"(max-width: 1024px) 100vw, 1024px\" data-srcset=\"\" \/>\t\t\t\t\t\t\t\t\t\t\t\t\t\t\t<\/div>\n\t\t\t\t<\/div>\n\t\t\t\t<div class=\"elementor-element elementor-element-c981042 elementor-widget elementor-widget-heading\" data-id=\"c981042\" data-element_type=\"widget\" data-widget_type=\"heading.default\">\n\t\t\t\t<div class=\"elementor-widget-container\">\n\t\t\t\t\t<h2 class=\"elementor-heading-title elementor-size-default\"><a href=\"https:\/\/klinikbedarf-sport.de\/tr\/diverses\/\">\u00c7e\u015fitli ve \u00f6zel teklifler<\/a><\/h2>\t\t\t\t<\/div>\n\t\t\t\t<\/div>\n\t\t\t\t<\/div>\n\t\t\t\t<\/div>\n\t\t\t\t\t<\/div>\n\t\t\t\t<\/div>\n\t\t<div class=\"wd-negative-gap elementor-element elementor-element-e636450 e-flex e-con-boxed e-con e-parent\" data-id=\"e636450\" data-element_type=\"container\">\n\t\t\t\t\t<div class=\"e-con-inner\">\n\t\t\t\t<div class=\"elementor-element elementor-element-e550519 elementor-widget elementor-widget-spacer\" data-id=\"e550519\" data-element_type=\"widget\" data-widget_type=\"spacer.default\">\n\t\t\t\t<div class=\"elementor-widget-container\">\n\t\t\t\t\t\t\t<div class=\"elementor-spacer\">\n\t\t\t<div class=\"elementor-spacer-inner\"><\/div>\n\t\t<\/div>\n\t\t\t\t\t\t<\/div>\n\t\t\t\t<\/div>\n\t\t\t\t\t<\/div>\n\t\t\t\t<\/div>\n\t\t\t\t<\/div>","protected":false},"excerpt":{"rendered":"<p>Professionelle &amp; Zuverl\u00e4ssige Versorgung Ihr vertrauensw\u00fcrdiger Partner f\u00fcr Klinikbedarf, Babynahrung, Sportartikel und mehr! \u00a0 Zu unserer neuen Marke &#8222;BABYMILL&#8220; Babynahrung<\/p>","protected":false},"author":1,"featured_media":0,"parent":0,"menu_order":0,"comment_status":"closed","ping_status":"closed","template":"elementor_header_footer","meta":{"footnotes":""},"class_list":["post-1885","page","type-page","status-publish","hentry"],"_links":{"self":[{"href":"https:\/\/klinikbedarf-sport.de\/tr\/wp-json\/wp\/v2\/pages\/1885","targetHints":{"allow":["GET"]}}],"collection":[{"href":"https:\/\/klinikbedarf-sport.de\/tr\/wp-json\/wp\/v2\/pages"}],"about":[{"href":"https:\/\/klinikbedarf-sport.de\/tr\/wp-json\/wp\/v2\/types\/page"}],"author":[{"embeddable":true,"href":"https:\/\/klinikbedarf-sport.de\/tr\/wp-json\/wp\/v2\/users\/1"}],"replies":[{"embeddable":true,"href":"https:\/\/klinikbedarf-sport.de\/tr\/wp-json\/wp\/v2\/comments?post=1885"}],"version-history":[{"count":121,"href":"https:\/\/klinikbedarf-sport.de\/tr\/wp-json\/wp\/v2\/pages\/1885\/revisions"}],"predecessor-version":[{"id":2454,"href":"https:\/\/klinikbedarf-sport.de\/tr\/wp-json\/wp\/v2\/pages\/1885\/revisions\/2454"}],"wp:attachment":[{"href":"https:\/\/klinikbedarf-sport.de\/tr\/wp-json\/wp\/v2\/media?parent=1885"}],"curies":[{"name":"wp","href":"https:\/\/api.w.org\/{rel}","templated":true}]}}