{"id":1584,"date":"2025-02-06T13:20:03","date_gmt":"2025-02-06T13:20:03","guid":{"rendered":"https:\/\/klinikbedarf-sport.de\/versandarten\/"},"modified":"2025-03-11T14:26:26","modified_gmt":"2025-03-11T14:26:26","slug":"versandarten","status":"publish","type":"page","link":"https:\/\/klinikbedarf-sport.de\/tr\/versandarten\/","title":{"rendered":"Nakliye y\u00f6ntemleri"},"content":{"rendered":"<div data-elementor-type=\"wp-page\" data-elementor-id=\"1584\" class=\"elementor elementor-1584\">\n\t\t\t\t<div class=\"wd-negative-gap elementor-element elementor-element-e8e1cec e-flex e-con-boxed e-con e-parent\" data-id=\"e8e1cec\" data-element_type=\"container\">\n\t\t\t\t\t<div class=\"e-con-inner\">\n\t\t<div class=\"elementor-element elementor-element-9af3007 e-con-full e-flex e-con e-child\" data-id=\"9af3007\" data-element_type=\"container\">\n\t\t\t\t<div class=\"elementor-element elementor-element-4f27c10 color-scheme-inherit text-left elementor-widget elementor-widget-text-editor\" data-id=\"4f27c10\" data-element_type=\"widget\" data-widget_type=\"text-editor.default\">\n\t\t\t\t<div class=\"elementor-widget-container\">\n\t\t\t\t\t\t\t\t\t<h2 class=\"p-rich_text_section\"><b data-stringify-type=\"bold\">\u00d6deme:<\/b><\/h2><p class=\"p-rich_text_section\">Biz teklif ediyoruz <b data-stringify-type=\"bold\">\u00d6n \u00d6deme<\/b>\u00a0bir \u00f6deme y\u00f6ntemi olarak. Sipari\u015f, \u00f6deme al\u0131nd\u0131ktan sonra i\u015fleme al\u0131nacakt\u0131r.<br \/><br \/><\/p><h2 class=\"p-rich_text_section\"><b data-stringify-type=\"bold\">Nakliye:<\/b><\/h2><ul class=\"p-rich_text_list p-rich_text_list__bullet p-rich_text_list--nested\" data-stringify-type=\"unordered-list\" data-list-tree=\"true\" data-indent=\"0\" data-border=\"0\"><li data-stringify-indent=\"0\" data-stringify-border=\"0\"><b data-stringify-type=\"bold\">Nakliye s\u00fcresi:<\/b>\u00a0\u00d6deme al\u0131nd\u0131ktan sonra, Avrupa i\u00e7inde teslimat s\u00fcresi\u00a0<b data-stringify-type=\"bold\">10-15 g\u00fcn<\/b>.<\/li><li data-stringify-indent=\"0\" data-stringify-border=\"0\"><b data-stringify-type=\"bold\">Eski i\u015f:<\/b>\u00a0Talep \u00fczerine teslimat organize edilebilir veya mallar do\u011frudan teslim al\u0131nabilir. Sipari\u015finizi ald\u0131ktan sonra daha fazla bilgi alacaks\u0131n\u0131z.<\/li><\/ul><p><!-- \/wp:list-item --><\/p>\t\t\t\t\t\t\t\t<\/div>\n\t\t\t\t<\/div>\n\t\t\t\t<\/div>\n\t\t<div class=\"elementor-element elementor-element-f68cc50 e-con-full e-flex e-con e-child\" data-id=\"f68cc50\" data-element_type=\"container\">\n\t\t\t\t<div class=\"elementor-element elementor-element-4a72795 elementor-widget elementor-widget-image\" data-id=\"4a72795\" data-element_type=\"widget\" data-widget_type=\"image.default\">\n\t\t\t\t<div class=\"elementor-widget-container\">\n\t\t\t\t\t\t\t\t\t\t\t\t\t\t\t<img fetchpriority=\"high\" decoding=\"async\" width=\"1024\" height=\"681\" src=\"https:\/\/klinikbedarf-sport.de\/wp-content\/uploads\/2025\/03\/medium-shot-delivery-man-talking-phone-min-1024x681.jpg\" class=\"attachment-large size-large wp-image-2341\" alt=\"\" srcset=\"https:\/\/klinikbedarf-sport.de\/wp-content\/uploads\/2025\/03\/medium-shot-delivery-man-talking-phone-min-1024x681.jpg 1024w, https:\/\/klinikbedarf-sport.de\/wp-content\/uploads\/2025\/03\/medium-shot-delivery-man-talking-phone-min-300x200.jpg 300w, https:\/\/klinikbedarf-sport.de\/wp-content\/uploads\/2025\/03\/medium-shot-delivery-man-talking-phone-min-768x511.jpg 768w, https:\/\/klinikbedarf-sport.de\/wp-content\/uploads\/2025\/03\/medium-shot-delivery-man-talking-phone-min-1536x1022.jpg 1536w, https:\/\/klinikbedarf-sport.de\/wp-content\/uploads\/2025\/03\/medium-shot-delivery-man-talking-phone-min-2048x1363.jpg 2048w, https:\/\/klinikbedarf-sport.de\/wp-content\/uploads\/2025\/03\/medium-shot-delivery-man-talking-phone-min-18x12.jpg 18w, https:\/\/klinikbedarf-sport.de\/wp-content\/uploads\/2025\/03\/medium-shot-delivery-man-talking-phone-min-1200x798.jpg 1200w, https:\/\/klinikbedarf-sport.de\/wp-content\/uploads\/2025\/03\/medium-shot-delivery-man-talking-phone-min-150x100.jpg 150w\" sizes=\"(max-width: 1024px) 100vw, 1024px\" \/>\t\t\t\t\t\t\t\t\t\t\t\t\t\t\t<\/div>\n\t\t\t\t<\/div>\n\t\t\t\t<\/div>\n\t\t\t\t\t<\/div>\n\t\t\t\t<\/div>\n\t\t\t\t<\/div>","protected":false},"excerpt":{"rendered":"<p>Zahlung: Wir bieten Vorkasse\u00a0als Zahlungsmethode an. Die Bearbeitung der Bestellung erfolgt nach Zahlungseingang. Versand: Versanddauer:\u00a0Nach Zahlungseingang betr\u00e4gt die Lieferzeit innerhalb<\/p>","protected":false},"author":1,"featured_media":0,"parent":0,"menu_order":0,"comment_status":"closed","ping_status":"closed","template":"","meta":{"footnotes":""},"class_list":["post-1584","page","type-page","status-publish","hentry"],"_links":{"self":[{"href":"https:\/\/klinikbedarf-sport.de\/tr\/wp-json\/wp\/v2\/pages\/1584","targetHints":{"allow":["GET"]}}],"collection":[{"href":"https:\/\/klinikbedarf-sport.de\/tr\/wp-json\/wp\/v2\/pages"}],"about":[{"href":"https:\/\/klinikbedarf-sport.de\/tr\/wp-json\/wp\/v2\/types\/page"}],"author":[{"embeddable":true,"href":"https:\/\/klinikbedarf-sport.de\/tr\/wp-json\/wp\/v2\/users\/1"}],"replies":[{"embeddable":true,"href":"https:\/\/klinikbedarf-sport.de\/tr\/wp-json\/wp\/v2\/comments?post=1584"}],"version-history":[{"count":15,"href":"https:\/\/klinikbedarf-sport.de\/tr\/wp-json\/wp\/v2\/pages\/1584\/revisions"}],"predecessor-version":[{"id":2350,"href":"https:\/\/klinikbedarf-sport.de\/tr\/wp-json\/wp\/v2\/pages\/1584\/revisions\/2350"}],"wp:attachment":[{"href":"https:\/\/klinikbedarf-sport.de\/tr\/wp-json\/wp\/v2\/media?parent=1584"}],"curies":[{"name":"wp","href":"https:\/\/api.w.org\/{rel}","templated":true}]}}