{"id":1582,"date":"2025-02-06T13:20:03","date_gmt":"2025-02-06T13:20:03","guid":{"rendered":"https:\/\/klinikbedarf-sport.de\/agb\/"},"modified":"2025-03-03T10:05:44","modified_gmt":"2025-03-03T10:05:44","slug":"agb","status":"publish","type":"page","link":"https:\/\/klinikbedarf-sport.de\/tr\/agb\/","title":{"rendered":"GTC"},"content":{"rendered":"<div data-elementor-type=\"wp-page\" data-elementor-id=\"1582\" class=\"elementor elementor-1582\">\n\t\t\t\t<div class=\"wd-negative-gap elementor-element elementor-element-3f6cdb1 e-flex e-con-boxed e-con e-parent\" data-id=\"3f6cdb1\" data-element_type=\"container\">\n\t\t\t\t\t<div class=\"e-con-inner\">\n\t\t\t\t<div class=\"elementor-element elementor-element-f9b0056 color-scheme-inherit text-left elementor-widget elementor-widget-text-editor\" data-id=\"f9b0056\" data-element_type=\"widget\" data-widget_type=\"text-editor.default\">\n\t\t\t\t<div class=\"elementor-widget-container\">\n\t\t\t\t\t\t\t\t\t<ul><li><ul><li><strong> 1 UYGULANABI\u0307LI\u0307RLI\u0307K, TERI\u0307MLERI\u0307N TANIMI<\/strong><\/li><\/ul><p>(1) Klinikbedarf-Sport, Raawisch 36a, 22043 Hamburg, Almanya (bundan b\u00f6yle: \"biz\" veya klinikbedarf-sport.de) web sitesi alt\u0131nda faaliyet g\u00f6stermektedir\u00a0<strong><u>www.klinikbedarf-sport.de<\/u><\/strong> mallar i\u00e7in bir \u00e7evrimi\u00e7i ma\u011faza.<\/p><p>A\u015fa\u011f\u0131daki genel h\u00fck\u00fcm ve ko\u015fullar, aksi a\u00e7\u0131k\u00e7a kararla\u015ft\u0131r\u0131lmad\u0131k\u00e7a, sipari\u015f s\u0131ras\u0131nda ge\u00e7erli olan versiyonda bizimle m\u00fc\u015fterilerimiz (bundan b\u00f6yle \"m\u00fc\u015fteri\" veya \"siz\" olarak an\u0131lacakt\u0131r) aras\u0131ndaki t\u00fcm hizmetler i\u00e7in ge\u00e7erlidir.<\/p><p>(2) Bu H\u00fck\u00fcm ve Ko\u015fullar kapsam\u0131nda \"T\u00fcketici\", a\u011f\u0131rl\u0131kl\u0131 olarak ticareti, i\u015fi veya mesle\u011fi d\u0131\u015f\u0131ndaki ama\u00e7larla yasal bir i\u015flem yapan herhangi bir ger\u00e7ek ki\u015fidir. \"Giri\u015fimci\", hukuki bir i\u015flem ger\u00e7ekle\u015ftirirken ticari veya ba\u011f\u0131ms\u0131z mesleki faaliyetini icra eden ger\u00e7ek veya t\u00fczel ki\u015fi ya da hukuki ehliyete sahip ortakl\u0131kt\u0131r; hukuki ehliyete sahip ortakl\u0131k, hak edinme ve y\u00fck\u00fcml\u00fcl\u00fck alt\u0131na girme ehliyetine sahip ortakl\u0131kt\u0131r.<\/p><ul><li><strong> 2 S\u00d6ZLE\u015eMELERIN AKDEDILMESI, S\u00d6ZLE\u015eME METNININ SAKLANMASI<\/strong><\/li><\/ul><p>(1) S\u00f6zle\u015fmelerin imzalanmas\u0131na ili\u015fkin a\u015fa\u011f\u0131daki h\u00fck\u00fcmler, \u015fu adresteki \u00e7evrimi\u00e7i ma\u011fazam\u0131z \u00fczerinden verilen sipari\u015fler i\u00e7in ge\u00e7erlidir\u00a0<strong><u>www.klinikbedarf-sport.de<\/u><\/strong><\/p><p>(2) \u0130nternetteki \u00fcr\u00fcn sunumlar\u0131m\u0131z ba\u011flay\u0131c\u0131 de\u011fildir ve bir s\u00f6zle\u015fme yapmak i\u00e7in ba\u011flay\u0131c\u0131 bir teklif de\u011fildir.<\/p><p>(3) Online ma\u011fazam\u0131zda bir sipari\u015fin al\u0131nmas\u0131 \u00fczerine a\u015fa\u011f\u0131daki d\u00fczenlemeler ge\u00e7erlidir: M\u00fc\u015fteri, \u00e7evrimi\u00e7i ma\u011fazam\u0131zda sa\u011flanan sipari\u015f prosed\u00fcr\u00fcn\u00fc ba\u015far\u0131yla tamamlayarak ba\u011flay\u0131c\u0131 bir s\u00f6zle\u015fme teklifi sunar. Sipari\u015f a\u015fa\u011f\u0131daki ad\u0131mlarla verilir:<\/p><p>1. \u0130stenen mallar\u0131n se\u00e7imi,<\/p><p>2. \u0130lgili d\u00fc\u011fmeye t\u0131klayarak \u00fcr\u00fcnleri ekleyin (\u00f6rne\u011fin, \"Al\u0131\u015fveri\u015f sepetine ekle\", \"Al\u0131\u015fveri\u015f \u00e7antas\u0131na ekle\" veya benzeri),<\/p><p>3. Al\u0131\u015fveri\u015f sepetindeki ayr\u0131nt\u0131lar\u0131 kontrol edin,<\/p><p>4. \u0130lgili d\u00fc\u011fmeye t\u0131klayarak sipari\u015f genel g\u00f6r\u00fcn\u00fcm\u00fcn\u00fc \u00e7a\u011f\u0131r\u0131n (\u00f6rne\u011fin, \"\u00d6deme i\u015flemine devam et\", \"\u00d6demeye devam et\", \"Sipari\u015f genel g\u00f6r\u00fcn\u00fcm\u00fcne\" veya benzeri),<\/p><p>5. Adres ve ileti\u015fim bilgilerinin girilmesi\/do\u011frulanmas\u0131, \u00f6deme y\u00f6nteminin se\u00e7ilmesi, G\u015eK ve iptal politikas\u0131n\u0131n onaylanmas\u0131,<\/p><p>6. \"\u015eimdi sat\u0131n al\" d\u00fc\u011fmesine t\u0131klayarak sipari\u015fin tamamlanmas\u0131. Bu, ba\u011flay\u0131c\u0131 sipari\u015finizi temsil eder.<\/p><p>7 Verdi\u011finiz e-posta adresine \u00fc\u00e7 i\u015f g\u00fcn\u00fc i\u00e7inde bizden bir sipari\u015f onay\u0131 ald\u0131\u011f\u0131n\u0131zda s\u00f6zle\u015fme imzalanm\u0131\u015f olur.<\/p><p>(4) S\u00f6zle\u015fmenin akdedilmesi halinde, s\u00f6zle\u015fme Klinikbedarf-Sport, Raawisch 36a, 22043, Almanya ile akdedilir.<\/p><p>(5) Sipari\u015f vermeden \u00f6nce, taray\u0131c\u0131n\u0131n yazd\u0131rma i\u015flevi kullan\u0131larak s\u00f6zle\u015fme verilerinin \u00e7\u0131kt\u0131s\u0131 al\u0131nabilir veya elektronik olarak kaydedilebilir. Sipari\u015fin i\u015flenmesi ve s\u00f6zle\u015fmenin imzalanmas\u0131yla ba\u011flant\u0131l\u0131 olarak gerekli t\u00fcm bilgilerin, \u00f6zellikle sipari\u015f verilerinin, G\u015eK'nin ve iptal politikas\u0131n\u0131n iletilmesi, sipari\u015fi verdikten sonra e-posta yoluyla, baz\u0131 durumlarda otomatik olarak ger\u00e7ekle\u015ftirilir. S\u00f6zle\u015fme yap\u0131ld\u0131ktan sonra s\u00f6zle\u015fme metnini kaydetmiyoruz.<\/p><p>(6) Giri\u015f hatalar\u0131 ola\u011fan klavye, fare ve taray\u0131c\u0131 i\u015flevleri (\u00f6rne\u011fin taray\u0131c\u0131n\u0131n \"geri d\u00fc\u011fmesi\") kullan\u0131larak d\u00fczeltilebilir. Ayr\u0131ca sipari\u015f i\u015flemini zaman\u0131ndan \u00f6nce iptal ederek, taray\u0131c\u0131 penceresini kapatarak ve i\u015flemi tekrarlayarak da d\u00fczeltilebilirler.<\/p><p>(7) Sipari\u015fin i\u015flenmesi ve s\u00f6zle\u015fmenin imzalanmas\u0131yla ba\u011flant\u0131l\u0131 olarak gerekli t\u00fcm bilgilerin iletilmesi k\u0131smen e-posta yoluyla otomatikle\u015ftirilmi\u015ftir. Bu nedenle, bize verdi\u011finiz e-posta adresinin do\u011fru oldu\u011fundan, e-postalar\u0131n al\u0131nmas\u0131n\u0131n teknik olarak sa\u011fland\u0131\u011f\u0131ndan ve \u00f6zellikle SPAM filtreleri taraf\u0131ndan engellenmedi\u011finden emin olmal\u0131s\u0131n\u0131z.<\/p><ul><li><strong> 3 S\u00d6ZLE\u015eMENI\u0307N KONUSU VE \u00dcR\u00dcNLERI\u0307N TEMEL \u00d6ZELLI\u0307KLERI\u0307<\/strong><\/li><\/ul><p>(1) S\u00f6zle\u015fmenin konusu online ma\u011fazam\u0131zd\u0131r:<\/p><ol><li>Mallar\u0131n sat\u0131\u015f\u0131. Sunulan belirli \u00fcr\u00fcnler \u00fcr\u00fcn sayfalar\u0131m\u0131zda bulunabilir.<\/li><\/ol><p>(2) Mallar\u0131n temel \u00f6zellikleri \u00fcr\u00fcn a\u00e7\u0131klamas\u0131nda bulunabilir.<\/p><p>(3) Dijital \u00fcr\u00fcnlerin sat\u0131\u015f\u0131, \u00f6zellikle hedef ortam i\u00e7in donan\u0131m ve\/veya yaz\u0131l\u0131m gereksinimleri ile ilgili olarak, \u00fcr\u00fcn a\u00e7\u0131klamas\u0131ndan anla\u015f\u0131lan veya ko\u015fullardan kaynaklanan k\u0131s\u0131tlamalara tabi olacakt\u0131r. Aksi a\u00e7\u0131k\u00e7a kararla\u015ft\u0131r\u0131lmad\u0131k\u00e7a, s\u00f6zle\u015fmenin konusu, yeniden sat\u0131\u015f veya alt lisans hakk\u0131 olmaks\u0131z\u0131n \u00fcr\u00fcnlerin yaln\u0131zca \u00f6zel ve ticari kullan\u0131m\u0131d\u0131r.<\/p><ul><li><strong> 4 FIYATLAR, NAKLIYE \u00dcCRETLERI VE TESLIMAT<\/strong><\/li><\/ul><p>(1) \u0130lgili tekliflerde belirtilen fiyatlar toplam fiyatlard\u0131r ve ge\u00e7erli t\u00fcm vergiler dahil olmak \u00fczere t\u00fcm fiyat bile\u015fenlerini i\u00e7erir.<\/p><p>(2) \u0130lgili sat\u0131n alma fiyat\u0131, a\u00e7\u0131k\u00e7a hesapta sat\u0131n alma teklif etmedi\u011fimiz s\u00fcrece, \u00fcr\u00fcn teslim edilmeden \u00f6nce \u00f6denmelidir (pe\u015fin \u00f6deme). Kullanabilece\u011finiz \u00f6deme y\u00f6ntemleri, \u00e7evrimi\u00e7i ma\u011fazada veya ilgili teklifte uygun \u015fekilde etiketlenmi\u015f bir d\u00fc\u011fme alt\u0131nda g\u00f6sterilir. M\u00fcnferit \u00f6deme y\u00f6ntemleri i\u00e7in aksi belirtilmedik\u00e7e, \u00f6deme taleplerinin derhal \u00f6denmesi gerekir.<\/p><p>(3) Belirtilen fiyatlara ek olarak, ilgili \u00fcr\u00fcn nakliye masraflar\u0131ndan muaf olarak etiketlenmedi\u011fi s\u00fcrece, \u00fcr\u00fcnlerin teslimat\u0131 i\u00e7in nakliye masraflar\u0131 olu\u015fabilir. Nakliye masraflar\u0131, tekliflerde, varsa al\u0131\u015fveri\u015f sepeti sisteminde ve sipari\u015f genel g\u00f6r\u00fcn\u00fcm\u00fcnde size tekrar a\u00e7\u0131k\u00e7a bildirilecektir. Buradaki istisna, aksi kararla\u015ft\u0131r\u0131lmad\u0131k\u00e7a EX Work'\u00fcn her zaman ge\u00e7erli oldu\u011fu bebek mamas\u0131d\u0131r. Ancak talep \u00fczerine, mallar taraf\u0131m\u0131zdan ta\u015f\u0131nabilir ve bunun i\u00e7in ekstra \u00fccret talep edilir.<\/p><p>(4) \u00dcr\u00fcn a\u00e7\u0131klamas\u0131nda aksi a\u00e7\u0131k\u00e7a belirtilmedi\u011fi s\u00fcrece, sunulan t\u00fcm \u00fcr\u00fcnler hemen g\u00f6nderilmeye haz\u0131rd\u0131r (teslimat s\u00fcresi: \u00f6demenin al\u0131nmas\u0131ndan sonra 5-6 i\u015f g\u00fcn\u00fc).<\/p><p>Bu, mallar sipari\u015f edildikten sonra her zaman taze olarak \u00fcretilen bebek mamalar\u0131 i\u00e7in ge\u00e7erli de\u011fildir (stokta mal yoktur).<\/p><p>(5) A\u015fa\u011f\u0131daki teslimat alan\u0131 k\u0131s\u0131tlamalar\u0131 ge\u00e7erlidir: Teslimat a\u015fa\u011f\u0131daki \u00fclkelere yap\u0131l\u0131r: d\u00fcnya \u00e7ap\u0131nda<\/p><ul><li><strong> 5 ALIKOYMA HAKKI, M\u00dcLKIYETIN SAKLI TUTULMASI<\/strong><\/li><\/ul><p>(1) Bir al\u0131koyma hakk\u0131n\u0131 yaln\u0131zca ayn\u0131 s\u00f6zle\u015fme ili\u015fkisinden kaynaklanan taleplerle ilgili oldu\u011fu s\u00fcrece kullanabilirsiniz.<\/p><p>(2) Mallar, sat\u0131n alma bedelinin tamam\u0131 \u00f6denene kadar bizim m\u00fclkiyetimizde kalacakt\u0131r.<\/p><ul><li><strong> 6 \u0130PTAL HAKKI<\/strong><\/li><\/ul><p>Bir t\u00fcketici olarak iptal hakk\u0131n\u0131z bulunmaktad\u0131r. Bu, bizim\u00a0<a href=\"https:\/\/www.naturafit.de\/widerrufsbelehrung\/\">\u0130ptal politikas\u0131<\/a>.<\/p><p><strong><u>Dikkat:<\/u><\/strong> bebek mamalar\u0131 i\u00e7in ge\u00e7erli de\u011fildir<\/p><ul><li><strong> 7 SORUMLULUK<\/strong><\/li><\/ul><p>(1) A\u015fa\u011f\u0131daki istisnalara tabi olarak, s\u00f6zle\u015fmeye dayal\u0131 g\u00f6rev ihlalleri ve yetkisiz eylemler i\u00e7in sorumlulu\u011fumuz kas\u0131t veya a\u011f\u0131r ihmal ile s\u0131n\u0131rl\u0131d\u0131r.<\/p><p>(2) Hafif ihmal nedeniyle cana, uzuvlara veya sa\u011fl\u0131\u011fa zarar gelmesi veya s\u00f6zle\u015fmeden do\u011fan \u00f6nemli bir y\u00fck\u00fcml\u00fcl\u00fc\u011f\u00fcn ihlali durumunda herhangi bir s\u0131n\u0131rlama olmaks\u0131z\u0131n sorumlu olaca\u011f\u0131z. Hafif ihmal nedeniyle ifada temerr\u00fcde d\u00fc\u015fersek, ifa imkans\u0131z hale gelirse veya \u00f6nemli bir s\u00f6zle\u015fme y\u00fck\u00fcml\u00fcl\u00fc\u011f\u00fcn\u00fc ihlal edersek, bundan kaynaklanan maddi hasar ve mali kay\u0131p i\u00e7in sorumluluk, hasar miktar\u0131yla s\u0131n\u0131rl\u0131 olacakt\u0131r.\u00a0<strong>s\u00f6zle\u015fme i\u00e7in tipik olan \u00f6ng\u00f6r\u00fclebilir zarar<\/strong>\u00a0s\u0131n\u0131rl\u0131d\u0131r. S\u00f6zle\u015fmeden do\u011fan \u00f6nemli bir y\u00fck\u00fcml\u00fcl\u00fck, yerine getirilmesi s\u00f6zle\u015fmenin d\u00fczg\u00fcn bir \u015fekilde ifa edilmesi i\u00e7in gerekli olan, ihlali s\u00f6zle\u015fmenin amac\u0131na ula\u015fmas\u0131n\u0131 tehlikeye atan ve yerine getirilmesine d\u00fczenli olarak g\u00fcvenebilece\u011finiz bir y\u00fck\u00fcml\u00fcl\u00fckt\u00fcr. Bu, \u00f6zellikle \u00a7 3'te a\u00e7\u0131klanan harekete ge\u00e7me ve s\u00f6zle\u015fmeye ba\u011fl\u0131 olarak bor\u00e7lu olunan hizmeti yerine getirme y\u00fck\u00fcml\u00fcl\u00fc\u011f\u00fcm\u00fcz\u00fc i\u00e7erir.<\/p><ul><li><strong> 8 S\u00d6ZLE\u015eME DI\u0307LI\u0307<\/strong><\/li><\/ul><p>S\u00f6zle\u015fme dili yaln\u0131zca Almancad\u0131r.<\/p><ul><li><strong> 9 GARANT\u0130<\/strong><\/li><\/ul><p>(1) Garanti, yasal h\u00fck\u00fcmlere tabi olacakt\u0131r.<\/p><p>(2) Bir t\u00fcketici olarak, s\u00f6zle\u015fmenin yerine getirilmesinin hemen ard\u0131ndan \u00fcr\u00fcn\u00fc\/dijital mallar\u0131 veya sa\u011flanan hizmeti eksiksizlik, bariz kusurlar ve nakliye hasar\u0131 a\u00e7\u0131s\u0131ndan kontrol etmeniz ve herhangi bir \u015fikayeti m\u00fcmk\u00fcn olan en k\u0131sa s\u00fcrede bize ve ta\u015f\u0131y\u0131c\u0131ya bildirmeniz istenir. Bunu yapmaman\u0131z halinde, bunun yasal garanti talepleriniz \u00fczerinde elbette hi\u00e7bir etkisi olmayacakt\u0131r.<\/p><ul><li><strong> 10 NI\u0307HAI\u0307 H\u00dcK\u00dcMLER\/ANLA\u015eMAZLIKLARIN \u00c7\u00d6Z\u00dcM\u00dc<\/strong><\/li><\/ul><p>(1) Alman hukuku uygulanacakt\u0131r. T\u00fcketiciler s\u00f6z konusu oldu\u011funda, bu hukuk se\u00e7imi yaln\u0131zca t\u00fcketicinin mutat ikametgah\u0131n\u0131n bulundu\u011fu devletin hukukunun emredici h\u00fck\u00fcmleri taraf\u0131ndan sa\u011flanan koruma geri \u00e7ekilmedi\u011fi s\u00fcrece ge\u00e7erli olacakt\u0131r (lehte olma ilkesi).<\/p><p>(2) Milletleraras\u0131 Mal Sat\u0131m\u0131na \u0130li\u015fkin S\u00f6zle\u015fmeler Hakk\u0131nda BM Antla\u015fmas\u0131 h\u00fck\u00fcmleri a\u00e7\u0131k\u00e7a uygulanmayacakt\u0131r.<\/p><p>(3) M\u00fc\u015fterinin bir tacir, kamu hukukuna tabi bir t\u00fczel ki\u015fi veya kamu hukukuna tabi \u00f6zel bir fon olmas\u0131 halinde, m\u00fc\u015fteri ile sa\u011flay\u0131c\u0131 aras\u0131ndaki s\u00f6zle\u015fmeye dayal\u0131 ili\u015fkilerden do\u011fan t\u00fcm uyu\u015fmazl\u0131klar i\u00e7in yarg\u0131 yeri sa\u011flay\u0131c\u0131n\u0131n kay\u0131tl\u0131 ofisidir.<\/p><p>(4) Avrupa Komisyonu, \u00e7evrimi\u00e7i uyu\u015fmazl\u0131k \u00e7\u00f6z\u00fcm\u00fc (OS) i\u00e7in \u015fu adresten eri\u015febilece\u011finiz bir platform sa\u011flar\u00a0<a href=\"https:\/\/ec.europa.eu\/consumers\/odr\">https:\/\/ec.europa.eu\/consumers\/odr<\/a>\u00a0bulun. Bir t\u00fcketici hakem heyeti nezdindeki uyu\u015fmazl\u0131k \u00e7\u00f6z\u00fcm i\u015flemlerine kat\u0131lmaya istekli veya mecbur de\u011filiz.<\/p><p>\u00a0<\/p><p>\u00a0<\/p><p><strong>Yarg\u0131 yeri Almanya\/Hamburg'dur <\/strong><\/p><\/li><\/ul>\t\t\t\t\t\t\t\t<\/div>\n\t\t\t\t<\/div>\n\t\t\t\t\t<\/div>\n\t\t\t\t<\/div>\n\t\t\t\t<\/div>","protected":false},"excerpt":{"rendered":"<p>1 GELTUNG, BEGRIFFSDEFINITIONEN (1) Klinikbedarf-Sport, Raawisch 36a, 22043 Hamburg, Deutschland (im Folgenden: \u201ewir\u201c oder klinikbedarf-sport.de) betreibt unter der Webseite\u00a0www.klinikbedarf-sport.de einen<\/p>","protected":false},"author":1,"featured_media":0,"parent":0,"menu_order":0,"comment_status":"closed","ping_status":"closed","template":"elementor_header_footer","meta":{"footnotes":""},"class_list":["post-1582","page","type-page","status-publish","hentry"],"_links":{"self":[{"href":"https:\/\/klinikbedarf-sport.de\/tr\/wp-json\/wp\/v2\/pages\/1582","targetHints":{"allow":["GET"]}}],"collection":[{"href":"https:\/\/klinikbedarf-sport.de\/tr\/wp-json\/wp\/v2\/pages"}],"about":[{"href":"https:\/\/klinikbedarf-sport.de\/tr\/wp-json\/wp\/v2\/types\/page"}],"author":[{"embeddable":true,"href":"https:\/\/klinikbedarf-sport.de\/tr\/wp-json\/wp\/v2\/users\/1"}],"replies":[{"embeddable":true,"href":"https:\/\/klinikbedarf-sport.de\/tr\/wp-json\/wp\/v2\/comments?post=1582"}],"version-history":[{"count":3,"href":"https:\/\/klinikbedarf-sport.de\/tr\/wp-json\/wp\/v2\/pages\/1582\/revisions"}],"predecessor-version":[{"id":2188,"href":"https:\/\/klinikbedarf-sport.de\/tr\/wp-json\/wp\/v2\/pages\/1582\/revisions\/2188"}],"wp:attachment":[{"href":"https:\/\/klinikbedarf-sport.de\/tr\/wp-json\/wp\/v2\/media?parent=1582"}],"curies":[{"name":"wp","href":"https:\/\/api.w.org\/{rel}","templated":true}]}}