{"id":1580,"date":"2025-02-06T13:20:03","date_gmt":"2025-02-06T13:20:03","guid":{"rendered":"https:\/\/klinikbedarf-sport.de\/impressum\/"},"modified":"2026-03-05T15:49:04","modified_gmt":"2026-03-05T15:49:04","slug":"impressum","status":"publish","type":"page","link":"https:\/\/klinikbedarf-sport.de\/tr\/impressum\/","title":{"rendered":"K\u00fcnye"},"content":{"rendered":"<p>Eva Andrea Clemens-Schinkel<br>\u00a0Hastane malzemeleri Spor Hamburg<br>\u00a0Raawisch 36a<br>\u00a022043 Hamburg<br>\u00a0Deutschland\u00a0Tel.: <a href=\"tel:494060795796\">+49 40 60795796<\/a><br>\u00a0Fax:+49 40 60795797<br>\u00a0E-Mail: <a href=\"mailto:klinikbedarfhamburg@icloud.com\">klinikbedarfhamburg@icloud.com<\/a><\/p><p>Sat\u0131\u015f vergisi kimlik numaras\u0131: DE321647952<\/p><p>&nbsp;G\u00f6rsel-i\u015fitsel medya hizmetlerinin sa\u011flanmas\u0131na ili\u015fkin yetkili denetim makam\u0131:<br>&nbsp;Medya Kurumu Hamburg\/Schleswig-Holstein, Rathausallee 72-76, 22846 Norderstedt, Almanya&nbsp;<\/p><p>AB Komisyonu'nun \u00e7evrimi\u00e7i uyu\u015fmazl\u0131k \u00e7\u00f6z\u00fcm\u00fc platformu:&nbsp;<a href=\"https:\/\/ec.europa.eu\/odr\" target=\"_blank\" rel=\"noreferrer noopener\">https:\/\/ec.europa.eu\/odr<\/a>&nbsp;<\/p><p>Bir t\u00fcketici hakem heyeti nezdindeki uyu\u015fmazl\u0131k \u00e7\u00f6z\u00fcm i\u015flemlerine kat\u0131lmakla ne y\u00fck\u00fcml\u00fcy\u00fcz ne de buna istekliyiz.<\/p>","protected":false},"excerpt":{"rendered":"<p>Eva Andrea Clemens-Schinkel\u00a0Klinikbedarf Sports Hamburg\u00a0Raawisch 36a\u00a022043 Hamburg\u00a0Deutschland\u00a0Tel.: +49 40 60795796\u00a0Fax:+49 40 60795797\u00a0E-Mail: klinikbedarfhamburg@icloud.com Umsatzsteuer-Identifikationsnummer: DE321647952 &nbsp;Zust\u00e4ndige Aufsichtsbeh\u00f6rde f\u00fcr das Angebot<\/p>","protected":false},"author":1,"featured_media":0,"parent":0,"menu_order":0,"comment_status":"closed","ping_status":"closed","template":"","meta":{"footnotes":""},"class_list":["post-1580","page","type-page","status-publish","hentry"],"_links":{"self":[{"href":"https:\/\/klinikbedarf-sport.de\/tr\/wp-json\/wp\/v2\/pages\/1580","targetHints":{"allow":["GET"]}}],"collection":[{"href":"https:\/\/klinikbedarf-sport.de\/tr\/wp-json\/wp\/v2\/pages"}],"about":[{"href":"https:\/\/klinikbedarf-sport.de\/tr\/wp-json\/wp\/v2\/types\/page"}],"author":[{"embeddable":true,"href":"https:\/\/klinikbedarf-sport.de\/tr\/wp-json\/wp\/v2\/users\/1"}],"replies":[{"embeddable":true,"href":"https:\/\/klinikbedarf-sport.de\/tr\/wp-json\/wp\/v2\/comments?post=1580"}],"version-history":[{"count":5,"href":"https:\/\/klinikbedarf-sport.de\/tr\/wp-json\/wp\/v2\/pages\/1580\/revisions"}],"predecessor-version":[{"id":2414,"href":"https:\/\/klinikbedarf-sport.de\/tr\/wp-json\/wp\/v2\/pages\/1580\/revisions\/2414"}],"wp:attachment":[{"href":"https:\/\/klinikbedarf-sport.de\/tr\/wp-json\/wp\/v2\/media?parent=1580"}],"curies":[{"name":"wp","href":"https:\/\/api.w.org\/{rel}","templated":true}]}}